{"id":977,"date":"2016-03-04T14:22:56","date_gmt":"2016-03-04T14:22:56","guid":{"rendered":"http:\/\/www.spielmobil-konz.de\/?post_type=product&#038;p=977"},"modified":"2025-03-13T15:22:16","modified_gmt":"2025-03-13T14:22:16","slug":"kinder-hochseilgarten-incl-betreuung","status":"publish","type":"product","link":"https:\/\/www.spielmobil-konz.de\/?product=kinder-hochseilgarten-incl-betreuung","title":{"rendered":"Mobiler Kinder-Hochseilgarten"},"content":{"rendered":"<table style=\"width: 750px;\">\n<tbody>\n<tr>\n<td style=\"width: 208.1px;\"><span style=\"font-size: 16px;\">Equipment:<\/span><\/td>\n<td style=\"width: 510.9px;\"><span style=\"font-size: 16px;\">\u00a0mobiler Kinderhochseilgarten<\/span><\/td>\n<\/tr>\n<tr>\n<td style=\"width: 208.1px; text-align: left;\"><span style=\"font-size: 16px;\">Gr\u00f6\u00dfe:<\/span><\/td>\n<td style=\"width: 510.9px;\"><span style=\"font-size: 16px;\">\u00a05 x 5 x 6 m<\/span><\/td>\n<\/tr>\n<tr>\n<td style=\"width: 208.1px;\"><span style=\"font-size: 16px;\">\u00a0<\/span><\/td>\n<td style=\"width: 510.9px;\"><span style=\"font-size: 16px;\">\u00a0Publikum Leitsystem<\/span><\/td>\n<\/tr>\n<tr>\n<td style=\"width: 208.1px;\"><span style=\"font-size: 16px;\">\u00a0<\/span><\/td>\n<td style=\"width: 510.9px;\"><span style=\"font-size: 16px;\">\u00a0Profipavillion<\/span><\/td>\n<\/tr>\n<tr>\n<td style=\"width: 208.1px;\"><span style=\"font-size: 16px;\">Platzbedarf:<\/span><\/td>\n<td style=\"width: 510.9px;\"><span style=\"font-size: 16px;\">\u00a07 x 9 x 7 m<\/span><\/td>\n<\/tr>\n<tr>\n<td style=\"width: 208.1px;\"><span style=\"font-size: 16px;\">Zielgruppe:<\/span><\/td>\n<td style=\"width: 510.9px;\"><span style=\"font-size: 16px;\">\u00a0Kinder\u00a0 ab\u00a06 Jahren und einer K\u00f6rpergr\u00f6\u00dfe von 1 m<\/span><\/td>\n<\/tr>\n<tr>\n<td style=\"width: 208.1px;\"><span style=\"font-size: 16px;\">Anzahl Nutzer:<\/span><\/td>\n<td style=\"width: 510.9px;\"><span style=\"font-size: 16px;\">\u00a04 Kinder gleichzeitig<\/span><\/td>\n<\/tr>\n<tr>\n<td style=\"width: 208.1px;\"><span style=\"font-size: 16px;\">Betreuung:<\/span><\/td>\n<td style=\"width: 510.9px;\"><span style=\"font-size: 16px;\">\u00a0mind.\u00a02 Betreuungsperson<\/span><\/td>\n<\/tr>\n<tr>\n<td style=\"width: 208.1px;\"><span style=\"font-size: 16px;\">Selbstbetreuung m\u00f6glich:<\/span><\/td>\n<td style=\"width: 510.9px;\"><span style=\"font-size: 16px;\">\u00a0nein<\/span><\/td>\n<\/tr>\n<tr>\n<td style=\"width: 208.1px;\"><span style=\"font-size: 16px;\">Transportumfang:<\/span><\/td>\n<td style=\"width: 510.9px;\"><span style=\"font-size: 16px;\">\u00a0Anh\u00e4ngeranlage<\/span><\/td>\n<\/tr>\n<tr>\n<td style=\"width: 208.1px;\"><span style=\"font-size: 16px;\">sonstige Serviceleistungen:<\/span><\/td>\n<td style=\"width: 510.9px;\"><span style=\"font-size: 16px;\">\u00a0nur im Fullservice buchbar<\/span><\/td>\n<\/tr>\n<tr>\n<td style=\"width: 208.1px;\"><span style=\"font-size: 16px;\">Strombedarf:<\/span><\/td>\n<td style=\"width: 510.9px;\"><span style=\"font-size: 16px;\">\u00a0nein<\/span><\/td>\n<\/tr>\n<tr>\n<td style=\"width: 208.1px;\"><span style=\"font-size: 16px;\">Wasserbedarf:<\/span><\/td>\n<td style=\"width: 510.9px;\"><span style=\"font-size: 16px;\">\u00a0nein<\/span><\/td>\n<\/tr>\n<\/tbody>\n<\/table>\n<p>&nbsp;<\/p>\n","protected":false},"excerpt":{"rendered":"<p><span style=\"font-size: 16px;\"><b>Adrenalin pur<\/b>&#8230; seine Grenzen kennen lernen und sie \u00fcberwinden!<\/span><\/p>\n<p><span style=\"font-size: 16px;\">Balancieren, klettern, hangeln und wackelige \u00dcberg\u00e4nge meistern, in unserem Kinder-Hochseilgarten ist Spannung, Nervenkitzel und viel Spa\u00df angesagt. Ein kindgerechter Hochseilgarten mit umlaufender Sicherungsleine, welche nicht ausgeh\u00e4ngt werden muss. <\/span><\/p>\n<p><span style=\"font-size: 16px;\">Unser Kinderhochseilgarten bietet die verschiedenste Hindernisse vom Kletternetz \u00fcber Balkenbr\u00fccke und Seilgang zur Auswahl. Die Eltern, als begeisterte Zuschauer k\u00f6nnen ihre Kinder w\u00e4hrend der Klettertour vom Bodenaus unterst\u00fctzen.<\/span><\/p>\n<p>&nbsp;<\/p>\n<p>&nbsp;<\/p>\n","protected":false},"featured_media":1014,"template":"","meta":[],"product_cat":[39,46,113,61,62,54,137],"product_tag":[40,74,75],"_links":{"self":[{"href":"https:\/\/www.spielmobil-konz.de\/index.php?rest_route=\/wp\/v2\/product\/977"}],"collection":[{"href":"https:\/\/www.spielmobil-konz.de\/index.php?rest_route=\/wp\/v2\/product"}],"about":[{"href":"https:\/\/www.spielmobil-konz.de\/index.php?rest_route=\/wp\/v2\/types\/product"}],"wp:featuredmedia":[{"embeddable":true,"href":"https:\/\/www.spielmobil-konz.de\/index.php?rest_route=\/wp\/v2\/media\/1014"}],"wp:attachment":[{"href":"https:\/\/www.spielmobil-konz.de\/index.php?rest_route=%2Fwp%2Fv2%2Fmedia&parent=977"}],"wp:term":[{"taxonomy":"product_cat","embeddable":true,"href":"https:\/\/www.spielmobil-konz.de\/index.php?rest_route=%2Fwp%2Fv2%2Fproduct_cat&post=977"},{"taxonomy":"product_tag","embeddable":true,"href":"https:\/\/www.spielmobil-konz.de\/index.php?rest_route=%2Fwp%2Fv2%2Fproduct_tag&post=977"}],"curies":[{"name":"wp","href":"https:\/\/api.w.org\/{rel}","templated":true}]}}