{"id":4067,"date":"2025-03-12T15:37:05","date_gmt":"2025-03-12T14:37:05","guid":{"rendered":"https:\/\/www.spielmobil-konz.de\/?post_type=product&#038;p=4067"},"modified":"2025-03-14T19:50:34","modified_gmt":"2025-03-14T18:50:34","slug":"interaktives-reaktionsspiel","status":"publish","type":"product","link":"https:\/\/www.spielmobil-konz.de\/?product=interaktives-reaktionsspiel","title":{"rendered":"Interaktives Reaktionsspiel"},"content":{"rendered":"","protected":false},"excerpt":{"rendered":"<h5><span style=\"font-size: 16px; color: #ff0000;\">Action, Spannung und Spa\u00df f\u00fcr alle!<\/span><\/h5>\n<p><span style=\"color: #000000;\">Unser neues interaktives Reaktionsspiel fordert Schnelligkeit, Reaktion und Koordination. Sobald der Countdown abl\u00e4uft und das Startsignal ert\u00f6nt, m\u00fcssen die farbigen LED-Lichtpads blitzschnell ber\u00fchrt werden, sobald die eigene Teamfarbe aufleuchtet. Der Punktestand wird auf einer Anzeigetafel live angezeigt \u2013 Spannung garantiert!<\/span><\/p>\n<h4 data-start=\"751\" data-end=\"807\"><strong data-start=\"755\" data-end=\"805\">Ideal f\u00fcr Events, Teambuilding &amp; Gewinnspiele!<\/strong><\/h4>\n<p data-start=\"808\" data-end=\"959\">Das intuitive und abwechslungsreiche Spiel begeistert Teilnehmer und Zuschauer gleicherma\u00dfen \u2013 perfekt f\u00fcr <strong data-start=\"915\" data-end=\"956\">Firmenfeiern, Messen oder Sportevents<\/strong>.<\/p>\n<p data-start=\"961\" data-end=\"1105\">Unser flexibles <strong data-start=\"977\" data-end=\"1017\">10-Spot-Modul mit Spielstandsanzeige<\/strong> l\u00e4sst sich individuell aufbauen. <strong data-start=\"1051\" data-end=\"1103\">Erleben Sie interaktive Action f\u00fcr Jung und Alt!<\/strong><\/p>\n<p>&nbsp;<\/p>\n","protected":false},"featured_media":4068,"template":"","meta":[],"product_cat":[140,136,122,38,39,46,113,60,62,112,54],"product_tag":[],"_links":{"self":[{"href":"https:\/\/www.spielmobil-konz.de\/index.php?rest_route=\/wp\/v2\/product\/4067"}],"collection":[{"href":"https:\/\/www.spielmobil-konz.de\/index.php?rest_route=\/wp\/v2\/product"}],"about":[{"href":"https:\/\/www.spielmobil-konz.de\/index.php?rest_route=\/wp\/v2\/types\/product"}],"wp:featuredmedia":[{"embeddable":true,"href":"https:\/\/www.spielmobil-konz.de\/index.php?rest_route=\/wp\/v2\/media\/4068"}],"wp:attachment":[{"href":"https:\/\/www.spielmobil-konz.de\/index.php?rest_route=%2Fwp%2Fv2%2Fmedia&parent=4067"}],"wp:term":[{"taxonomy":"product_cat","embeddable":true,"href":"https:\/\/www.spielmobil-konz.de\/index.php?rest_route=%2Fwp%2Fv2%2Fproduct_cat&post=4067"},{"taxonomy":"product_tag","embeddable":true,"href":"https:\/\/www.spielmobil-konz.de\/index.php?rest_route=%2Fwp%2Fv2%2Fproduct_tag&post=4067"}],"curies":[{"name":"wp","href":"https:\/\/api.w.org\/{rel}","templated":true}]}}