{"id":3862,"date":"2024-05-15T16:35:22","date_gmt":"2024-05-15T14:35:22","guid":{"rendered":"https:\/\/www.spielmobil-konz.de\/?post_type=product&#038;p=3862"},"modified":"2025-03-13T15:35:52","modified_gmt":"2025-03-13T14:35:52","slug":"nagelbalken-station","status":"publish","type":"product","link":"https:\/\/www.spielmobil-konz.de\/?product=nagelbalken-station","title":{"rendered":"Nagelbalken Station"},"content":{"rendered":"<table>\n<tbody>\n<tr>\n<td style=\"vertical-align: top;\">Equipment Set:<\/td>\n<td>2 Spannb\u00f6cke, neuer Nagelbalken, 2 H\u00e4mmer, <br \/>\nAblagetisch mit Umlaufhusse, ohne N\u00e4gel<\/td>\n<\/tr>\n<tr>\n<td>Platzbedarf:<\/td>\n<td>\u00a03 x 2 m<\/td>\n<\/tr>\n<tr>\n<td>Zielgruppe:<\/td>\n<td>\u00a010 &#8211; 99 Jahre<\/td>\n<\/tr>\n<tr>\n<td>&nbsp;<\/td>\n<td>&nbsp;<\/td>\n<\/tr>\n<tr>\n<td>Selbstbetreuung m\u00f6glich:<\/td>\n<td>\u00a0ja<\/td>\n<\/tr>\n<tr>\n<td>m\u00f6gliche Serviceleistungen:<\/td>\n<td>\u00a0Liefer-, Teil- und Fullservice<\/td>\n<\/tr>\n<\/tbody>\n<\/table>\n","protected":false},"excerpt":{"rendered":"<p>Unser Nagelhau-Wettbewerb an der Nagelstation fordert die Teilnehmer heraus, mit m\u00f6glichst wenigen Schl\u00e4gen den Nagel pr\u00e4zise in den Balken zu versenken. Das Mieten unserer Nagelbalkenstation bietet ein thematisches Themen-Spiel, das Menschen jeden Alters miteinander verbindet und eine unterhaltsame Aktivit\u00e4t darstellt.\u00a0<\/p>\n<p>&nbsp;<\/p>\n","protected":false},"featured_media":3860,"template":"","meta":[],"product_cat":[140,139,122,38,39,46,43,113,112],"product_tag":[],"_links":{"self":[{"href":"https:\/\/www.spielmobil-konz.de\/index.php?rest_route=\/wp\/v2\/product\/3862"}],"collection":[{"href":"https:\/\/www.spielmobil-konz.de\/index.php?rest_route=\/wp\/v2\/product"}],"about":[{"href":"https:\/\/www.spielmobil-konz.de\/index.php?rest_route=\/wp\/v2\/types\/product"}],"wp:featuredmedia":[{"embeddable":true,"href":"https:\/\/www.spielmobil-konz.de\/index.php?rest_route=\/wp\/v2\/media\/3860"}],"wp:attachment":[{"href":"https:\/\/www.spielmobil-konz.de\/index.php?rest_route=%2Fwp%2Fv2%2Fmedia&parent=3862"}],"wp:term":[{"taxonomy":"product_cat","embeddable":true,"href":"https:\/\/www.spielmobil-konz.de\/index.php?rest_route=%2Fwp%2Fv2%2Fproduct_cat&post=3862"},{"taxonomy":"product_tag","embeddable":true,"href":"https:\/\/www.spielmobil-konz.de\/index.php?rest_route=%2Fwp%2Fv2%2Fproduct_tag&post=3862"}],"curies":[{"name":"wp","href":"https:\/\/api.w.org\/{rel}","templated":true}]}}