{"id":3009,"date":"2019-09-30T19:25:48","date_gmt":"2019-09-30T17:25:48","guid":{"rendered":"http:\/\/www.spielmobil-konz.de\/?post_type=product&#038;p=3009"},"modified":"2022-09-14T16:58:42","modified_gmt":"2022-09-14T14:58:42","slug":"mastanhaenger-fuer-plakate","status":"publish","type":"product","link":"https:\/\/www.spielmobil-konz.de\/?product=mastanhaenger-fuer-plakate","title":{"rendered":"Mastanh\u00e4nger f\u00fcr Plakate"},"content":{"rendered":"","protected":false},"excerpt":{"rendered":"<p>Mastenanh\u00e4nger f\u00fcr DIN A1 Plakate eignen sich hervorragend f\u00fcr die ausdrucksstarke Pr\u00e4sentation Ihrer Marketingplakate zur Bewerbung Ihrer Veranstaltung an Masten und Geb\u00e4uden.<\/p>\n<p>&nbsp;<\/p>\n","protected":false},"featured_media":3010,"template":"","meta":[],"product_cat":[133],"product_tag":[],"_links":{"self":[{"href":"https:\/\/www.spielmobil-konz.de\/index.php?rest_route=\/wp\/v2\/product\/3009"}],"collection":[{"href":"https:\/\/www.spielmobil-konz.de\/index.php?rest_route=\/wp\/v2\/product"}],"about":[{"href":"https:\/\/www.spielmobil-konz.de\/index.php?rest_route=\/wp\/v2\/types\/product"}],"wp:featuredmedia":[{"embeddable":true,"href":"https:\/\/www.spielmobil-konz.de\/index.php?rest_route=\/wp\/v2\/media\/3010"}],"wp:attachment":[{"href":"https:\/\/www.spielmobil-konz.de\/index.php?rest_route=%2Fwp%2Fv2%2Fmedia&parent=3009"}],"wp:term":[{"taxonomy":"product_cat","embeddable":true,"href":"https:\/\/www.spielmobil-konz.de\/index.php?rest_route=%2Fwp%2Fv2%2Fproduct_cat&post=3009"},{"taxonomy":"product_tag","embeddable":true,"href":"https:\/\/www.spielmobil-konz.de\/index.php?rest_route=%2Fwp%2Fv2%2Fproduct_tag&post=3009"}],"curies":[{"name":"wp","href":"https:\/\/api.w.org\/{rel}","templated":true}]}}