{"id":2869,"date":"2019-03-29T16:21:24","date_gmt":"2019-03-29T15:21:24","guid":{"rendered":"http:\/\/www.spielmobil-konz.de\/?post_type=product&#038;p=2869"},"modified":"2022-09-15T11:58:30","modified_gmt":"2022-09-15T09:58:30","slug":"hot-dog-station","status":"publish","type":"product","link":"https:\/\/www.spielmobil-konz.de\/?product=hot-dog-station","title":{"rendered":"Hot Dog Station"},"content":{"rendered":"<p>Unsere Hot Dog Station umfasst:<\/p>\n<p>1 x W\u00fcrstchenw\u00e4rmer (2-fach)<br \/>\n1 x Hot Dog Spie\u00dftoaster (4-fach)<br \/>\n3 x HEINZ Standspender<br \/>\n1 x Zutatenstation mit 4 Beh\u00e4ltern (Abb. zeigt 3)<br \/>\n1 x Hot Dog Servierablage<br \/>\n2 x Salatl\u00f6ffel<br \/>\n2 x Buffetzangen<br \/>\n1 x Brotmesser<\/p>\n<p>Ohne Verbrauchsmaterialien \/ -lebensmittel<\/p>\n","protected":false},"excerpt":{"rendered":"<p>Die Hot Dog Station mit Ger\u00e4ten und Zubeh\u00f6r f\u00fcr kleine Veranstaltungen und\/oder Hot Dog St\u00e4nde f\u00fcr das Catering auf Ihrem Event.<\/p>\n<p>&nbsp;<\/p>\n","protected":false},"featured_media":2870,"template":"","meta":[],"product_cat":[129,130],"product_tag":[],"_links":{"self":[{"href":"https:\/\/www.spielmobil-konz.de\/index.php?rest_route=\/wp\/v2\/product\/2869"}],"collection":[{"href":"https:\/\/www.spielmobil-konz.de\/index.php?rest_route=\/wp\/v2\/product"}],"about":[{"href":"https:\/\/www.spielmobil-konz.de\/index.php?rest_route=\/wp\/v2\/types\/product"}],"wp:featuredmedia":[{"embeddable":true,"href":"https:\/\/www.spielmobil-konz.de\/index.php?rest_route=\/wp\/v2\/media\/2870"}],"wp:attachment":[{"href":"https:\/\/www.spielmobil-konz.de\/index.php?rest_route=%2Fwp%2Fv2%2Fmedia&parent=2869"}],"wp:term":[{"taxonomy":"product_cat","embeddable":true,"href":"https:\/\/www.spielmobil-konz.de\/index.php?rest_route=%2Fwp%2Fv2%2Fproduct_cat&post=2869"},{"taxonomy":"product_tag","embeddable":true,"href":"https:\/\/www.spielmobil-konz.de\/index.php?rest_route=%2Fwp%2Fv2%2Fproduct_tag&post=2869"}],"curies":[{"name":"wp","href":"https:\/\/api.w.org\/{rel}","templated":true}]}}