{"id":2800,"date":"2019-02-06T18:13:42","date_gmt":"2019-02-06T17:13:42","guid":{"rendered":"http:\/\/www.spielmobil-konz.de\/?post_type=product&#038;p=2800"},"modified":"2024-06-06T15:30:56","modified_gmt":"2024-06-06T13:30:56","slug":"ballongas-20-l","status":"publish","type":"product","link":"https:\/\/www.spielmobil-konz.de\/?product=ballongas-20-l","title":{"rendered":"Ballongas 20 l"},"content":{"rendered":"<hr \/>\n<table>\n<tbody>\n<tr>\n<td>Ballongas:<\/td>\n<td>\u00a0Heliumgas<\/td>\n<\/tr>\n<tr>\n<td>&nbsp;<\/td>\n<td>\u00a0Gefahrgut UN 1956 verdichtetesGas<\/td>\n<\/tr>\n<tr>\n<td>Flaschengr\u00f6\u00dfen:<\/td>\n<td>\u00a020 l (ca. 100 Luftballons)<\/td>\n<\/tr>\n<tr>\n<td>&nbsp;<\/td>\n<td>\u00a0(Mengenverbrauch abh\u00e4ngig von der Gr\u00f6\u00dfe der Luftballons)<\/td>\n<\/tr>\n<tr>\n<td>&nbsp;<\/td>\n<td>\u00a0Leihflasche (Mehrwegflasche)<\/td>\n<\/tr>\n<tr>\n<td>Anwendung:<\/td>\n<td>\u00a0zur ausschlie\u00dflichen Bef\u00fcllung von Luftballons\u00a0<\/td>\n<\/tr>\n<tr>\n<td>Zubeh\u00f6r:<\/td>\n<td>\u00a0Ballongasf\u00fcllstutzen (kann gegen Pfand ausgeliehen werden)<\/td>\n<\/tr>\n<tr>\n<td>Selbstbetreuung m\u00f6glich:<\/td>\n<td>\u00a0ja<\/td>\n<\/tr>\n<\/tbody>\n<\/table>\n","protected":false},"excerpt":{"rendered":"<p><strong>Ballongas als &#8220;Give aways&#8221; oder &#8220;Weitflugwettbewerb&#8221; auf Ihrem Event.<br \/>\n<\/strong><\/p>\n","protected":false},"featured_media":2803,"template":"","meta":[],"product_cat":[49,63,116],"product_tag":[],"_links":{"self":[{"href":"https:\/\/www.spielmobil-konz.de\/index.php?rest_route=\/wp\/v2\/product\/2800"}],"collection":[{"href":"https:\/\/www.spielmobil-konz.de\/index.php?rest_route=\/wp\/v2\/product"}],"about":[{"href":"https:\/\/www.spielmobil-konz.de\/index.php?rest_route=\/wp\/v2\/types\/product"}],"wp:featuredmedia":[{"embeddable":true,"href":"https:\/\/www.spielmobil-konz.de\/index.php?rest_route=\/wp\/v2\/media\/2803"}],"wp:attachment":[{"href":"https:\/\/www.spielmobil-konz.de\/index.php?rest_route=%2Fwp%2Fv2%2Fmedia&parent=2800"}],"wp:term":[{"taxonomy":"product_cat","embeddable":true,"href":"https:\/\/www.spielmobil-konz.de\/index.php?rest_route=%2Fwp%2Fv2%2Fproduct_cat&post=2800"},{"taxonomy":"product_tag","embeddable":true,"href":"https:\/\/www.spielmobil-konz.de\/index.php?rest_route=%2Fwp%2Fv2%2Fproduct_tag&post=2800"}],"curies":[{"name":"wp","href":"https:\/\/api.w.org\/{rel}","templated":true}]}}