{"id":2692,"date":"2018-10-13T01:41:43","date_gmt":"2018-10-12T23:41:43","guid":{"rendered":"http:\/\/www.spielmobil-konz.de\/?post_type=product&#038;p=2692"},"modified":"2022-09-14T17:04:20","modified_gmt":"2022-09-14T15:04:20","slug":"mobile-buehnen","status":"publish","type":"product","link":"https:\/\/www.spielmobil-konz.de\/?product=mobile-buehnen","title":{"rendered":"Mobile B\u00fchne"},"content":{"rendered":"<p><span style=\"font-family: arial, helvetica, sans-serif;\">Inkl. Dach, Gel\u00e4nder, Treppe, abnehmbare Seiten- und R\u00fcckwand, T\u00dcV gepr\u00fcft<\/span><\/p>\n<p><span style=\"font-family: arial, helvetica, sans-serif;\">B\u00fchnenfl\u00e4che: 8 x 6m; Podesth\u00f6he: 1,10m.<\/span><\/p>\n<p><span style=\"font-family: arial, helvetica, sans-serif;\">Lieferung &amp; Aufbau nur durch Fachpersonal!<\/span><\/p>\n<p><span style=\"font-family: arial, helvetica, sans-serif;\">und nur in der Stadt Trier und Landkreis Trier-Saarburg<\/span><\/p>\n<hr \/>\n<p>&nbsp;<\/p>\n","protected":false},"excerpt":{"rendered":"<h1 id=\"itemTitle\"><strong><span style=\"color: #000000;\"><span style=\"font-family: arial, helvetica, sans-serif; font-size: 16px;\">Mobile Veranstaltungs<wbr \/>b\u00fchne \/ Anh\u00e4ngerb\u00fchne<\/span><\/span><\/strong><\/h1>\n<p><span style=\"font-family: arial, helvetica, sans-serif;\">Die mobile B\u00fchne f\u00fcr Musik, Tanz und Theater; f\u00fcr Feste, Events, Messen, Open-Air, Sommerfeste, Festivals oder sonstige Veranstaltungen &#8230;<br \/>\n<\/span><\/p>\n<p>&nbsp;<\/p>\n","protected":false},"featured_media":2699,"template":"","meta":[],"product_cat":[131],"product_tag":[],"_links":{"self":[{"href":"https:\/\/www.spielmobil-konz.de\/index.php?rest_route=\/wp\/v2\/product\/2692"}],"collection":[{"href":"https:\/\/www.spielmobil-konz.de\/index.php?rest_route=\/wp\/v2\/product"}],"about":[{"href":"https:\/\/www.spielmobil-konz.de\/index.php?rest_route=\/wp\/v2\/types\/product"}],"wp:featuredmedia":[{"embeddable":true,"href":"https:\/\/www.spielmobil-konz.de\/index.php?rest_route=\/wp\/v2\/media\/2699"}],"wp:attachment":[{"href":"https:\/\/www.spielmobil-konz.de\/index.php?rest_route=%2Fwp%2Fv2%2Fmedia&parent=2692"}],"wp:term":[{"taxonomy":"product_cat","embeddable":true,"href":"https:\/\/www.spielmobil-konz.de\/index.php?rest_route=%2Fwp%2Fv2%2Fproduct_cat&post=2692"},{"taxonomy":"product_tag","embeddable":true,"href":"https:\/\/www.spielmobil-konz.de\/index.php?rest_route=%2Fwp%2Fv2%2Fproduct_tag&post=2692"}],"curies":[{"name":"wp","href":"https:\/\/api.w.org\/{rel}","templated":true}]}}