{"id":2682,"date":"2018-10-11T01:10:51","date_gmt":"2018-10-10T23:10:51","guid":{"rendered":"http:\/\/www.spielmobil-konz.de\/?post_type=product&#038;p=2682"},"modified":"2022-09-14T17:02:49","modified_gmt":"2022-09-14T15:02:49","slug":"notfallcase","status":"publish","type":"product","link":"https:\/\/www.spielmobil-konz.de\/?product=notfallcase","title":{"rendered":"Notfallcase"},"content":{"rendered":"<address><strong><span style=\"font-family: arial, helvetica, sans-serif;\">Ausstattung:<\/span><\/strong><\/address>\n<address><span style=\"font-family: arial, helvetica, sans-serif;\">-Erste Hilfekoffer nach DIN 13169 ( Ma\u00dfe : b 400 t 300 h 150mm )<\/span><\/address>\n<address><span style=\"font-family: arial, helvetica, sans-serif;\">-L\u00f6schdecke im Beh\u00e4lter<\/span><\/address>\n<address><span style=\"font-family: arial, helvetica, sans-serif;\">-Pulverl\u00f6scher 6 kg<\/span><\/address>\n<address>\u00a0<\/address>\n<address>\n<hr \/>\n<\/address>\n","protected":false},"excerpt":{"rendered":"<address><span style=\"font-size: 16px; font-family: arial, helvetica, sans-serif;\"><strong>Notfallcase f\u00fcr Veranstalter<\/strong><\/span><\/address>\n<p>Im Notfall ist ein schnelles Handeln notwendig, so dass eine Notfallausstattung (Feuerl\u00f6scher, Erste Hilfe Koffer oder L\u00f6schdecke) m\u00f6glichst griff- und einsatzbereit sein muss. Unser Notfallcase bietet Ihnen als Veranstalter oder Sicherheitsbeauftragten Ihrer Veranstaltung zur Erf\u00fcllung der Brandschutz- und Sicherheitsma\u00dfnahmen die notwendige professionelle Unterst\u00fctzung.<\/p>\n","protected":false},"featured_media":3056,"template":"","meta":[],"product_cat":[133],"product_tag":[],"_links":{"self":[{"href":"https:\/\/www.spielmobil-konz.de\/index.php?rest_route=\/wp\/v2\/product\/2682"}],"collection":[{"href":"https:\/\/www.spielmobil-konz.de\/index.php?rest_route=\/wp\/v2\/product"}],"about":[{"href":"https:\/\/www.spielmobil-konz.de\/index.php?rest_route=\/wp\/v2\/types\/product"}],"wp:featuredmedia":[{"embeddable":true,"href":"https:\/\/www.spielmobil-konz.de\/index.php?rest_route=\/wp\/v2\/media\/3056"}],"wp:attachment":[{"href":"https:\/\/www.spielmobil-konz.de\/index.php?rest_route=%2Fwp%2Fv2%2Fmedia&parent=2682"}],"wp:term":[{"taxonomy":"product_cat","embeddable":true,"href":"https:\/\/www.spielmobil-konz.de\/index.php?rest_route=%2Fwp%2Fv2%2Fproduct_cat&post=2682"},{"taxonomy":"product_tag","embeddable":true,"href":"https:\/\/www.spielmobil-konz.de\/index.php?rest_route=%2Fwp%2Fv2%2Fproduct_tag&post=2682"}],"curies":[{"name":"wp","href":"https:\/\/api.w.org\/{rel}","templated":true}]}}