{"id":2676,"date":"2018-10-10T19:01:40","date_gmt":"2018-10-10T17:01:40","guid":{"rendered":"http:\/\/www.spielmobil-konz.de\/?post_type=product&#038;p=2676"},"modified":"2022-09-14T16:53:28","modified_gmt":"2022-09-14T14:53:28","slug":"beschallungsanlage","status":"publish","type":"product","link":"https:\/\/www.spielmobil-konz.de\/?product=beschallungsanlage","title":{"rendered":"Beschallungsanlage"},"content":{"rendered":"<ul class=\"eigenschaften\">\n<li>Komplett PA<\/li>\n<li>Bauform: Komplett-Set<\/li>\n<li>Interne X-Over: ja<\/li>\n<li>Best\u00fcckung: 10&#8243; LF- \/ 6x 2&#8243; Top<\/li>\n<li>Abstrahlverhalten: 100\u00b0 x 50\u00b0<\/li>\n<li>Schalldruck (max.\/1m): 118 dB<\/li>\n<li>Besonderheit(en): 6 Kanal Mixer mit EQ und Hall, Audiostreaming via Bluetooth<\/li>\n<li>Anschl\u00fcsse: 2x XLR \/ Klinke Combo Buchse, L\/R (Klinke\/Chinch), 3,5 Stereo Klinke<\/li>\n<li>Ausg\u00e4nge: Monitor Out (Chinch)<\/li>\n<li>Bedienelemente: Bass, Treble, Reverb (Chanel 1-2), Volume, Master Volume<\/li>\n<li>Geh\u00e4usematerial: Kunststoffgeh\u00e4use<\/li>\n<li>Gewicht: 18,5 kg<\/li>\n<li>Farbe: Schwarz<\/li>\n<\/ul>\n","protected":false},"excerpt":{"rendered":"<p><strong><span class=\"ixFi3 rhsg4\" role=\"heading\" aria-level=\"2\">JBL EON One Aktives S\u00e4ulen System mit 6 Kanal Mixer<\/span><\/strong><\/p>\n<p>Die JBL EON ONE S\u00e4ulen-PA besteht aus einem 10\u201c Subwoofer sowie einer 6x 2\u201c Schallzeile mit zwei Distanzst\u00fccken. Typische Eins\u00e4tze sind Liveauftritte auf kleinen B\u00fchnen oder Clubs, Pr\u00e4sentationen, Lesungen, Messen oder Festinstallationen.<\/p>\n<p>Der eingebaute 6-Kanal Mixer hat Anschl\u00fcsse f\u00fcr zwei Mikrofone (XLR), ein Stereoeingang (Klinke oder Cinch) sowie einen weiteren Stereo-Eingang auf 3,5 mm Klinkenbuchse. Durch die Bluetooth Anbindungen lassen sich Audiosignale auch kabellos \u00fcbertragen. Somit kann jede Signalquelle einfach eingebunden und abgemischt werden. Mit Hallprogramm, Klangregelung und Monitorausgang wird die Mischung weiter optimiert.<\/p>\n<p>Der kompakte JBL EON ONE Subwoofer arbeitet in einem starken 10\u201c Chassis. Die eingebauten Class-D Endstufen leisten 250 Watt (LF) und 130 Watt (MF\/HF). Der maximale Schalldruck liegt bei 118 dB peak.<\/p>\n<p>Der Satellit ist mit 6x 2\u201c Chassis best\u00fcckt, die aufgrund ihrer speziellen Anordnung eine extrem gleichm\u00e4\u00dfige Schallverteilung bieten. F\u00fcr den einfachen Transport gibt es f\u00fcr die Schallzeile und die beiden Distanzst\u00fccke passende Sch\u00e4chte im Subwoofer.<\/p>\n","protected":false},"featured_media":2677,"template":"","meta":[],"product_cat":[134],"product_tag":[],"_links":{"self":[{"href":"https:\/\/www.spielmobil-konz.de\/index.php?rest_route=\/wp\/v2\/product\/2676"}],"collection":[{"href":"https:\/\/www.spielmobil-konz.de\/index.php?rest_route=\/wp\/v2\/product"}],"about":[{"href":"https:\/\/www.spielmobil-konz.de\/index.php?rest_route=\/wp\/v2\/types\/product"}],"wp:featuredmedia":[{"embeddable":true,"href":"https:\/\/www.spielmobil-konz.de\/index.php?rest_route=\/wp\/v2\/media\/2677"}],"wp:attachment":[{"href":"https:\/\/www.spielmobil-konz.de\/index.php?rest_route=%2Fwp%2Fv2%2Fmedia&parent=2676"}],"wp:term":[{"taxonomy":"product_cat","embeddable":true,"href":"https:\/\/www.spielmobil-konz.de\/index.php?rest_route=%2Fwp%2Fv2%2Fproduct_cat&post=2676"},{"taxonomy":"product_tag","embeddable":true,"href":"https:\/\/www.spielmobil-konz.de\/index.php?rest_route=%2Fwp%2Fv2%2Fproduct_tag&post=2676"}],"curies":[{"name":"wp","href":"https:\/\/api.w.org\/{rel}","templated":true}]}}