{"id":2618,"date":"2018-06-06T17:53:10","date_gmt":"2018-06-06T15:53:10","guid":{"rendered":"http:\/\/www.spielmobil-konz.de\/?post_type=product&#038;p=2618"},"modified":"2020-03-02T14:41:48","modified_gmt":"2020-03-02T13:41:48","slug":"biathlon-lasershooting-equipment-set","status":"publish","type":"product","link":"https:\/\/www.spielmobil-konz.de\/?product=biathlon-lasershooting-equipment-set","title":{"rendered":"Lasershooting &#8211; Equipment Set"},"content":{"rendered":"<hr \/>\n<table>\n<tbody>\n<tr>\n<td style=\"width: 225px;\"><span style=\"font-family: arial, helvetica, sans-serif;\">Equipment Set:<\/span><\/td>\n<td><span style=\"font-family: arial, helvetica, sans-serif;\">Lasershooting<br \/>\n<\/span><\/td>\n<\/tr>\n<tr>\n<td>&nbsp;<\/td>\n<td><span style=\"font-family: arial, helvetica, sans-serif;\">1 x Zielwand 220 x 50 x 95 cm<\/span><br \/>\n<span style=\"font-family: arial, helvetica, sans-serif;\">1 x Zielvorrichtung<\/span><br \/>\n<span style=\"font-family: arial, helvetica, sans-serif;\">1 x Lasergewehr<\/span><\/td>\n<\/tr>\n<tr>\n<td><span style=\"font-family: arial, helvetica, sans-serif;\">Platzbedarf:<\/span><\/td>\n<td><span style=\"font-family: arial, helvetica, sans-serif;\">9 x 3 x 2,40 m<\/span><\/td>\n<\/tr>\n<tr>\n<td><span style=\"font-family: arial, helvetica, sans-serif;\">Spieler*innen:<\/span><\/td>\n<td><span style=\"font-family: arial, helvetica, sans-serif;\">1 Spieler\/in<\/span><\/td>\n<\/tr>\n<tr>\n<td><span style=\"font-family: arial, helvetica, sans-serif;\">Zielgruppe:<\/span><\/td>\n<td><span style=\"font-family: arial, helvetica, sans-serif;\">10 &#8211; 99 Jahre<\/span><\/td>\n<\/tr>\n<tr>\n<td><span style=\"font-family: arial, helvetica, sans-serif;\">Betreuung \/ Aufsicht:<\/span><\/td>\n<td><span style=\"font-family: arial, helvetica, sans-serif;\">1 Person<\/span><\/td>\n<\/tr>\n<tr>\n<td><span style=\"font-family: arial, helvetica, sans-serif;\">Selbstbetreuung m\u00f6glich:<\/span><\/td>\n<td><span style=\"font-family: arial, helvetica, sans-serif;\">ja<\/span><\/td>\n<\/tr>\n<tr>\n<td>&nbsp;<\/td>\n<td><span style=\"font-family: arial, helvetica, sans-serif;\">Abholung an unserem Standort in Konz<\/span><\/td>\n<\/tr>\n<tr>\n<td><span style=\"font-family: arial, helvetica, sans-serif;\">weitere Serviceleistungen:<\/span><\/td>\n<td><span style=\"font-family: arial, helvetica, sans-serif;\">Liefer-, Teil- und Fullservice<\/span><\/td>\n<\/tr>\n<tr>\n<td><span style=\"font-family: arial, helvetica, sans-serif;\">Strombedarf:<\/span><\/td>\n<td><span style=\"font-family: arial, helvetica, sans-serif;\">230V \/ 16A<\/span><\/td>\n<\/tr>\n<tr>\n<td>&nbsp;<\/td>\n<td>&nbsp;<\/td>\n<\/tr>\n<tr>\n<td colspan=\"2\"><span style=\"font-family: arial, helvetica, sans-serif;\">Sonderkonditionen f\u00fcr mehrt\u00e4gige Veranstaltungen auf Anfrage.A<\/span><\/td>\n<\/tr>\n<\/tbody>\n<\/table>\n<hr \/>\n<p>&nbsp;<\/p>\n","protected":false},"excerpt":{"rendered":"<p><span style=\"font-family: arial, helvetica, sans-serif;\"><strong>Zur Erstellung traditioneller Spielst\u00e4nde bieten wir Ihnen unterschiedliche Equiment-Sets. So finden Sie bei uns die Klassiker eines jeden Spielfestes wie &#8230;<\/strong><\/span><\/p>\n<p><span style=\"font-family: arial, helvetica, sans-serif;\"><strong>Armbrust schie\u00dfen, Bogen schie\u00dfen; Dosenwerfen, Ringe werfen; schwebende B\u00e4lle.<\/strong><\/span><\/p>\n<p>&nbsp;<\/p>\n","protected":false},"featured_media":2593,"template":"","meta":[],"product_cat":[46,113,60,62],"product_tag":[],"_links":{"self":[{"href":"https:\/\/www.spielmobil-konz.de\/index.php?rest_route=\/wp\/v2\/product\/2618"}],"collection":[{"href":"https:\/\/www.spielmobil-konz.de\/index.php?rest_route=\/wp\/v2\/product"}],"about":[{"href":"https:\/\/www.spielmobil-konz.de\/index.php?rest_route=\/wp\/v2\/types\/product"}],"wp:featuredmedia":[{"embeddable":true,"href":"https:\/\/www.spielmobil-konz.de\/index.php?rest_route=\/wp\/v2\/media\/2593"}],"wp:attachment":[{"href":"https:\/\/www.spielmobil-konz.de\/index.php?rest_route=%2Fwp%2Fv2%2Fmedia&parent=2618"}],"wp:term":[{"taxonomy":"product_cat","embeddable":true,"href":"https:\/\/www.spielmobil-konz.de\/index.php?rest_route=%2Fwp%2Fv2%2Fproduct_cat&post=2618"},{"taxonomy":"product_tag","embeddable":true,"href":"https:\/\/www.spielmobil-konz.de\/index.php?rest_route=%2Fwp%2Fv2%2Fproduct_tag&post=2618"}],"curies":[{"name":"wp","href":"https:\/\/api.w.org\/{rel}","templated":true}]}}