{"id":2609,"date":"2018-06-05T18:02:48","date_gmt":"2018-06-05T16:02:48","guid":{"rendered":"http:\/\/www.spielmobil-konz.de\/?post_type=product&#038;p=2609"},"modified":"2019-12-11T12:07:14","modified_gmt":"2019-12-11T11:07:14","slug":"schwebende-baelle-equipment-set","status":"publish","type":"product","link":"https:\/\/www.spielmobil-konz.de\/?product=schwebende-baelle-equipment-set","title":{"rendered":"Schwebende B\u00e4lle &#8211; Equipment Set"},"content":{"rendered":"<hr \/>\n<table>\n<tbody>\n<tr>\n<td><span style=\"font-family: arial, helvetica, sans-serif;\">Equipment Set:<\/span><\/td>\n<td><span style=\"font-family: arial, helvetica, sans-serif;\">\u201cschwebende B\u00e4lle\u201d<\/span><\/td>\n<\/tr>\n<tr>\n<td>&nbsp;<\/td>\n<td>\n<p><span style=\"font-family: arial, helvetica, sans-serif;\">1 x Zielr\u00fcckwand 220 x 50 x 95 cm mit Ballauffangvorrichtung<\/span><br \/>\n<span style=\"font-family: arial, helvetica, sans-serif;\">1 x Tischaufsatz schwebende B\u00e4lle<\/span><br \/>\n<span style=\"font-family: arial, helvetica, sans-serif;\">1 x Gebl\u00e4se<\/span><br \/>\n<span style=\"font-family: arial, helvetica, sans-serif;\">5 x Wurfb\u00e4lle<\/span><\/p>\n<\/td>\n<\/tr>\n<tr>\n<td>&nbsp;<\/td>\n<td>&nbsp;<\/td>\n<\/tr>\n<tr>\n<td><span style=\"font-family: arial, helvetica, sans-serif;\">Platzbedarf:<\/span><\/td>\n<td><span style=\"font-family: arial, helvetica, sans-serif;\">6 x 3 x 2,5 m<\/span><\/td>\n<\/tr>\n<tr>\n<td><span style=\"font-family: arial, helvetica, sans-serif;\">Spieler(innen):<\/span><\/td>\n<td><span style=\"font-family: arial, helvetica, sans-serif;\">1 Spieler(innen) gleichzeitig<\/span><\/td>\n<\/tr>\n<tr>\n<td><span style=\"font-family: arial, helvetica, sans-serif;\">Zielgruppe:<\/span><\/td>\n<td><span style=\"font-family: arial, helvetica, sans-serif;\">Kinder, Jugendliche, Erwachsene<\/span><\/td>\n<\/tr>\n<tr>\n<td><span style=\"font-family: arial, helvetica, sans-serif;\">Altersempfehlung<\/span><\/td>\n<td><span style=\"font-family: arial, helvetica, sans-serif;\">ab 6 Jahre<\/span><\/td>\n<\/tr>\n<tr>\n<td><span style=\"font-family: arial, helvetica, sans-serif;\">Betreuung \/ Aufsicht:<\/span><\/td>\n<td><span style=\"font-family: arial, helvetica, sans-serif;\">1 Person<\/span><\/td>\n<\/tr>\n<tr>\n<td><span style=\"font-family: arial, helvetica, sans-serif;\">Selbstbetreuung m\u00f6glich:<\/span><\/td>\n<td><span style=\"font-family: arial, helvetica, sans-serif;\">ja<\/span><\/td>\n<\/tr>\n<tr>\n<td>&nbsp;<\/td>\n<td><span style=\"font-family: arial, helvetica, sans-serif;\">Abholung an unserem Standort in Konz<\/span><\/td>\n<\/tr>\n<tr>\n<td><span style=\"font-family: arial, helvetica, sans-serif;\">weitere Serviceleistungen:<\/span><\/td>\n<td><span style=\"font-family: arial, helvetica, sans-serif;\">Liefer-, Teil- und Fullservice<\/span><\/td>\n<\/tr>\n<tr>\n<td><span style=\"font-family: arial, helvetica, sans-serif;\">Strombedarf:<\/span><\/td>\n<td><span style=\"font-family: arial, helvetica, sans-serif;\">1 x 220V<\/span><\/td>\n<\/tr>\n<tr>\n<td><span style=\"font-family: arial, helvetica, sans-serif;\">Wasserbedarf:<\/span><\/td>\n<td><span style=\"font-family: arial, helvetica, sans-serif;\">nein<\/span><\/td>\n<\/tr>\n<tr>\n<td>&nbsp;<\/td>\n<td>&nbsp;<\/td>\n<\/tr>\n<tr>\n<td colspan=\"2\"><span style=\"font-family: arial, helvetica, sans-serif;\">Sonderkonditionen f\u00fcr mehrt\u00e4tige Veranstaltungen auf Anfrage.<\/span><\/td>\n<\/tr>\n<\/tbody>\n<\/table>\n<hr \/>\n<p>&nbsp;<\/p>\n","protected":false},"excerpt":{"rendered":"<p><span style=\"font-family: arial, helvetica, sans-serif;\">Zur Herstellung traditioneller Spielmodule bieten wir Ihnen unterschiedliche Equiment Sets zur Herstellung eigener Spielst\u00e4nde an. So finden Sie bei uns die Klassiker eines jeden Spielfestes wie &#8230;<\/span><\/p>\n<p><span style=\"font-family: arial, helvetica, sans-serif;\">Armbrust schie\u00dfen, Bogen schie\u00dfen; Dosenwerfen, Ringe werfen; schwebende B\u00e4lle.<\/span><\/p>\n<p>&nbsp;<\/p>\n","protected":false},"featured_media":2603,"template":"","meta":[],"product_cat":[113,60,62],"product_tag":[],"_links":{"self":[{"href":"https:\/\/www.spielmobil-konz.de\/index.php?rest_route=\/wp\/v2\/product\/2609"}],"collection":[{"href":"https:\/\/www.spielmobil-konz.de\/index.php?rest_route=\/wp\/v2\/product"}],"about":[{"href":"https:\/\/www.spielmobil-konz.de\/index.php?rest_route=\/wp\/v2\/types\/product"}],"wp:featuredmedia":[{"embeddable":true,"href":"https:\/\/www.spielmobil-konz.de\/index.php?rest_route=\/wp\/v2\/media\/2603"}],"wp:attachment":[{"href":"https:\/\/www.spielmobil-konz.de\/index.php?rest_route=%2Fwp%2Fv2%2Fmedia&parent=2609"}],"wp:term":[{"taxonomy":"product_cat","embeddable":true,"href":"https:\/\/www.spielmobil-konz.de\/index.php?rest_route=%2Fwp%2Fv2%2Fproduct_cat&post=2609"},{"taxonomy":"product_tag","embeddable":true,"href":"https:\/\/www.spielmobil-konz.de\/index.php?rest_route=%2Fwp%2Fv2%2Fproduct_tag&post=2609"}],"curies":[{"name":"wp","href":"https:\/\/api.w.org\/{rel}","templated":true}]}}