{"id":2597,"date":"2018-06-05T16:41:20","date_gmt":"2018-06-05T14:41:20","guid":{"rendered":"http:\/\/www.spielmobil-konz.de\/?post_type=product&#038;p=2597"},"modified":"2024-02-06T16:05:10","modified_gmt":"2024-02-06T15:05:10","slug":"spielstand-dosenwerfen","status":"publish","type":"product","link":"https:\/\/www.spielmobil-konz.de\/?product=spielstand-dosenwerfen","title":{"rendered":"Spielstand &#8220;Dosenwerfen&#8221;"},"content":{"rendered":"<hr \/>\n<table>\n<tbody>\n<tr>\n<td style=\"width: 225px;\"><span style=\"font-family: arial, helvetica, sans-serif;\">Equipment Set:<\/span><\/td>\n<td><span style=\"font-family: arial, helvetica, sans-serif;\">Spielstand Dosenwerfen<\/span><\/td>\n<\/tr>\n<tr>\n<td>&nbsp;<\/td>\n<td><span style=\"font-family: arial, helvetica, sans-serif;\">1 x Pavillon 3 x 3 m<\/span><br \/>\n<span style=\"font-family: arial, helvetica, sans-serif;\">2 x Zielr\u00fcckwand 220 x 50 x 95 cm<\/span><br \/>\n<span style=\"font-family: arial, helvetica, sans-serif;\">1 x Biertisch mit Husse<br \/>\n1 x Biertisch<\/span><br \/>\n<span style=\"font-family: arial, helvetica, sans-serif;\">2 x Dosenwurfsets<\/span><\/td>\n<\/tr>\n<tr>\n<td>&nbsp;<\/td>\n<td>&nbsp;<\/td>\n<\/tr>\n<tr>\n<td><span style=\"font-family: arial, helvetica, sans-serif;\">Gr\u00f6\u00dfe:<\/span><\/td>\n<td><span style=\"font-family: arial, helvetica, sans-serif;\">3 x 3 x 2,40 m<\/span><\/td>\n<\/tr>\n<tr>\n<td><span style=\"font-family: arial, helvetica, sans-serif;\">Platzbedarf:<\/span><\/td>\n<td><span style=\"font-family: arial, helvetica, sans-serif;\">5 x 3 x 2,5 m<\/span><\/td>\n<\/tr>\n<tr>\n<td><span style=\"font-family: arial, helvetica, sans-serif;\">Spieler(innen):<\/span><\/td>\n<td><span style=\"font-family: arial, helvetica, sans-serif;\">2 Spieler(innen) gleichzeitig<\/span><\/td>\n<\/tr>\n<tr>\n<td><span style=\"font-family: arial, helvetica, sans-serif;\">Zielgruppe:<\/span><\/td>\n<td><span style=\"font-family: arial, helvetica, sans-serif;\">Kinder, Jugendliche, Erwachsene<\/span><\/td>\n<\/tr>\n<tr>\n<td><span style=\"font-family: arial, helvetica, sans-serif;\">Altersempfehlung:<\/span><\/td>\n<td><span style=\"font-family: arial, helvetica, sans-serif;\">ab 5 Jahre<\/span><\/td>\n<\/tr>\n<tr>\n<td><span style=\"font-family: arial, helvetica, sans-serif;\">Betreuung \/ Aufsicht:<\/span><\/td>\n<td><span style=\"font-family: arial, helvetica, sans-serif;\">1 Person<\/span><\/td>\n<\/tr>\n<tr>\n<td><span style=\"font-family: arial, helvetica, sans-serif;\">Selbstbetreuung m\u00f6glich:<\/span><\/td>\n<td><span style=\"font-family: arial, helvetica, sans-serif;\">ja<\/span><\/td>\n<\/tr>\n<tr>\n<td>&nbsp;<\/td>\n<td><span style=\"font-family: arial, helvetica, sans-serif;\">Abholung an unserem Standort in Konz<\/span><\/td>\n<\/tr>\n<tr>\n<td><span style=\"font-family: arial, helvetica, sans-serif;\">weitere Serviceleistungen:<\/span><\/td>\n<td><span style=\"font-family: arial, helvetica, sans-serif;\">Liefer-, Teil- und Fullservice<\/span><\/td>\n<\/tr>\n<tr>\n<td><span style=\"font-family: arial, helvetica, sans-serif;\">Strombedarf:<\/span><\/td>\n<td><span style=\"font-family: arial, helvetica, sans-serif;\">1 x 220 V<\/span><\/td>\n<\/tr>\n<tr>\n<td><span style=\"font-family: arial, helvetica, sans-serif;\">Wasserbedarf:<\/span><\/td>\n<td><span style=\"font-family: arial, helvetica, sans-serif;\">nein<\/span><\/td>\n<\/tr>\n<tr>\n<td>&nbsp;<\/td>\n<td>&nbsp;<\/td>\n<\/tr>\n<tr>\n<td colspan=\"2\"><span style=\"font-family: arial, helvetica, sans-serif;\">Sonderkonditionen f\u00fcr mehrt\u00e4tige Veranstaltungen auf Anfrage.<\/span><\/td>\n<\/tr>\n<\/tbody>\n<\/table>\n<hr \/>\n<p>&nbsp;<\/p>\n","protected":false},"excerpt":{"rendered":"<div><strong><span style=\"font-family: arial, helvetica, sans-serif;\">Ob Kinderfest, Stra\u00dfen- Vereinsfest oder einem Kindergeburtstag, unsere Zirkusspielw\u00e4nde bieten viel Spa\u00df bei Geschicklichkeit und Zielsicherheit.<\/span><\/strong><\/div>\n<div>\n<p><strong><span style=\"font-family: arial, helvetica, sans-serif;\">Ein Spieleklassiker in unserem Sortiment.<\/span><\/strong><\/p>\n<\/div>\n<p>&nbsp;<\/p>\n<p>&nbsp;<\/p>\n<p>&nbsp;<\/p>\n<p>&nbsp;<\/p>\n<p>&nbsp;<\/p>\n","protected":false},"featured_media":2598,"template":"","meta":[],"product_cat":[115],"product_tag":[],"_links":{"self":[{"href":"https:\/\/www.spielmobil-konz.de\/index.php?rest_route=\/wp\/v2\/product\/2597"}],"collection":[{"href":"https:\/\/www.spielmobil-konz.de\/index.php?rest_route=\/wp\/v2\/product"}],"about":[{"href":"https:\/\/www.spielmobil-konz.de\/index.php?rest_route=\/wp\/v2\/types\/product"}],"wp:featuredmedia":[{"embeddable":true,"href":"https:\/\/www.spielmobil-konz.de\/index.php?rest_route=\/wp\/v2\/media\/2598"}],"wp:attachment":[{"href":"https:\/\/www.spielmobil-konz.de\/index.php?rest_route=%2Fwp%2Fv2%2Fmedia&parent=2597"}],"wp:term":[{"taxonomy":"product_cat","embeddable":true,"href":"https:\/\/www.spielmobil-konz.de\/index.php?rest_route=%2Fwp%2Fv2%2Fproduct_cat&post=2597"},{"taxonomy":"product_tag","embeddable":true,"href":"https:\/\/www.spielmobil-konz.de\/index.php?rest_route=%2Fwp%2Fv2%2Fproduct_tag&post=2597"}],"curies":[{"name":"wp","href":"https:\/\/api.w.org\/{rel}","templated":true}]}}