{"id":2588,"date":"2018-06-05T16:01:24","date_gmt":"2018-06-05T14:01:24","guid":{"rendered":"http:\/\/www.spielmobil-konz.de\/?post_type=product&#038;p=2588"},"modified":"2024-02-06T15:55:31","modified_gmt":"2024-02-06T14:55:31","slug":"spielstand-bogen-schiessen","status":"publish","type":"product","link":"https:\/\/www.spielmobil-konz.de\/?product=spielstand-bogen-schiessen","title":{"rendered":"Spielstand &#8220;Bogenschie\u00dfen&#8221;"},"content":{"rendered":"<hr \/>\n<div>\n<table style=\"width: 35.2091%;\">\n<tbody>\n<tr>\n<td style=\"vertical-align: top; width: 42.8571%;\">Set bestehend aus:<\/td>\n<td style=\"vertical-align: top; width: 55.1378%;\">\n<p><span style=\"font-family: arial, helvetica, sans-serif;\">1 x Pavillon 3 x 3 m<\/span><br \/>\n<span style=\"font-family: arial, helvetica, sans-serif;\">1 x Zielr\u00fcckwand 220 x 50 x 95 cm<\/span><br \/>\n<span style=\"font-family: arial, helvetica, sans-serif;\">1 x Biertische mit Husse<br \/>\n1 x Biertisch<br \/>\n<\/span><span style=\"font-family: arial, helvetica, sans-serif;\">2 x Kinderbogen<\/span><br \/>\n<span style=\"font-family: arial, helvetica, sans-serif;\">10 x Pfeile mit Saugnapf<\/span><\/p>\n<\/td>\n<\/tr>\n<tr>\n<td style=\"width: 42.8571%;\">\u00a0<\/td>\n<td style=\"width: 55.1378%;\">\u00a0<\/td>\n<\/tr>\n<tr>\n<td style=\"width: 42.8571%;\"><span style=\"font-family: arial, helvetica, sans-serif;\">Platzbedarf:<\/span><\/td>\n<td style=\"width: 55.1378%;\"><span style=\"font-family: arial, helvetica, sans-serif;\">8 x 3 x 2,5 m<\/span><\/td>\n<\/tr>\n<tr>\n<td style=\"width: 42.8571%;\"><span style=\"font-family: arial, helvetica, sans-serif;\">Spieler(innen):<\/span><\/td>\n<td style=\"width: 55.1378%;\"><span style=\"font-family: arial, helvetica, sans-serif;\">2 Spieler(innen) gleichzeitig<\/span><\/td>\n<\/tr>\n<tr>\n<td style=\"width: 42.8571%;\"><span style=\"font-family: arial, helvetica, sans-serif;\">Zielgruppe:<\/span><\/td>\n<td style=\"width: 55.1378%;\"><span style=\"font-family: arial, helvetica, sans-serif;\">Kinder, Jugendliche, Erwachsene<\/span><\/td>\n<\/tr>\n<tr>\n<td style=\"width: 42.8571%;\"><span style=\"font-family: arial, helvetica, sans-serif;\">Altersempfehlung<\/span><\/td>\n<td style=\"width: 55.1378%;\"><span style=\"font-family: arial, helvetica, sans-serif;\">ab 8 Jahre<\/span><\/td>\n<\/tr>\n<tr>\n<td style=\"width: 42.8571%;\"><span style=\"font-family: arial, helvetica, sans-serif;\">Betreuung \/ Aufsicht:<\/span><\/td>\n<td style=\"width: 55.1378%;\"><span style=\"font-family: arial, helvetica, sans-serif;\">1 Person<\/span><\/td>\n<\/tr>\n<tr>\n<td style=\"width: 42.8571%;\"><span style=\"font-family: arial, helvetica, sans-serif;\">Selbstbetreuung m\u00f6glich:<\/span><\/td>\n<td style=\"width: 55.1378%;\"><span style=\"font-family: arial, helvetica, sans-serif;\">ja<\/span><\/td>\n<\/tr>\n<tr>\n<td style=\"width: 42.8571%;\">\u00a0<\/td>\n<td style=\"width: 55.1378%;\"><span style=\"font-family: arial, helvetica, sans-serif;\">Abholung an unserem Standort in Konz<\/span><\/td>\n<\/tr>\n<tr>\n<td style=\"width: 42.8571%;\"><span style=\"font-family: arial, helvetica, sans-serif;\">weitere Serviceleistungen:<\/span><\/td>\n<td style=\"width: 55.1378%;\"><span style=\"font-family: arial, helvetica, sans-serif;\">Liefer-, Teil- und Fullservice<\/span><\/td>\n<\/tr>\n<tr>\n<td style=\"width: 42.8571%;\"><span style=\"font-family: arial, helvetica, sans-serif;\">Strombedarf:<\/span><\/td>\n<td style=\"width: 55.1378%;\"><span style=\"font-family: arial, helvetica, sans-serif;\">220 V<\/span><\/td>\n<\/tr>\n<tr>\n<td style=\"width: 42.8571%;\"><span style=\"font-family: arial, helvetica, sans-serif;\">Wasserbedarf:<\/span><\/td>\n<td style=\"width: 55.1378%;\"><span style=\"font-family: arial, helvetica, sans-serif;\">nein<\/span><\/td>\n<\/tr>\n<tr>\n<td style=\"width: 42.8571%;\">\u00a0<\/td>\n<td style=\"width: 55.1378%;\">\u00a0<\/td>\n<\/tr>\n<tr>\n<td style=\"width: 97.995%;\" colspan=\"2\"><span style=\"font-family: arial, helvetica, sans-serif;\">Sonderkonditionen bei mehrt\u00e4gigen Veranstaltungen auf Anfrage.<\/span><\/td>\n<\/tr>\n<\/tbody>\n<\/table>\n<\/div>\n<div>\n<div>\n<div>\n<hr \/>\n<\/div>\n<\/div>\n<\/div>\n","protected":false},"excerpt":{"rendered":"<div>\n<div><strong><span style=\"font-family: arial, helvetica, sans-serif;\">Ob Kinderfest, Stra\u00dfen- Vereinsfest oder einem Kindergeburtstag, unsere Zirkusspielw\u00e4nde bieten viel Spa\u00df bei Geschicklichkeit und Zielsicherheit.<\/span><\/strong><\/div>\n<div>\u00a0<\/div>\n<div><strong><span style=\"font-family: arial, helvetica, sans-serif;\">Ein Spieleklassiker in unserem Sortiment.<\/span><\/strong><\/div>\n<\/div>\n<div>\u00a0<\/div>\n<div>\u00a0<\/div>\n<div>\u00a0<\/div>\n<div>\u00a0<\/div>\n<div>\u00a0<\/div>\n<div>\u00a0<\/div>\n<div>\u00a0<\/div>\n<div>\u00a0<\/div>\n<div>\u00a0<\/div>\n","protected":false},"featured_media":2589,"template":"","meta":[],"product_cat":[115],"product_tag":[],"_links":{"self":[{"href":"https:\/\/www.spielmobil-konz.de\/index.php?rest_route=\/wp\/v2\/product\/2588"}],"collection":[{"href":"https:\/\/www.spielmobil-konz.de\/index.php?rest_route=\/wp\/v2\/product"}],"about":[{"href":"https:\/\/www.spielmobil-konz.de\/index.php?rest_route=\/wp\/v2\/types\/product"}],"wp:featuredmedia":[{"embeddable":true,"href":"https:\/\/www.spielmobil-konz.de\/index.php?rest_route=\/wp\/v2\/media\/2589"}],"wp:attachment":[{"href":"https:\/\/www.spielmobil-konz.de\/index.php?rest_route=%2Fwp%2Fv2%2Fmedia&parent=2588"}],"wp:term":[{"taxonomy":"product_cat","embeddable":true,"href":"https:\/\/www.spielmobil-konz.de\/index.php?rest_route=%2Fwp%2Fv2%2Fproduct_cat&post=2588"},{"taxonomy":"product_tag","embeddable":true,"href":"https:\/\/www.spielmobil-konz.de\/index.php?rest_route=%2Fwp%2Fv2%2Fproduct_tag&post=2588"}],"curies":[{"name":"wp","href":"https:\/\/api.w.org\/{rel}","templated":true}]}}