{"id":2583,"date":"2018-06-05T12:38:42","date_gmt":"2018-06-05T10:38:42","guid":{"rendered":"http:\/\/www.spielmobil-konz.de\/?post_type=product&#038;p=2583"},"modified":"2019-12-11T12:11:05","modified_gmt":"2019-12-11T11:11:05","slug":"spielstaende","status":"publish","type":"product","link":"https:\/\/www.spielmobil-konz.de\/?product=spielstaende","title":{"rendered":"Spielst\u00e4nde"},"content":{"rendered":"<hr \/>\n<p>&nbsp;<\/p>\n","protected":false},"excerpt":{"rendered":"<p><strong><span style=\"font-family: arial, helvetica, sans-serif;\">Klassische und hochwertige Spielst\u00e4nde f\u00fcr Ihr Event. Ob Kinderfest, Stra\u00dfen- Vereinsfest oder einem Kindergeburtstag, unsere Spielst\u00e4nde bieten viel Spa\u00df bei Geschicklichkeit und Zielsicherheit.<\/span><\/strong><\/p>\n<p><span style=\"font-family: arial, helvetica, sans-serif;\">Unsere klassischen Spielst\u00e4nde sind beliebt und sie k\u00f6nnen w\u00e4hlen zwischen &#8230;<\/span><\/p>\n<ul>\n<li><span style=\"font-family: arial, helvetica, sans-serif;\">Armbrust schie\u00dfen,<\/span><\/li>\n<li><span style=\"font-family: arial, helvetica, sans-serif;\">Bialthlon Lasershooting.<\/span><\/li>\n<li><span style=\"font-family: arial, helvetica, sans-serif;\">Dosenwerfen,<\/span><\/li>\n<li><span style=\"font-family: arial, helvetica, sans-serif;\">Ringe werfen,<\/span><\/li>\n<li><span style=\"font-family: arial, helvetica, sans-serif;\">schwebende B\u00e4lle.\u00a0<\/span><\/li>\n<\/ul>\n<p>&nbsp;<\/p>\n","protected":false},"featured_media":2584,"template":"","meta":[],"product_cat":[46,113,60,61,62],"product_tag":[],"_links":{"self":[{"href":"https:\/\/www.spielmobil-konz.de\/index.php?rest_route=\/wp\/v2\/product\/2583"}],"collection":[{"href":"https:\/\/www.spielmobil-konz.de\/index.php?rest_route=\/wp\/v2\/product"}],"about":[{"href":"https:\/\/www.spielmobil-konz.de\/index.php?rest_route=\/wp\/v2\/types\/product"}],"wp:featuredmedia":[{"embeddable":true,"href":"https:\/\/www.spielmobil-konz.de\/index.php?rest_route=\/wp\/v2\/media\/2584"}],"wp:attachment":[{"href":"https:\/\/www.spielmobil-konz.de\/index.php?rest_route=%2Fwp%2Fv2%2Fmedia&parent=2583"}],"wp:term":[{"taxonomy":"product_cat","embeddable":true,"href":"https:\/\/www.spielmobil-konz.de\/index.php?rest_route=%2Fwp%2Fv2%2Fproduct_cat&post=2583"},{"taxonomy":"product_tag","embeddable":true,"href":"https:\/\/www.spielmobil-konz.de\/index.php?rest_route=%2Fwp%2Fv2%2Fproduct_tag&post=2583"}],"curies":[{"name":"wp","href":"https:\/\/api.w.org\/{rel}","templated":true}]}}