{"id":2393,"date":"2018-02-02T10:44:02","date_gmt":"2018-02-02T09:44:02","guid":{"rendered":"http:\/\/www.spielmobil-konz.de\/?post_type=product&#038;p=2393"},"modified":"2024-02-06T16:09:20","modified_gmt":"2024-02-06T15:09:20","slug":"biathlon-lasershooting","status":"publish","type":"product","link":"https:\/\/www.spielmobil-konz.de\/?product=biathlon-lasershooting","title":{"rendered":"Spielstand Lasershooting"},"content":{"rendered":"<hr \/>\n<table style=\"width: 35.2091%;\">\n<tbody>\n<tr>\n<td style=\"vertical-align: top;\"><span style=\"font-family: arial, helvetica, sans-serif;\">\u00a0Set bestehend aus:<br \/>\n<\/span><\/td>\n<td style=\"vertical-align: top;\"><span style=\"font-family: arial, helvetica, sans-serif;\">1 x Pavillon 3 x 3 m<\/span><br \/>\n<span style=\"font-family: arial, helvetica, sans-serif;\">1 x Zielwand 220 x 50 x 95 cm<\/span><br \/>\n<span style=\"font-family: arial, helvetica, sans-serif;\">1 x Bierbank mit Husse<br \/>\n1 x Bierbank<\/span><br \/>\n<span style=\"font-family: arial, helvetica, sans-serif;\">1 x Zielvorrichtung<\/span><br \/>\n<span style=\"font-family: arial, helvetica, sans-serif;\">1 x Lasergewehr<\/span><\/td>\n<\/tr>\n<tr>\n<td><span style=\"font-family: arial, helvetica, sans-serif;\">Platzbedarf:<\/span><\/td>\n<td><span style=\"font-family: arial, helvetica, sans-serif;\">9 x 3 x 2,40 m<\/span><\/td>\n<\/tr>\n<tr>\n<td><span style=\"font-family: arial, helvetica, sans-serif;\">Spieler*innen:<\/span><\/td>\n<td><span style=\"font-family: arial, helvetica, sans-serif;\">1 Spieler\/in<\/span><\/td>\n<\/tr>\n<tr>\n<td><span style=\"font-family: arial, helvetica, sans-serif;\">Zielgruppe:<\/span><\/td>\n<td><span style=\"font-family: arial, helvetica, sans-serif;\">14 &#8211; 99 Jahre<\/span><\/td>\n<\/tr>\n<tr>\n<td><span style=\"font-family: arial, helvetica, sans-serif;\">Betreuung \/ Aufsicht:<\/span><\/td>\n<td><span style=\"font-family: arial, helvetica, sans-serif;\">1 Person<\/span><\/td>\n<\/tr>\n<tr>\n<td><span style=\"font-family: arial, helvetica, sans-serif;\">Selbstbetreuung m\u00f6glich:<\/span><\/td>\n<td><span style=\"font-family: arial, helvetica, sans-serif;\">ja<\/span><\/td>\n<\/tr>\n<tr>\n<td><span style=\"font-family: arial, helvetica, sans-serif;\">\u00a0<\/span><\/td>\n<td><span style=\"font-family: arial, helvetica, sans-serif;\">Abholung an unserem Standort in Konz<\/span><\/td>\n<\/tr>\n<tr>\n<td><span style=\"font-family: arial, helvetica, sans-serif;\">weitere Serviceleistungen:<\/span><\/td>\n<td><span style=\"font-family: arial, helvetica, sans-serif;\">Liefer-, Teil- und Fullservice<\/span><\/td>\n<\/tr>\n<tr>\n<td><span style=\"font-family: arial, helvetica, sans-serif;\">Strombedarf:<\/span><\/td>\n<td><span style=\"font-family: arial, helvetica, sans-serif;\">230V \/ 16A<\/span><\/td>\n<\/tr>\n<tr>\n<td><span style=\"font-family: arial, helvetica, sans-serif;\">\u00a0<\/span><\/td>\n<td><span style=\"font-family: arial, helvetica, sans-serif;\">\u00a0<\/span><\/td>\n<\/tr>\n<tr>\n<td colspan=\"2\"><span style=\"font-family: arial, helvetica, sans-serif;\">Sonderkonditionen f\u00fcr mehrt\u00e4gige Veranstaltungen auf Anfrage.<\/span><\/td>\n<\/tr>\n<\/tbody>\n<\/table>\n<hr \/>\n<p>&nbsp;<\/p>\n","protected":false},"excerpt":{"rendered":"<p><span style=\"font-family: arial, helvetica, sans-serif;\">Biathlon &#8211; eine der beliebtesten Wintersportarten. Holen Sie sich diese Attraktion nun auch auf Ihr Event! Hier gibt\u00b4s eine Biathlon Laser Schiessanlage.<\/span><\/p>\n<p><span style=\"font-family: arial, helvetica, sans-serif;\">Ob im Sommer oder Winter, die Biathlon-Gaudi ist bei Ihrer Firmenfeier, dem Vereinsfest oder Tag der offenen T\u00fcr eine sportliche Attraktion.<\/span><\/p>\n<p><span style=\"font-family: arial, helvetica, sans-serif;\">Die Laser Gewehre sind v\u00f6llig ungef\u00e4hrlich und unterliegen keinem Waffengesetz, daher k\u00f6nnen sie von Jung und Alt genutzt werden!<\/span><br \/>\n<span style=\"font-family: arial, helvetica, sans-serif;\"> Ein Super Wettkampfspiel, das nicht nur im Winter Spa\u00df macht!<\/span><\/p>\n<p><span style=\"font-family: arial, helvetica, sans-serif;\">F\u00fcnf Zielpunkte gilt es m\u00f6glichst schnell und mit wenig Versuchen zu treffen.<\/span><\/p>\n<p>&nbsp;<\/p>\n","protected":false},"featured_media":2394,"template":"","meta":[],"product_cat":[122,115],"product_tag":[],"_links":{"self":[{"href":"https:\/\/www.spielmobil-konz.de\/index.php?rest_route=\/wp\/v2\/product\/2393"}],"collection":[{"href":"https:\/\/www.spielmobil-konz.de\/index.php?rest_route=\/wp\/v2\/product"}],"about":[{"href":"https:\/\/www.spielmobil-konz.de\/index.php?rest_route=\/wp\/v2\/types\/product"}],"wp:featuredmedia":[{"embeddable":true,"href":"https:\/\/www.spielmobil-konz.de\/index.php?rest_route=\/wp\/v2\/media\/2394"}],"wp:attachment":[{"href":"https:\/\/www.spielmobil-konz.de\/index.php?rest_route=%2Fwp%2Fv2%2Fmedia&parent=2393"}],"wp:term":[{"taxonomy":"product_cat","embeddable":true,"href":"https:\/\/www.spielmobil-konz.de\/index.php?rest_route=%2Fwp%2Fv2%2Fproduct_cat&post=2393"},{"taxonomy":"product_tag","embeddable":true,"href":"https:\/\/www.spielmobil-konz.de\/index.php?rest_route=%2Fwp%2Fv2%2Fproduct_tag&post=2393"}],"curies":[{"name":"wp","href":"https:\/\/api.w.org\/{rel}","templated":true}]}}