{"id":2387,"date":"2018-02-01T20:19:12","date_gmt":"2018-02-01T19:19:12","guid":{"rendered":"http:\/\/www.spielmobil-konz.de\/?post_type=product&#038;p=2387"},"modified":"2024-03-25T23:06:13","modified_gmt":"2024-03-25T22:06:13","slug":"spieloase-fuer-kinder","status":"publish","type":"product","link":"https:\/\/www.spielmobil-konz.de\/?product=spieloase-fuer-kinder","title":{"rendered":"Abenteuerland Trailer"},"content":{"rendered":"<hr \/>\n<table style=\"width: 69.5162%; height: 360px;\">\n<tbody>\n<tr style=\"height: 24px;\">\n<td style=\"width: 225px; height: 24px;\"><span style=\"font-size: 16px;\">Equipment Set:<\/span><\/td>\n<td style=\"height: 24px;\"><span style=\"font-size: 16px;\">Mobiler Spielanh\u00e4nger<\/span><\/td>\n<\/tr>\n<tr style=\"height: 24px;\">\n<td style=\"height: 24px;\"><span style=\"font-size: 16px;\">\u00a0<\/span><\/td>\n<td style=\"height: 24px;\"><span style=\"font-size: 16px;\">\u00a0<\/span><\/td>\n<\/tr>\n<tr style=\"height: 24px;\">\n<td style=\"height: 24px;\"><span style=\"font-size: 16px;\">Gewicht:<\/span><\/td>\n<td style=\"height: 24px;\"><span style=\"font-size: 16px;\">1400 kg<\/span><\/td>\n<\/tr>\n<tr style=\"height: 24px;\">\n<td style=\"height: 24px;\"><span style=\"font-size: 16px;\">Gr\u00f6\u00dfe:<\/span><\/td>\n<td style=\"height: 24px;\"><span style=\"font-size: 16px;\">6,00 x 2,30 x 2,80 m<\/span><\/td>\n<\/tr>\n<tr style=\"height: 24px;\">\n<td style=\"height: 24px;\"><span style=\"font-size: 16px;\">Platzbedarf:<\/span><\/td>\n<td style=\"height: 24px;\"><span style=\"font-size: 16px;\">10 x 8 x 3 m<\/span><\/td>\n<\/tr>\n<tr style=\"height: 24px;\">\n<td style=\"height: 24px;\"><span style=\"font-size: 16px;\">Spieler: innen:<\/span><\/td>\n<td style=\"height: 24px;\"><span style=\"font-size: 16px;\">bis zu 10 Kinder gleichzeitig<\/span><\/td>\n<\/tr>\n<tr style=\"height: 24px;\">\n<td style=\"height: 24px;\"><span style=\"font-size: 16px;\">Zielgruppe:<\/span><\/td>\n<td style=\"height: 24px;\"><span style=\"font-size: 16px;\">3 &#8211; 10 Jahre<\/span><\/td>\n<\/tr>\n<tr style=\"height: 24px;\">\n<td style=\"height: 24px;\"><span style=\"font-size: 16px;\">Betreuung \/ Aufsicht:<\/span><\/td>\n<td style=\"height: 24px;\"><span style=\"font-size: 16px;\">1 Person<\/span><\/td>\n<\/tr>\n<tr style=\"height: 24px;\">\n<td style=\"height: 24px;\"><span style=\"font-size: 16px;\">Selbstbetreuung m\u00f6glich:<\/span><\/td>\n<td style=\"height: 24px;\"><span style=\"font-size: 16px;\">ja<\/span><\/td>\n<\/tr>\n<tr style=\"height: 24px;\">\n<td style=\"height: 24px;\"><span style=\"font-size: 16px;\">\u00a0<\/span><\/td>\n<td style=\"height: 24px;\"><span style=\"font-size: 16px;\">Abholung an unserem Standort in Konz<\/span><\/td>\n<\/tr>\n<tr style=\"height: 24px;\">\n<td style=\"height: 24px;\"><span style=\"font-size: 16px;\">weitere Serviceleistungen:<\/span><\/td>\n<td style=\"height: 24px;\"><span style=\"font-size: 16px;\">Liefer-, Teil- und\/oder Fullservice m\u00f6glich<br \/>\n<\/span><\/td>\n<\/tr>\n<tr style=\"height: 24px;\">\n<td style=\"height: 24px;\"><span style=\"font-size: 16px;\">Strombedarf:<\/span><\/td>\n<td style=\"height: 24px;\"><span style=\"font-size: 16px;\">230V \/ 16A<\/span><\/td>\n<\/tr>\n<tr style=\"height: 24px;\">\n<td style=\"height: 24px;\"><span style=\"font-size: 16px;\">Wasserbedarf:<\/span><\/td>\n<td style=\"height: 24px;\"><span style=\"font-size: 16px;\">nein<\/span><\/td>\n<\/tr>\n<tr style=\"height: 24px;\">\n<td style=\"height: 24px;\"><span style=\"font-size: 16px;\">\u00a0<\/span><\/td>\n<td style=\"height: 24px;\"><span style=\"font-size: 16px;\">\u00a0<\/span><\/td>\n<\/tr>\n<\/tbody>\n<\/table>\n<hr \/>\n<p>&nbsp;<\/p>\n","protected":false},"excerpt":{"rendered":"<p><span style=\"font-size: 16px;\">Unser Abenteuerland f\u00fcr Kinder bietet auf mehren Ebenen vielf\u00e4ltige Spielm\u00f6glichkeiten. <\/span><\/p>\n<p><span style=\"font-size: 16px;\">Ein <strong>Multi Activity Spielerlebnis<\/strong> f\u00fcr kleine Abenteurer.<\/span><\/p>\n<p><span style=\"font-size: 16px;\">Eine mobile Erlebniswelt mit Kletterstiegen, Rutsche, B\u00e4lle-Pool, Ballschaukel, Aussichtsstops\u00a0 und Softplay-Hindernisse versprechen ein ausgelassenes Vergn\u00fcgen f\u00fcr alle Kids Ihrer Veranstaltung.<\/span><\/p>\n<p><span style=\"font-size: 16px;\">Der Trailer ist einfach aufzubauen und Sie erreichen mit dem Abenteuerland eine gro\u00dfe Anzahl an Kindern. Der Trailer garantiert eine hohe Durchlaufquote und Sie ben\u00f6tigen zur Aufsicht nur 1 Betreuungsperson.<br \/>\n<\/span><\/p>\n<p><span style=\"font-size: 16px;\">Somit ist unser Abenteuerland ein ideales Spielmodule f\u00fcr Ihr Dorf-, Ihr Vereinsfest oder Ihrer Kirmes.<\/span><\/p>\n","protected":false},"featured_media":3185,"template":"","meta":[],"product_cat":[140,39,46,113,60,62],"product_tag":[],"_links":{"self":[{"href":"https:\/\/www.spielmobil-konz.de\/index.php?rest_route=\/wp\/v2\/product\/2387"}],"collection":[{"href":"https:\/\/www.spielmobil-konz.de\/index.php?rest_route=\/wp\/v2\/product"}],"about":[{"href":"https:\/\/www.spielmobil-konz.de\/index.php?rest_route=\/wp\/v2\/types\/product"}],"wp:featuredmedia":[{"embeddable":true,"href":"https:\/\/www.spielmobil-konz.de\/index.php?rest_route=\/wp\/v2\/media\/3185"}],"wp:attachment":[{"href":"https:\/\/www.spielmobil-konz.de\/index.php?rest_route=%2Fwp%2Fv2%2Fmedia&parent=2387"}],"wp:term":[{"taxonomy":"product_cat","embeddable":true,"href":"https:\/\/www.spielmobil-konz.de\/index.php?rest_route=%2Fwp%2Fv2%2Fproduct_cat&post=2387"},{"taxonomy":"product_tag","embeddable":true,"href":"https:\/\/www.spielmobil-konz.de\/index.php?rest_route=%2Fwp%2Fv2%2Fproduct_tag&post=2387"}],"curies":[{"name":"wp","href":"https:\/\/api.w.org\/{rel}","templated":true}]}}