{"id":2372,"date":"2018-01-26T20:23:02","date_gmt":"2018-01-26T19:23:02","guid":{"rendered":"http:\/\/www.spielmobil-konz.de\/?post_type=product&#038;p=2372"},"modified":"2025-03-14T19:57:34","modified_gmt":"2025-03-14T18:57:34","slug":"fussball-billiard","status":"publish","type":"product","link":"https:\/\/www.spielmobil-konz.de\/?product=fussball-billiard","title":{"rendered":"Fu\u00dfball Billard"},"content":{"rendered":"<hr \/>\n<table>\n<tbody>\n<tr>\n<td style=\"width: 225px;\"><span style=\"font-size: 16px;\">Equipment Set:<\/span><\/td>\n<td><span style=\"font-size: 16px;\">aufblasbarer Billardumrandung,<br \/>\n<\/span><\/td>\n<\/tr>\n<tr>\n<td><span style=\"font-size: 16px;\">Zubeh\u00f6r<\/span><\/td>\n<td><span style=\"font-size: 16px;\">Gebl\u00e4se, Fu\u00dfball Set<\/span><\/td>\n<\/tr>\n<tr>\n<td><span style=\"font-size: 16px;\">Platzbedarf:<\/span><\/td>\n<td><span style=\"font-size: 16px;\">10 x 8 m<\/span><\/td>\n<\/tr>\n<tr>\n<td><span style=\"font-size: 16px;\">Gr\u00f6\u00dfe:<\/span><\/td>\n<td><span style=\"font-size: 16px;\">7 x 4 m<\/span><\/td>\n<\/tr>\n<tr>\n<td><span style=\"font-size: 16px;\">Spieler*innen:<\/span><\/td>\n<td><span style=\"font-size: 16px;\">1 &#8211; 2<\/span><\/td>\n<\/tr>\n<tr>\n<td><span style=\"font-size: 16px;\">Zielgruppe:<\/span><\/td>\n<td><span style=\"font-size: 16px;\">ab 13 &#8211; 99 Jahre<\/span><\/td>\n<\/tr>\n<tr>\n<td><span style=\"font-size: 16px;\">\u00a0<\/span><\/td>\n<td><span style=\"font-size: 16px;\">\u00a0<\/span><\/td>\n<\/tr>\n<tr>\n<td><span style=\"font-size: 16px;\">Selbstbetreuung m\u00f6glich:<\/span><\/td>\n<td><span style=\"font-size: 16px;\">\u00a0ja<\/span><\/td>\n<\/tr>\n<tr>\n<td><span style=\"font-size: 16px;\">Transportumfang:<\/span><\/td>\n<td><span style=\"font-size: 16px;\">Europalette (1,20 x 0,80 m)<\/span><\/td>\n<\/tr>\n<tr>\n<td><span style=\"font-size: 16px;\">weitere Serviceleistungen:<\/span><\/td>\n<td><span style=\"font-size: 16px;\">Liefer-, Teil- und Fullservice<\/span><\/td>\n<\/tr>\n<tr>\n<td><span style=\"font-size: 16px;\">\u00a0<\/span><\/td>\n<td><span style=\"font-size: 16px;\">\u00a0<\/span><\/td>\n<\/tr>\n<tr>\n<td><span style=\"font-size: 16px;\">Strombedarf:<\/span><\/td>\n<td><span style=\"font-size: 16px;\">230V \/ 16A<\/span><\/td>\n<\/tr>\n<tr>\n<td><span style=\"font-size: 16px;\">Wasserbedarf:<\/span><\/td>\n<td><span style=\"font-size: 16px;\">nein<\/span><\/td>\n<\/tr>\n<tr>\n<td>&nbsp;<\/td>\n<td>&nbsp;<\/td>\n<\/tr>\n<\/tbody>\n<\/table>\n<hr \/>\n<p>&nbsp;<\/p>\n","protected":false},"excerpt":{"rendered":"<p><span style=\"font-size: 16px;\"><strong>Ob Fu\u00dfball Billard, Soccerpool, Footpool oder Snook Football&#8230;, <\/strong><\/span><\/p>\n<p><span style=\"font-size: 16px;\">es gibt viele verschiedene Begriffe f\u00fcr diesen neuen Funsport welcher zurzeit die Welt erobert und eine Kombination aus Billard und Fu\u00dfball ist. Der neue Trendsport ist eine gelungene Mischung aus Ballgef\u00fchl, K\u00f6pfchen und Spa\u00df. Gespielt wird auf einem \u00fcberdimensional aufblasbaren gro\u00dfen Billardtisch.<\/span><\/p>\n<p><span style=\"font-size: 16px;\">Wie beim echten Billard m\u00fcssen hier mittels der wei\u00dfen &#8220;Kugel&#8221; in diesem Fall des wei\u00dfen Lederballs die halben und vollen B\u00e4lle in den L\u00f6chern des Spielfeld versenkt werden. Es treten dabei zwei Teams gegeneinander an.<\/span><\/p>\n<p><span style=\"font-size: 16px;\">Ein riesen Spa\u00df f\u00fcr Jung und Alt.<\/span><\/p>\n<p>&nbsp;<\/p>\n<p>&nbsp;<\/p>\n","protected":false},"featured_media":2373,"template":"","meta":[],"product_cat":[139,122,39,42,46,48,113,62,55],"product_tag":[],"_links":{"self":[{"href":"https:\/\/www.spielmobil-konz.de\/index.php?rest_route=\/wp\/v2\/product\/2372"}],"collection":[{"href":"https:\/\/www.spielmobil-konz.de\/index.php?rest_route=\/wp\/v2\/product"}],"about":[{"href":"https:\/\/www.spielmobil-konz.de\/index.php?rest_route=\/wp\/v2\/types\/product"}],"wp:featuredmedia":[{"embeddable":true,"href":"https:\/\/www.spielmobil-konz.de\/index.php?rest_route=\/wp\/v2\/media\/2373"}],"wp:attachment":[{"href":"https:\/\/www.spielmobil-konz.de\/index.php?rest_route=%2Fwp%2Fv2%2Fmedia&parent=2372"}],"wp:term":[{"taxonomy":"product_cat","embeddable":true,"href":"https:\/\/www.spielmobil-konz.de\/index.php?rest_route=%2Fwp%2Fv2%2Fproduct_cat&post=2372"},{"taxonomy":"product_tag","embeddable":true,"href":"https:\/\/www.spielmobil-konz.de\/index.php?rest_route=%2Fwp%2Fv2%2Fproduct_tag&post=2372"}],"curies":[{"name":"wp","href":"https:\/\/api.w.org\/{rel}","templated":true}]}}