{"id":2369,"date":"2018-01-26T19:54:48","date_gmt":"2018-01-26T18:54:48","guid":{"rendered":"http:\/\/www.spielmobil-konz.de\/?post_type=product&#038;p=2369"},"modified":"2022-09-16T00:13:25","modified_gmt":"2022-09-15T22:13:25","slug":"fussball-dart","status":"publish","type":"product","link":"https:\/\/www.spielmobil-konz.de\/?product=fussball-dart","title":{"rendered":"Fu\u00dfball Dart XXL"},"content":{"rendered":"<table>\n<tbody>\n<tr>\n<td><span style=\"font-size: 16px;\">Equipment Set:<\/span><\/td>\n<td><span style=\"font-size: 16px;\">aufblasbare Dartscheibe, Gebl\u00e4se, 3 Fu\u00dfb\u00e4lle<\/span><\/td>\n<\/tr>\n<tr>\n<td><span style=\"font-size: 16px;\">\u00a0<\/span><\/td>\n<td><span style=\"font-size: 16px;\">\u00a0<\/span><\/td>\n<\/tr>\n<tr>\n<td><span style=\"font-size: 16px;\">Platzbedarf:<\/span><\/td>\n<td><span style=\"font-size: 16px;\">15 x 15 m<\/span><\/td>\n<\/tr>\n<tr>\n<td><span style=\"font-size: 16px;\">Spieler*innen:<\/span><\/td>\n<td><span style=\"font-size: 16px;\">Einzeln und\/oder Gruppen<\/span><\/td>\n<\/tr>\n<tr>\n<td><span style=\"font-size: 16px;\">Zielgruppe:<\/span><\/td>\n<td><span style=\"font-size: 16px;\">jeden Alters<\/span><\/td>\n<\/tr>\n<tr>\n<td><span style=\"font-size: 16px;\">Betreuung:<\/span><\/td>\n<td><span style=\"font-size: 16px;\">1 Spielleiter*in<\/span><\/td>\n<\/tr>\n<tr>\n<td><span style=\"font-size: 16px;\">\u00a0<\/span><\/td>\n<td><span style=\"font-size: 16px;\">\u00a0<\/span><\/td>\n<\/tr>\n<tr>\n<td><span style=\"font-size: 16px;\">Selbstbetreuung m\u00f6glich:<\/span><\/td>\n<td><span style=\"font-size: 16px;\">\u00a0ja<\/span><\/td>\n<\/tr>\n<tr>\n<td><span style=\"font-size: 16px;\">Gr\u00f6\u00dfe aufgeblasen:<\/span><\/td>\n<td><span style=\"font-size: 16px;\">\u00d8 5 m<\/span><\/td>\n<\/tr>\n<tr>\n<td><span style=\"font-size: 16px;\">Transportumfang:<\/span><\/td>\n<td><span style=\"font-size: 16px;\">Europalette (1,20 x 0,80 m)<\/span><\/td>\n<\/tr>\n<tr>\n<td><span style=\"font-size: 16px;\">weitere Serviceleistungen:<\/span><\/td>\n<td><span style=\"font-size: 16px;\">Liefer-, Teil- und Fullservice<\/span><\/td>\n<\/tr>\n<tr>\n<td><span style=\"font-size: 16px;\">\u00a0<\/span><\/td>\n<td><span style=\"font-size: 16px;\">\u00a0<\/span><\/td>\n<\/tr>\n<tr>\n<td><span style=\"font-size: 16px;\">Strombedarf:<\/span><\/td>\n<td><span style=\"font-size: 16px;\">230V \/ 16A<\/span><\/td>\n<\/tr>\n<tr>\n<td><span style=\"font-size: 16px;\">Wasserbedarf:<\/span><\/td>\n<td><span style=\"font-size: 16px;\">nein<\/span><\/td>\n<\/tr>\n<\/tbody>\n<\/table>\n","protected":false},"excerpt":{"rendered":"<p><span style=\"font-size: 16px;\"><strong>Fu\u00dfball Darts ist die neue Eventattraktion f\u00fcr Jung und Alt!<\/strong><\/span><\/p>\n<p><span style=\"font-size: 16px;\">Beim Fu\u00dfball Darts schie\u00dfen die Teilnehmer mit Klett-Fu\u00dfb\u00e4llen auf die riesige Dartscheibe. Fu\u00dfball Dart macht nicht nur super viel Spa\u00df, sondern ist auch ein echter Blickfang f\u00fcr Ihr Event.\u00a0<\/span><\/p>\n<p>&nbsp;<\/p>\n<p>&nbsp;<\/p>\n<p>&nbsp;<\/p>\n","protected":false},"featured_media":2726,"template":"","meta":[],"product_cat":[122,39,42,46,47,48,113,61,62,55],"product_tag":[],"_links":{"self":[{"href":"https:\/\/www.spielmobil-konz.de\/index.php?rest_route=\/wp\/v2\/product\/2369"}],"collection":[{"href":"https:\/\/www.spielmobil-konz.de\/index.php?rest_route=\/wp\/v2\/product"}],"about":[{"href":"https:\/\/www.spielmobil-konz.de\/index.php?rest_route=\/wp\/v2\/types\/product"}],"wp:featuredmedia":[{"embeddable":true,"href":"https:\/\/www.spielmobil-konz.de\/index.php?rest_route=\/wp\/v2\/media\/2726"}],"wp:attachment":[{"href":"https:\/\/www.spielmobil-konz.de\/index.php?rest_route=%2Fwp%2Fv2%2Fmedia&parent=2369"}],"wp:term":[{"taxonomy":"product_cat","embeddable":true,"href":"https:\/\/www.spielmobil-konz.de\/index.php?rest_route=%2Fwp%2Fv2%2Fproduct_cat&post=2369"},{"taxonomy":"product_tag","embeddable":true,"href":"https:\/\/www.spielmobil-konz.de\/index.php?rest_route=%2Fwp%2Fv2%2Fproduct_tag&post=2369"}],"curies":[{"name":"wp","href":"https:\/\/api.w.org\/{rel}","templated":true}]}}