{"id":2366,"date":"2018-01-26T19:41:28","date_gmt":"2018-01-26T18:41:28","guid":{"rendered":"http:\/\/www.spielmobil-konz.de\/?post_type=product&#038;p=2366"},"modified":"2022-09-15T16:56:39","modified_gmt":"2022-09-15T14:56:39","slug":"fussball-bubble","status":"publish","type":"product","link":"https:\/\/www.spielmobil-konz.de\/?product=fussball-bubble","title":{"rendered":"Fu\u00dfball Bubble Set 3 gegen 3"},"content":{"rendered":"<hr \/>\n<table>\n<tbody>\n<tr>\n<td style=\"width: 200px;\"><span style=\"font-size: 16px;\">Equipment Set:<\/span><\/td>\n<td><span style=\"font-size: 16px;\">6 x\u00a0 Bubble Kugeln, Gebl\u00e4se<\/span><\/td>\n<\/tr>\n<tr>\n<td><span style=\"font-size: 16px;\">\u00a0<\/span><\/td>\n<td><span style=\"font-size: 16px;\">\u00a0<\/span><\/td>\n<\/tr>\n<tr>\n<td><span style=\"font-size: 16px;\">Platzbedarf:<\/span><\/td>\n<td><span style=\"font-size: 16px;\">30 x 10 m<\/span><\/td>\n<\/tr>\n<tr>\n<td style=\"vertical-align: top;\"><span style=\"font-size: 16px;\">Untertgrund: <\/span><\/td>\n<td style=\"vertical-align: top;\"><span style=\"font-size: 16px;\">Es wird ein sauberer Untergrund ben\u00f6tigt! z.B. Fu\u00dfballrasen, Indoorsporthalle o.\u00e4.<\/span><\/td>\n<\/tr>\n<tr>\n<td><span style=\"font-size: 16px;\">Gr\u00f6\u00dfe:<\/span><\/td>\n<td><span style=\"font-size: 16px;\">\u00d8 1,5 m<\/span><\/td>\n<\/tr>\n<tr>\n<td><span style=\"font-size: 16px;\">Spieler*innen:<\/span><\/td>\n<td><span style=\"font-size: 16px;\">bis zu 6 Teilnehmern <\/span><\/td>\n<\/tr>\n<tr>\n<td><span style=\"font-size: 16px;\">Zielgruppe:<\/span><\/td>\n<td><span style=\"font-size: 16px;\">ab 12 Jahre<\/span><\/td>\n<\/tr>\n<tr>\n<td><span style=\"font-size: 16px;\">Betreuung:<\/span><\/td>\n<td><span style=\"font-size: 16px;\">1 Spielleiter*in immer notwenig <\/span><\/td>\n<\/tr>\n<tr>\n<td><span style=\"font-size: 16px;\">\u00a0<\/span><\/td>\n<td><span style=\"font-size: 16px;\">\u00a0<\/span><\/td>\n<\/tr>\n<tr>\n<td><span style=\"font-size: 16px;\">Selbstbetreuung m\u00f6glich:<\/span><\/td>\n<td><span style=\"font-size: 16px;\">\u00a0ja<\/span><\/td>\n<\/tr>\n<tr>\n<td><span style=\"font-size: 16px;\">Transportumfang:<\/span><\/td>\n<td><span style=\"font-size: 16px;\">Paletten Transportbox\u00a0 1200 x 1000 x 790 mm (L x B x H)<\/span><\/td>\n<\/tr>\n<tr>\n<td style=\"vertical-align: top;\"><span style=\"font-size: 16px;\">weitere Serviceleistungen:<\/span><\/td>\n<td style=\"vertical-align: top;\"><span style=\"font-size: 16px;\">Liefer-, Teil- und Fullservice<\/span><\/td>\n<\/tr>\n<tr>\n<td><span style=\"font-size: 16px;\">\u00a0<\/span><\/td>\n<td><span style=\"font-size: 16px;\">\u00a0<\/span><\/td>\n<\/tr>\n<tr>\n<td><span style=\"font-size: 16px;\">Strombedarf:<\/span><\/td>\n<td><span style=\"font-size: 16px;\">230V \/ 16A<\/span><\/td>\n<\/tr>\n<tr>\n<td><span style=\"font-size: 16px;\">Wasserbedarf:<\/span><\/td>\n<td><span style=\"font-size: 16px;\">nein<\/span><\/td>\n<\/tr>\n<\/tbody>\n<\/table>\n<hr \/>\n<p>&nbsp;<\/p>\n","protected":false},"excerpt":{"rendered":"<p><span style=\"font-size: 16px;\"><strong>Das etwas andere Fu\u00dfballspiel<\/strong><\/span><\/p>\n<p><span style=\"font-size: 16px;\">Beim Fu\u00dfball Bubbe steigen die Spieler*innen in luftgepolsterte aufgeblasen Kugeln, aus denen nur den Beine herausschauen. Dabei m\u00fcssen die Spieler*innen trotz ungewohnter Leibesgr\u00f6\u00dfe den Ball ins Tor schie\u00dfen. Gespielt wird mit zwei Mannschaften und was beim herk\u00f6mmlichen Fu\u00dfballspiel abgepfiffen wird, ist beim Fu\u00dfball Bubble ein Teil des Spiels.So sind Boddychecks aufgrund der ungew\u00f6hnlichen K\u00f6rperf\u00fclle keine Seltenheit.<\/span><\/p>\n<p><span style=\"font-size: 16px;\">Ein riesen Spa\u00df f\u00fcr alle Spieler*innen wie auch f\u00fcr die Zuschauer.<\/span><\/p>\n<p>&nbsp;<\/p>\n<p>&nbsp;<\/p>\n<p>&nbsp;<\/p>\n","protected":false},"featured_media":3036,"template":"","meta":[],"product_cat":[122,39,42,46,113,62,55],"product_tag":[],"_links":{"self":[{"href":"https:\/\/www.spielmobil-konz.de\/index.php?rest_route=\/wp\/v2\/product\/2366"}],"collection":[{"href":"https:\/\/www.spielmobil-konz.de\/index.php?rest_route=\/wp\/v2\/product"}],"about":[{"href":"https:\/\/www.spielmobil-konz.de\/index.php?rest_route=\/wp\/v2\/types\/product"}],"wp:featuredmedia":[{"embeddable":true,"href":"https:\/\/www.spielmobil-konz.de\/index.php?rest_route=\/wp\/v2\/media\/3036"}],"wp:attachment":[{"href":"https:\/\/www.spielmobil-konz.de\/index.php?rest_route=%2Fwp%2Fv2%2Fmedia&parent=2366"}],"wp:term":[{"taxonomy":"product_cat","embeddable":true,"href":"https:\/\/www.spielmobil-konz.de\/index.php?rest_route=%2Fwp%2Fv2%2Fproduct_cat&post=2366"},{"taxonomy":"product_tag","embeddable":true,"href":"https:\/\/www.spielmobil-konz.de\/index.php?rest_route=%2Fwp%2Fv2%2Fproduct_tag&post=2366"}],"curies":[{"name":"wp","href":"https:\/\/api.w.org\/{rel}","templated":true}]}}