{"id":2314,"date":"2017-12-21T16:56:23","date_gmt":"2017-12-21T15:56:23","guid":{"rendered":"http:\/\/www.spielmobil-konz.de\/?post_type=product&#038;p=2314"},"modified":"2026-03-25T15:47:20","modified_gmt":"2026-03-25T14:47:20","slug":"hygienestation","status":"publish","type":"product","link":"https:\/\/www.spielmobil-konz.de\/?product=hygienestation","title":{"rendered":"Hygienestation"},"content":{"rendered":"<p>Beinhaltet:<\/p>\n<p>1 x Handwasch,<br \/>\n1 x Ausgu\u00dfbecken, <br \/>\n1 x Seifenspender, <br \/>\n1 x Desinfektionspender, <br \/>\n1 x Papierhandtuchspender <br \/>\n1 x Durchlauferhitzer 220V<\/p>\n","protected":false},"excerpt":{"rendered":"<p>Bei Veranstaltungen mit Getr\u00e4nke- und Cateringst\u00e4nden ist die LMHV (Lebensmittelhygiene-Verordnung) zu beachten. Diese gelten auch f\u00fcr Veranstaltungen von Vereinen, Schulen, Kirchen, etc..<\/p>\n<p>&nbsp;<\/p>\n<p>&nbsp;<\/p>\n<p>&nbsp;<\/p>\n","protected":false},"featured_media":2315,"template":"","meta":[],"product_cat":[130],"product_tag":[],"_links":{"self":[{"href":"https:\/\/www.spielmobil-konz.de\/index.php?rest_route=\/wp\/v2\/product\/2314"}],"collection":[{"href":"https:\/\/www.spielmobil-konz.de\/index.php?rest_route=\/wp\/v2\/product"}],"about":[{"href":"https:\/\/www.spielmobil-konz.de\/index.php?rest_route=\/wp\/v2\/types\/product"}],"wp:featuredmedia":[{"embeddable":true,"href":"https:\/\/www.spielmobil-konz.de\/index.php?rest_route=\/wp\/v2\/media\/2315"}],"wp:attachment":[{"href":"https:\/\/www.spielmobil-konz.de\/index.php?rest_route=%2Fwp%2Fv2%2Fmedia&parent=2314"}],"wp:term":[{"taxonomy":"product_cat","embeddable":true,"href":"https:\/\/www.spielmobil-konz.de\/index.php?rest_route=%2Fwp%2Fv2%2Fproduct_cat&post=2314"},{"taxonomy":"product_tag","embeddable":true,"href":"https:\/\/www.spielmobil-konz.de\/index.php?rest_route=%2Fwp%2Fv2%2Fproduct_tag&post=2314"}],"curies":[{"name":"wp","href":"https:\/\/api.w.org\/{rel}","templated":true}]}}