{"id":2247,"date":"2017-12-20T17:31:48","date_gmt":"2017-12-20T16:31:48","guid":{"rendered":"http:\/\/www.spielmobil-konz.de\/?post_type=product&#038;p=2247"},"modified":"2019-11-05T19:31:02","modified_gmt":"2019-11-05T18:31:02","slug":"loungebank-mit-rueckenlehne-garnitur","status":"publish","type":"product","link":"https:\/\/www.spielmobil-konz.de\/?product=loungebank-mit-rueckenlehne-garnitur","title":{"rendered":"Loungebank Garnitur"},"content":{"rendered":"<p><span style=\"text-decoration: underline;\"><strong><span style=\"font-size: 16px;\">Loungebank mit R\u00fcckenlehne incl. Auflagen<\/span><\/strong><\/span><br \/>\n<span style=\"font-size: 16px;\"> besteht aus 2 Loungeb\u00e4nken und 1 Tisch<\/span><\/p>\n<p><span style=\"font-size: 16px;\">Ma\u00dfe: <\/span><br \/>\n<span style=\"font-size: 16px;\">B\u00e4nke: Breite: 120 cm H\u00f6he: 30 cm Tiefe: 80 cm<\/span><br \/>\n<span style=\"font-size: 16px;\"> Tisch:\u00a0 Breite: 120 cm H\u00f6he: 30 cm Tiefe: 80 cm<\/span><\/p>\n<p>&nbsp;<\/p>\n","protected":false},"excerpt":{"rendered":"<p><span style=\"font-size: 16px;\">Palettenm\u00f6bel geh\u00f6ren zu den aktuellsten M\u00f6belierungstrends auf Events. <\/span><\/p>\n<p><span style=\"font-size: 16px;\">Die R\u00fcckenlehne betont besonders den originellen Charakter der Loungebank und verleiht Ihrem Event\u00a0 eine pers\u00f6nliche und kreative Note.<br \/>\n<\/span><\/p>\n<p><span style=\"font-size: 16px;\">Mit unserer Loungebank Garnitur erhalten Sie gleich eine Sitzgruppe.<\/span><\/p>\n<p>&nbsp;<\/p>\n","protected":false},"featured_media":3050,"template":"","meta":[],"product_cat":[110],"product_tag":[],"_links":{"self":[{"href":"https:\/\/www.spielmobil-konz.de\/index.php?rest_route=\/wp\/v2\/product\/2247"}],"collection":[{"href":"https:\/\/www.spielmobil-konz.de\/index.php?rest_route=\/wp\/v2\/product"}],"about":[{"href":"https:\/\/www.spielmobil-konz.de\/index.php?rest_route=\/wp\/v2\/types\/product"}],"wp:featuredmedia":[{"embeddable":true,"href":"https:\/\/www.spielmobil-konz.de\/index.php?rest_route=\/wp\/v2\/media\/3050"}],"wp:attachment":[{"href":"https:\/\/www.spielmobil-konz.de\/index.php?rest_route=%2Fwp%2Fv2%2Fmedia&parent=2247"}],"wp:term":[{"taxonomy":"product_cat","embeddable":true,"href":"https:\/\/www.spielmobil-konz.de\/index.php?rest_route=%2Fwp%2Fv2%2Fproduct_cat&post=2247"},{"taxonomy":"product_tag","embeddable":true,"href":"https:\/\/www.spielmobil-konz.de\/index.php?rest_route=%2Fwp%2Fv2%2Fproduct_tag&post=2247"}],"curies":[{"name":"wp","href":"https:\/\/api.w.org\/{rel}","templated":true}]}}