{"id":2230,"date":"2017-12-20T16:01:20","date_gmt":"2017-12-20T15:01:20","guid":{"rendered":"http:\/\/www.spielmobil-konz.de\/?post_type=product&#038;p=2230"},"modified":"2024-03-18T16:11:12","modified_gmt":"2024-03-18T15:11:12","slug":"palettenmoebel","status":"publish","type":"product","link":"https:\/\/www.spielmobil-konz.de\/?product=palettenmoebel","title":{"rendered":"Palettenm\u00f6bel f\u00fcr Ihr Event"},"content":{"rendered":"","protected":false},"excerpt":{"rendered":"<p>Palettenm\u00f6bel aus Europaletten sind sehr beliebt. Vor allem als chillige Lounge-<wbr \/>M\u00f6bel bereichern sie jedes anspruchsvolle Event .<\/p>\n<p>&nbsp;<\/p>\n<p>&nbsp;<\/p>\n","protected":false},"featured_media":3048,"template":"","meta":[],"product_cat":[132,115],"product_tag":[],"_links":{"self":[{"href":"https:\/\/www.spielmobil-konz.de\/index.php?rest_route=\/wp\/v2\/product\/2230"}],"collection":[{"href":"https:\/\/www.spielmobil-konz.de\/index.php?rest_route=\/wp\/v2\/product"}],"about":[{"href":"https:\/\/www.spielmobil-konz.de\/index.php?rest_route=\/wp\/v2\/types\/product"}],"wp:featuredmedia":[{"embeddable":true,"href":"https:\/\/www.spielmobil-konz.de\/index.php?rest_route=\/wp\/v2\/media\/3048"}],"wp:attachment":[{"href":"https:\/\/www.spielmobil-konz.de\/index.php?rest_route=%2Fwp%2Fv2%2Fmedia&parent=2230"}],"wp:term":[{"taxonomy":"product_cat","embeddable":true,"href":"https:\/\/www.spielmobil-konz.de\/index.php?rest_route=%2Fwp%2Fv2%2Fproduct_cat&post=2230"},{"taxonomy":"product_tag","embeddable":true,"href":"https:\/\/www.spielmobil-konz.de\/index.php?rest_route=%2Fwp%2Fv2%2Fproduct_tag&post=2230"}],"curies":[{"name":"wp","href":"https:\/\/api.w.org\/{rel}","templated":true}]}}