{"id":2224,"date":"2017-12-19T18:35:18","date_gmt":"2017-12-19T17:35:18","guid":{"rendered":"http:\/\/www.spielmobil-konz.de\/?post_type=product&#038;p=2224"},"modified":"2024-05-15T15:52:23","modified_gmt":"2024-05-15T13:52:23","slug":"getraenkekuehlschraenke","status":"publish","type":"product","link":"https:\/\/www.spielmobil-konz.de\/?product=getraenkekuehlschraenke","title":{"rendered":"Getr\u00e4nke &#8211; K\u00fchlschrank"},"content":{"rendered":"<div>\n<p>Allgemein:<\/p>\n<ul>\n<li>Getr\u00e4nkek\u00fchlschrank mit Glast\u00fcr<\/li>\n<li>Korpus aus Stahlblech<\/li>\n<li>Innen aus ABS &#8211; Kunststoff<\/li>\n<li>Farbe: wei\u00df \/ schwarz<\/li>\n<li>mit beleuchtetem Werbedisplay<\/li>\n<li>Nutzvolumen: 345 Liter<\/li>\n<li>analoges Thermometer<\/li>\n<li>2 Transportrollen und 2 h\u00f6henverstellbare Schraubf\u00fc\u00dfe<\/li>\n<li>Betriebslautst\u00e4rke: 45 dB(A)<\/li>\n<\/ul>\n<p>K\u00fchlung:<\/p>\n<ul>\n<li>Statische K\u00fchlung<\/li>\n<li>mit zus\u00e4tzlichem L\u00fcfterrad zur Luftverteilung<\/li>\n<li>automatische Abtauung<\/li>\n<li>K\u00e4ltemittel: R134a, FCKW &#8211; frei<\/li>\n<li>Temperaturbereich: +1\u00b0C bis +10\u00b0C<\/li>\n<li>Getestet bei Umgebungstemperatur: +16\u00b0C bis +32\u00b0C, Klimaklasse N<\/li>\n<\/ul>\n<p>Innenraum:<\/p>\n<ul>\n<li>Glast\u00fcr mit schwarzem T\u00fcrrahmen und Griff<\/li>\n<li>Glast\u00fcr mit T\u00fcrschloss<\/li>\n<li>T\u00fcranschlag rechts (nach links wechselbar)<\/li>\n<li>4 h\u00f6henverstellbare Ablageroste (BxT): 490 x 360 mm<\/li>\n<li>mit Innenbeleuchtung<\/li>\n<li>f\u00fcr z.B. 455 Getr\u00e4nkedosen (0,33 Liter), 301 Getr\u00e4nkedosen (0,50 Liter) oder 217 Getr\u00e4nkeflaschen (0,33 Liter)<\/li>\n<\/ul>\n<p>Anschluss:<\/p>\n<ul>\n<li>Anschlusswert: 295 Watt<\/li>\n<li>Durchschnittsverbrauch: 2,2 kWh \/ 24 h<\/li>\n<li>Elektrischer Anschluss: 230 V \/ 1 N \/ 50 Hz<\/li>\n<li>mit Stecker in Schuko-Bauart nach CEE 7\/7<\/li>\n<\/ul>\n<p>Ma\u00dfe:<\/p>\n<ul>\n<li>Innen BxTxH: 523 x 436 x 1555 mm<\/li>\n<li>Au\u00dfen BxTxH: 595 x 600 x 1980 mm<\/li>\n<\/ul>\n<\/div>\n","protected":false},"excerpt":{"rendered":"<p>Getr\u00e4nkek\u00fchlschrank mit Glast\u00fcren f\u00fcr Ihr Event<\/p>\n<p>&nbsp;<\/p>\n<p>&nbsp;<\/p>\n<p>&nbsp;<\/p>\n<p>&nbsp;<\/p>\n<p>&nbsp;<\/p>\n<p>&nbsp;<\/p>\n<p>&nbsp;<\/p>\n<p>&nbsp;<\/p>\n<p>&nbsp;<\/p>\n","protected":false},"featured_media":2225,"template":"","meta":[],"product_cat":[125,130],"product_tag":[],"_links":{"self":[{"href":"https:\/\/www.spielmobil-konz.de\/index.php?rest_route=\/wp\/v2\/product\/2224"}],"collection":[{"href":"https:\/\/www.spielmobil-konz.de\/index.php?rest_route=\/wp\/v2\/product"}],"about":[{"href":"https:\/\/www.spielmobil-konz.de\/index.php?rest_route=\/wp\/v2\/types\/product"}],"wp:featuredmedia":[{"embeddable":true,"href":"https:\/\/www.spielmobil-konz.de\/index.php?rest_route=\/wp\/v2\/media\/2225"}],"wp:attachment":[{"href":"https:\/\/www.spielmobil-konz.de\/index.php?rest_route=%2Fwp%2Fv2%2Fmedia&parent=2224"}],"wp:term":[{"taxonomy":"product_cat","embeddable":true,"href":"https:\/\/www.spielmobil-konz.de\/index.php?rest_route=%2Fwp%2Fv2%2Fproduct_cat&post=2224"},{"taxonomy":"product_tag","embeddable":true,"href":"https:\/\/www.spielmobil-konz.de\/index.php?rest_route=%2Fwp%2Fv2%2Fproduct_tag&post=2224"}],"curies":[{"name":"wp","href":"https:\/\/api.w.org\/{rel}","templated":true}]}}