{"id":2209,"date":"2017-12-19T17:01:03","date_gmt":"2017-12-19T16:01:03","guid":{"rendered":"http:\/\/www.spielmobil-konz.de\/?post_type=product&#038;p=2209"},"modified":"2024-05-15T15:39:10","modified_gmt":"2024-05-15T13:39:10","slug":"stehtische","status":"publish","type":"product","link":"https:\/\/www.spielmobil-konz.de\/?product=stehtische","title":{"rendered":"Edelstahl Stehtische"},"content":{"rendered":"<h2><span style=\"font-size: 16px;\">Merkmale:<\/span><\/h2>\n<div>\n<ul>\n<li>stabiles und robustes V2A Tischgestell<\/li>\n<li>platzsparend durch Scheren-Klappsystem<\/li>\n<li>stabiler Stand auf jedem Untergrund<\/li>\n<li>Polyethylen (PE HMW) Tischplatte &#8220;unkaputtbar&#8221;<\/li>\n<li>Tischplatte durchgehend mit Gestell verschraubt<\/li>\n<li>lebensmittelecht und wasserfest<\/li>\n<li>30 mm Schirmloch mittig<\/li>\n<li>V2A Halterung f\u00fcr Sonnenschirm serienm\u00e4\u00dfig<\/li>\n<li>alle Befestigungsteile aus Edelstahl<\/li>\n<\/ul>\n<\/div>\n<h2><span style=\"font-size: 16px;\">Technische Daten<\/span><\/h2>\n<div>\n<ul>\n<li>H\u00f6he ca. 1.150 mm<\/li>\n<li>Durchmesser Tischplatte ca. 800 mm<\/li>\n<li>Materialst\u00e4rke Tischplatte ca. 20 mm<\/li>\n<li>Packma\u00df ca. 1.370 x 800 x 70 mm<\/li>\n<li>Eigengewicht ca. 16 kg<\/li>\n<\/ul>\n<div>\u00a0<\/div>\n<\/div>\n","protected":false},"excerpt":{"rendered":"<p>Edelstahl Stehtische<\/p>\n<p>&nbsp;<\/p>\n","protected":false},"featured_media":2210,"template":"","meta":[],"product_cat":[130,132],"product_tag":[],"_links":{"self":[{"href":"https:\/\/www.spielmobil-konz.de\/index.php?rest_route=\/wp\/v2\/product\/2209"}],"collection":[{"href":"https:\/\/www.spielmobil-konz.de\/index.php?rest_route=\/wp\/v2\/product"}],"about":[{"href":"https:\/\/www.spielmobil-konz.de\/index.php?rest_route=\/wp\/v2\/types\/product"}],"wp:featuredmedia":[{"embeddable":true,"href":"https:\/\/www.spielmobil-konz.de\/index.php?rest_route=\/wp\/v2\/media\/2210"}],"wp:attachment":[{"href":"https:\/\/www.spielmobil-konz.de\/index.php?rest_route=%2Fwp%2Fv2%2Fmedia&parent=2209"}],"wp:term":[{"taxonomy":"product_cat","embeddable":true,"href":"https:\/\/www.spielmobil-konz.de\/index.php?rest_route=%2Fwp%2Fv2%2Fproduct_cat&post=2209"},{"taxonomy":"product_tag","embeddable":true,"href":"https:\/\/www.spielmobil-konz.de\/index.php?rest_route=%2Fwp%2Fv2%2Fproduct_tag&post=2209"}],"curies":[{"name":"wp","href":"https:\/\/api.w.org\/{rel}","templated":true}]}}