{"id":2207,"date":"2017-12-19T16:38:38","date_gmt":"2017-12-19T15:38:38","guid":{"rendered":"http:\/\/www.spielmobil-konz.de\/?post_type=product&#038;p=2207"},"modified":"2019-05-20T10:42:35","modified_gmt":"2019-05-20T08:42:35","slug":"eventboden","status":"publish","type":"product","link":"https:\/\/www.spielmobil-konz.de\/?product=eventboden","title":{"rendered":"Eventboden z.B. f\u00fcr Cateringst\u00e4nde"},"content":{"rendered":"<p><strong>Merkmale<\/strong><br \/>\n&#8211; Plattengr\u00f6\u00dfe 500 x 500 x 27 mm (L\/B\/H)<br \/>\n&#8211; Gewicht ca. 5,8 kg\/m\u00b2<br \/>\n&#8211; schnelle Verlegung in 4 Richtungen<br \/>\n&#8211; universelle Rampen und Ecken f\u00fcr alle Seiten<\/p>\n<p><strong>Optional:<\/strong><br \/>\n&#8211; Randkreile<br \/>\n&#8211; Randecken<\/p>\n<p>&nbsp;<\/p>\n","protected":false},"excerpt":{"rendered":"<p><span style=\"font-size: 16px;\">Mit unserem Eventboden schaffen Sie in k\u00fcrzester Zeit eine hochwertige, belastbare und funktionale Bodenfl\u00e4che f\u00fcr Ihre Veranstaltung.<\/span><\/p>\n<p><span style=\"font-size: 16px;\">Einsatzbereiche:<br \/>\n<\/span><span style=\"font-size: 16px;\">&#8211; Cateringst\u00e4nde,<\/span><br \/>\n<span style=\"font-size: 16px;\"> &#8211; Boden f\u00fcr unsere Pavillonzelte oder Pagoden<\/span><br \/>\n<span style=\"font-size: 16px;\"> &#8211; Besucherbereich,<\/span><\/p>\n<p><span style=\"font-size: 16px;\">Dieses flexible Bodensystem ist ruckzuck aufgebaut und extrem vielseitig verwendbar.<\/span><\/p>\n<p>&nbsp;<\/p>\n<p>&nbsp;<\/p>\n","protected":false},"featured_media":2208,"template":"","meta":[],"product_cat":[115],"product_tag":[],"_links":{"self":[{"href":"https:\/\/www.spielmobil-konz.de\/index.php?rest_route=\/wp\/v2\/product\/2207"}],"collection":[{"href":"https:\/\/www.spielmobil-konz.de\/index.php?rest_route=\/wp\/v2\/product"}],"about":[{"href":"https:\/\/www.spielmobil-konz.de\/index.php?rest_route=\/wp\/v2\/types\/product"}],"wp:featuredmedia":[{"embeddable":true,"href":"https:\/\/www.spielmobil-konz.de\/index.php?rest_route=\/wp\/v2\/media\/2208"}],"wp:attachment":[{"href":"https:\/\/www.spielmobil-konz.de\/index.php?rest_route=%2Fwp%2Fv2%2Fmedia&parent=2207"}],"wp:term":[{"taxonomy":"product_cat","embeddable":true,"href":"https:\/\/www.spielmobil-konz.de\/index.php?rest_route=%2Fwp%2Fv2%2Fproduct_cat&post=2207"},{"taxonomy":"product_tag","embeddable":true,"href":"https:\/\/www.spielmobil-konz.de\/index.php?rest_route=%2Fwp%2Fv2%2Fproduct_tag&post=2207"}],"curies":[{"name":"wp","href":"https:\/\/api.w.org\/{rel}","templated":true}]}}