{"id":2195,"date":"2017-12-19T13:09:42","date_gmt":"2017-12-19T12:09:42","guid":{"rendered":"http:\/\/www.spielmobil-konz.de\/?post_type=product&#038;p=2195"},"modified":"2026-03-25T15:48:42","modified_gmt":"2026-03-25T14:48:42","slug":"spuckschutz-haube","status":"publish","type":"product","link":"https:\/\/www.spielmobil-konz.de\/?product=spuckschutz-haube","title":{"rendered":"Spuckschutz Hauben"},"content":{"rendered":"<p>Lebensmittelverkaufsst\u00e4nde sind so anzuordnen, dass die Gefahr einer nachteiligen Beeinflussung der Lebensmittel durch z.B. Staub, Ger\u00fcche, Insekten, Witterungseinfl\u00fcsse, Rauch oder auch Abf\u00e4lle ausgeschlossen ist.<\/p>\n<p>Material: Acrylgals 4 mm<br \/>\nGr\u00f6\u00dfe: 30 x 50 x 100 cm<br \/>\nim Set: 2 St\u00fcck<\/p>\n","protected":false},"excerpt":{"rendered":"<p>Als Veranstalter von Vereins- oder Stra\u00dfenfesten sind Sie daf\u00fcr verantwortlich, dass alle abgegebenen Speisen und Getr\u00e4nke gesundheitlich unbedenklich sind.<\/p>\n<p>F\u00fcr den professionellen Verkauf von Lebensmitteln, m\u00fcssen diese, mit einem geeigneten Schutz versehen werden um der LMHV (Lebensmittelhygiene-Verordnung) zu entsprechen. Dabei gelten als professioneller Verkauf von Lebensmitteln auch Veranstaltungen von Vereinen, Schulen, Kirchen sowie private Veranstaltungen mit Catering Service.<\/p>\n","protected":false},"featured_media":2197,"template":"","meta":[],"product_cat":[130],"product_tag":[],"_links":{"self":[{"href":"https:\/\/www.spielmobil-konz.de\/index.php?rest_route=\/wp\/v2\/product\/2195"}],"collection":[{"href":"https:\/\/www.spielmobil-konz.de\/index.php?rest_route=\/wp\/v2\/product"}],"about":[{"href":"https:\/\/www.spielmobil-konz.de\/index.php?rest_route=\/wp\/v2\/types\/product"}],"wp:featuredmedia":[{"embeddable":true,"href":"https:\/\/www.spielmobil-konz.de\/index.php?rest_route=\/wp\/v2\/media\/2197"}],"wp:attachment":[{"href":"https:\/\/www.spielmobil-konz.de\/index.php?rest_route=%2Fwp%2Fv2%2Fmedia&parent=2195"}],"wp:term":[{"taxonomy":"product_cat","embeddable":true,"href":"https:\/\/www.spielmobil-konz.de\/index.php?rest_route=%2Fwp%2Fv2%2Fproduct_cat&post=2195"},{"taxonomy":"product_tag","embeddable":true,"href":"https:\/\/www.spielmobil-konz.de\/index.php?rest_route=%2Fwp%2Fv2%2Fproduct_tag&post=2195"}],"curies":[{"name":"wp","href":"https:\/\/api.w.org\/{rel}","templated":true}]}}