{"id":2189,"date":"2017-12-19T12:43:49","date_gmt":"2017-12-19T11:43:49","guid":{"rendered":"http:\/\/www.spielmobil-konz.de\/?post_type=product&#038;p=2189"},"modified":"2022-09-14T16:51:43","modified_gmt":"2022-09-14T14:51:43","slug":"bauzaeune","status":"publish","type":"product","link":"https:\/\/www.spielmobil-konz.de\/?product=bauzaeune","title":{"rendered":"Bauzaun-Elemente"},"content":{"rendered":"<div>\n<div>\n<p><span style=\"font-family: georgia, palatino, serif; font-size: 16px;\">&#8211; geschwei\u00dfter Rundrohrrahmen mit aufgeschwei\u00dfter Flachmatte u. Verbindungsschelle<br \/>\n&#8211; <\/span><span style=\"font-family: georgia, palatino, serif; font-size: 16px;\">Vergitterung waagerecht: ca. 3,2 mm Rundstahl<br \/>\n&#8211; <\/span><span style=\"font-family: georgia, palatino, serif; font-size: 16px;\">Vergitterung senkrecht: ca. 3,2 mm Rundstahl<br \/>\n&#8211; <\/span><span style=\"font-family: georgia, palatino, serif; font-size: 16px;\">Standrohr-Durchmesser: ca. 40,0 mm<br \/>\n<\/span><span style=\"font-family: georgia, palatino, serif; font-size: 16px;\">&#8211; Durchmesser der waagerechten Rohre:30 mm<br \/>\n&#8211; <\/span><span style=\"font-family: georgia, palatino, serif; font-size: 16px;\">Maschenweite: 100 x 262 mm Gewicht: ca. 16,0 kg<\/span><\/p>\n<p>incl. 2 x Bauzaunf\u00fc\u00dfe<\/p>\n<p>Optional:<\/p>\n<p>Verbindungsschellen<\/p>\n<\/div>\n<\/div>\n","protected":false},"excerpt":{"rendered":"<p><span style=\"font-family: georgia, palatino, serif; font-size: 16px;\">Die mobilen Zaunelemente eignen sich speziell f\u00fcr die Umz\u00e4unungen von Veranstaltungsgel\u00e4nden. Sie bieten Schutz vor Diebstahl und Vandalismus, halten Unbefugte von gef\u00e4hrlichen Bereichen und Baustellen fern und erm\u00f6glicht die Zugangskontrolle von Veranstaltungsbesuchern.<\/span><\/p>\n<p>&nbsp;<\/p>\n","protected":false},"featured_media":3053,"template":"","meta":[],"product_cat":[126],"product_tag":[],"_links":{"self":[{"href":"https:\/\/www.spielmobil-konz.de\/index.php?rest_route=\/wp\/v2\/product\/2189"}],"collection":[{"href":"https:\/\/www.spielmobil-konz.de\/index.php?rest_route=\/wp\/v2\/product"}],"about":[{"href":"https:\/\/www.spielmobil-konz.de\/index.php?rest_route=\/wp\/v2\/types\/product"}],"wp:featuredmedia":[{"embeddable":true,"href":"https:\/\/www.spielmobil-konz.de\/index.php?rest_route=\/wp\/v2\/media\/3053"}],"wp:attachment":[{"href":"https:\/\/www.spielmobil-konz.de\/index.php?rest_route=%2Fwp%2Fv2%2Fmedia&parent=2189"}],"wp:term":[{"taxonomy":"product_cat","embeddable":true,"href":"https:\/\/www.spielmobil-konz.de\/index.php?rest_route=%2Fwp%2Fv2%2Fproduct_cat&post=2189"},{"taxonomy":"product_tag","embeddable":true,"href":"https:\/\/www.spielmobil-konz.de\/index.php?rest_route=%2Fwp%2Fv2%2Fproduct_tag&post=2189"}],"curies":[{"name":"wp","href":"https:\/\/api.w.org\/{rel}","templated":true}]}}