{"id":2013,"date":"2017-05-09T19:27:20","date_gmt":"2017-05-09T17:27:20","guid":{"rendered":"http:\/\/www.spielmobil-konz.de\/?post_type=product&#038;p=2013"},"modified":"2019-02-04T23:30:01","modified_gmt":"2019-02-04T22:30:01","slug":"leitergolf","status":"publish","type":"product","link":"https:\/\/www.spielmobil-konz.de\/?product=leitergolf","title":{"rendered":"Leitergolf"},"content":{"rendered":"<table style=\"width: 753px;\">\n<tbody>\n<tr>\n<td style=\"width: 204.76px;\"><span style=\"font-size: 16px;\">Equipment Set:<\/span><\/td>\n<td style=\"width: 532.24px;\"><span style=\"font-size: 16px;\">Leitergolf + Bolas<\/span><\/td>\n<\/tr>\n<tr>\n<td style=\"width: 204.76px;\"><span style=\"font-size: 16px;\">Platzbedarf:<\/span><\/td>\n<td style=\"width: 532.24px;\"><span style=\"font-size: 16px;\">1,50 x 1 m<\/span><\/td>\n<\/tr>\n<tr>\n<td style=\"width: 204.76px;\"><span style=\"font-size: 16px;\">Zielgruppe:<\/span><\/td>\n<td style=\"width: 532.24px;\"><span style=\"font-size: 16px;\">Kinder \/ Jugendliche \/ Erwachsene<\/span><\/td>\n<\/tr>\n<tr>\n<td style=\"width: 204.76px;\"><span style=\"font-size: 16px;\">Anzahl Nutzer:<\/span><\/td>\n<td style=\"width: 532.24px;\"><span style=\"font-size: 16px;\">2\u00a0Spieler*innen<\/span><\/td>\n<\/tr>\n<tr>\n<td style=\"width: 204.76px;\"><span style=\"font-size: 16px;\">Betreuung \/ Aufsicht:<br \/>\n<\/span><\/td>\n<td style=\"width: 532.24px;\"><span style=\"font-size: 16px;\">1 Persona<br \/>\n<\/span><\/td>\n<\/tr>\n<tr>\n<td style=\"width: 204.76px;\"><span style=\"font-size: 16px;\">Selbstbetreuung m\u00f6glich:<\/span><\/td>\n<td style=\"width: 532.24px;\"><span style=\"font-size: 16px;\">\u00a0ja<br \/>\n<\/span><\/td>\n<\/tr>\n<tr>\n<td style=\"width: 204.76px;\"><span style=\"font-size: 16px;\">Strombedarf:<\/span><\/td>\n<td style=\"width: 532.24px;\"><span style=\"font-size: 16px;\">\u00a0nein<\/span><\/td>\n<\/tr>\n<tr>\n<td style=\"width: 204.76px;\"><span style=\"font-size: 16px;\">Wasserbedarf:<\/span><\/td>\n<td style=\"width: 532.24px;\"><span style=\"font-size: 16px;\">\u00a0nein<\/span><\/td>\n<\/tr>\n<\/tbody>\n<\/table>\n<p>&nbsp;<\/p>\n","protected":false},"excerpt":{"rendered":"<p><span style=\"font-size: 16px;\">Das Kultspiel f\u00fcr zwei oder mehr Spieler. Die Regeln sind einfach: 2 durch eine Schnur verbundene Golfb\u00e4lle (Bolas) werden auf das Leiterziel geworfen. F\u00fcr die 3 unterschiedlichen Sprossen gibt es verschiedene Punkte. Aber nur dann, wenn die Wurfbola an einer Sprosse h\u00e4ngenbleibt! Leitergolf kann drinnen und drau\u00dfen gespielt werden.<\/span><\/p>\n<p>&nbsp;<\/p>\n","protected":false},"featured_media":2014,"template":"","meta":[],"product_cat":[46,45,113,62],"product_tag":[],"_links":{"self":[{"href":"https:\/\/www.spielmobil-konz.de\/index.php?rest_route=\/wp\/v2\/product\/2013"}],"collection":[{"href":"https:\/\/www.spielmobil-konz.de\/index.php?rest_route=\/wp\/v2\/product"}],"about":[{"href":"https:\/\/www.spielmobil-konz.de\/index.php?rest_route=\/wp\/v2\/types\/product"}],"wp:featuredmedia":[{"embeddable":true,"href":"https:\/\/www.spielmobil-konz.de\/index.php?rest_route=\/wp\/v2\/media\/2014"}],"wp:attachment":[{"href":"https:\/\/www.spielmobil-konz.de\/index.php?rest_route=%2Fwp%2Fv2%2Fmedia&parent=2013"}],"wp:term":[{"taxonomy":"product_cat","embeddable":true,"href":"https:\/\/www.spielmobil-konz.de\/index.php?rest_route=%2Fwp%2Fv2%2Fproduct_cat&post=2013"},{"taxonomy":"product_tag","embeddable":true,"href":"https:\/\/www.spielmobil-konz.de\/index.php?rest_route=%2Fwp%2Fv2%2Fproduct_tag&post=2013"}],"curies":[{"name":"wp","href":"https:\/\/api.w.org\/{rel}","templated":true}]}}