{"id":2003,"date":"2017-05-05T23:13:32","date_gmt":"2017-05-05T21:13:32","guid":{"rendered":"http:\/\/www.spielmobil-konz.de\/?product=fun-paddler-set-1-kopie"},"modified":"2025-03-13T14:39:27","modified_gmt":"2025-03-13T13:39:27","slug":"fun-paddler-set-1-kopie","status":"publish","type":"product","link":"https:\/\/www.spielmobil-konz.de\/?product=fun-paddler-set-1-kopie","title":{"rendered":"FUN Paddler, 4 Boote, 64 qm Pool"},"content":{"rendered":"<table style=\"width: 749px; height: 519px;\">\n<tbody>\n<tr>\n<td style=\"width: 200px;\"><span style=\"font-size: 16px;\">Equipment:<\/span><\/td>\n<td style=\"width: 533px;\"><span style=\"font-size: 16px;\">\u00a0Boote: 4 Stk. .<\/span><\/td>\n<\/tr>\n<tr>\n<td style=\"width: 200px;\"><span style=\"font-size: 16px;\">\u00a0<\/span><\/td>\n<td style=\"width: 533px;\"><span style=\"font-size: 16px;\">\u00a0Aqua Pool: 8 x 8 x 0,5 m<br \/>\n<\/span><\/td>\n<\/tr>\n<tr>\n<td style=\"width: 200px;\"><span style=\"font-size: 16px;\">\u00a0<\/span><\/td>\n<td style=\"width: 533px;\"><span style=\"font-size: 16px;\">\u00a0Profi Pavillion 3 x 3m<br \/>\n<\/span><\/td>\n<\/tr>\n<tr>\n<td style=\"width: 200px;\"><span style=\"font-size: 16px;\">\u00a0<\/span><\/td>\n<td style=\"width: 533px;\"><span style=\"font-size: 16px;\">\u00a0<\/span><\/td>\n<\/tr>\n<tr>\n<td style=\"width: 200px;\"><span style=\"font-size: 16px;\">\u00a0Platzbedarf:<\/span><\/td>\n<td style=\"width: 533px;\"><span style=\"font-size: 16px;\">\u00a012 x 12 m<\/span><\/td>\n<\/tr>\n<tr>\n<td style=\"width: 200px;\">\u00a0Wasserfl\u00e4che:<span style=\"font-size: 16px;\"><br \/>\n<\/span><\/td>\n<td style=\"width: 533px;\"><span style=\"font-size: 16px;\">\u00a064 m\u00b2<br \/>\n<\/span><\/td>\n<\/tr>\n<tr>\n<td style=\"width: 200px;\"><span style=\"font-size: 16px;\">\u00a0Wassertiefe:<\/span><\/td>\n<td style=\"width: 533px;\"><span style=\"font-size: 16px;\">\u00a030 cm<\/span><\/td>\n<\/tr>\n<tr>\n<td style=\"width: 200px;\"><span style=\"font-size: 16px;\">\u00a0Zielgruppe:<\/span><\/td>\n<td style=\"width: 533px;\"><span style=\"font-size: 16px;\">\u00a0Kinder\u00a0\u00a06 &#8211; 12\u00a0Jahre<\/span><\/td>\n<\/tr>\n<tr>\n<td style=\"width: 200px;\"><span style=\"font-size: 16px;\">\u00a0Anzahl Nutzer:<\/span><\/td>\n<td style=\"width: 533px;\"><span style=\"font-size: 16px;\">\u00a04 Kinder gleichzeitig<\/span><\/td>\n<\/tr>\n<tr>\n<td style=\"width: 200px;\"><span style=\"font-size: 16px;\">\u00a0Betreuung:<\/span><\/td>\n<td style=\"width: 533px;\"><span style=\"font-size: 16px;\">\u00a0mind. 1 Betreuungspersonen<\/span><\/td>\n<\/tr>\n<tr>\n<td style=\"width: 200px;\"><span style=\"font-size: 16px;\">\u00a0<\/span><\/td>\n<td style=\"width: 533px;\"><span style=\"font-size: 16px;\">\u00a0<\/span><\/td>\n<\/tr>\n<tr>\n<td style=\"width: 200px;\"><span style=\"font-size: 16px;\">Selbstbetreuung m\u00f6glich:<\/span><\/td>\n<td style=\"width: 533px;\"><span style=\"font-size: 16px;\">\u00a0ja<\/span><\/td>\n<\/tr>\n<tr>\n<td style=\"width: 200px;\"><span style=\"font-size: 16px;\">Transportumfang:<\/span><\/td>\n<td style=\"width: 533px;\"><span style=\"font-size: 16px;\">\u00a01 Europaletten plus Anzahl der Boote<\/span><\/td>\n<\/tr>\n<tr>\n<td style=\"width: 200px;\"><span style=\"font-size: 16px;\">\u00a0sonstige Serviceleistungen:<\/span><\/td>\n<td style=\"width: 533px;\"><span style=\"font-size: 16px;\">\u00a0nur als Teil- bzw. Fullservice\u00a0 buchbar<\/span><\/td>\n<\/tr>\n<tr>\n<td style=\"width: 200px;\"><span style=\"font-size: 16px;\">\u00a0<\/span><\/td>\n<td style=\"width: 533px;\"><span style=\"font-size: 16px;\">\u00a0<\/span><\/td>\n<\/tr>\n<tr>\n<td style=\"width: 200px;\"><span style=\"font-size: 16px;\">Untergrund:<\/span><\/td>\n<td style=\"width: 533px;\"><span style=\"font-size: 16px;\">\u00a0ebenerdiger Untergrund notwendig<\/span><\/td>\n<\/tr>\n<tr>\n<td style=\"width: 200px;\"><span style=\"font-size: 16px;\">Strombedarf:<\/span><\/td>\n<td style=\"width: 533px;\"><span style=\"font-size: 16px;\">\u00a0ja<\/span><\/td>\n<\/tr>\n<tr>\n<td style=\"width: 200px;\"><span style=\"font-size: 16px;\">Wasserbedarf:<\/span><\/td>\n<td style=\"width: 533px;\"><span style=\"font-size: 16px;\">\u00a0ja &#8211; Hydrant vor Ort notwendig<\/span><\/td>\n<\/tr>\n<tr>\n<td style=\"width: 200px;\"><span style=\"font-size: 16px;\">\u00a0<\/span><\/td>\n<td style=\"width: 533px;\"><span style=\"font-size: 16px;\">\u00a0ca. 20 m\u00b3 Wassermenge<\/span><\/td>\n<\/tr>\n<\/tbody>\n<\/table>\n<p>&nbsp;<\/p>\n","protected":false},"excerpt":{"rendered":"<p>Der ultimative Sommerspa\u00df &#8230;<br \/>\nf\u00fcr die warmen Tage des Jahres. Die kleinen Paddelboote werden von Hand durch 2 unabh\u00e4ngig voneinander funktionierenden Schaufelr\u00e4dern betrieben. Dabei sind die Boote extrem wendig und unsinkbar.<\/p>\n<p>Ein Wasservergn\u00fcgend mit Spa\u00df-Garantie.<\/p>\n<p>&nbsp;<\/p>\n<p>&nbsp;<\/p>\n<p>&nbsp;<\/p>\n<p>&nbsp;<\/p>\n","protected":false},"featured_media":1029,"template":"","meta":[],"product_cat":[38,46,113],"product_tag":[78,70],"_links":{"self":[{"href":"https:\/\/www.spielmobil-konz.de\/index.php?rest_route=\/wp\/v2\/product\/2003"}],"collection":[{"href":"https:\/\/www.spielmobil-konz.de\/index.php?rest_route=\/wp\/v2\/product"}],"about":[{"href":"https:\/\/www.spielmobil-konz.de\/index.php?rest_route=\/wp\/v2\/types\/product"}],"wp:featuredmedia":[{"embeddable":true,"href":"https:\/\/www.spielmobil-konz.de\/index.php?rest_route=\/wp\/v2\/media\/1029"}],"wp:attachment":[{"href":"https:\/\/www.spielmobil-konz.de\/index.php?rest_route=%2Fwp%2Fv2%2Fmedia&parent=2003"}],"wp:term":[{"taxonomy":"product_cat","embeddable":true,"href":"https:\/\/www.spielmobil-konz.de\/index.php?rest_route=%2Fwp%2Fv2%2Fproduct_cat&post=2003"},{"taxonomy":"product_tag","embeddable":true,"href":"https:\/\/www.spielmobil-konz.de\/index.php?rest_route=%2Fwp%2Fv2%2Fproduct_tag&post=2003"}],"curies":[{"name":"wp","href":"https:\/\/api.w.org\/{rel}","templated":true}]}}