{"id":1756,"date":"2016-05-20T17:56:28","date_gmt":"2016-05-20T15:56:28","guid":{"rendered":"http:\/\/www.spielmobil-konz.de\/?post_type=product&#038;p=1756"},"modified":"2025-03-13T14:47:59","modified_gmt":"2025-03-13T13:47:59","slug":"fussball-torwand-aufblasbar","status":"publish","type":"product","link":"https:\/\/www.spielmobil-konz.de\/?product=fussball-torwand-aufblasbar","title":{"rendered":"Fu\u00dfball Torwand aufblasbar"},"content":{"rendered":"","protected":false},"excerpt":{"rendered":"<p>Diese aufblasbare Fu\u00dfball-Torwand ist sehr einfach und schnell aufzubauen.<\/p>\n<p>In der Torwand befinden sich\u00a0zwei L\u00f6cher die als Zielscheibe f\u00fcr einen Fu\u00dfball genutzt werden.<\/p>\n<p>&nbsp;<\/p>\n<p>&nbsp;<\/p>\n<p>&nbsp;<\/p>\n<p>&nbsp;<\/p>\n<p>&nbsp;<\/p>\n<p>&nbsp;<\/p>\n<p>&nbsp;<\/p>\n","protected":false},"featured_media":1352,"template":"","meta":[],"product_cat":[39,42,46,113,60,62,55],"product_tag":[],"_links":{"self":[{"href":"https:\/\/www.spielmobil-konz.de\/index.php?rest_route=\/wp\/v2\/product\/1756"}],"collection":[{"href":"https:\/\/www.spielmobil-konz.de\/index.php?rest_route=\/wp\/v2\/product"}],"about":[{"href":"https:\/\/www.spielmobil-konz.de\/index.php?rest_route=\/wp\/v2\/types\/product"}],"wp:featuredmedia":[{"embeddable":true,"href":"https:\/\/www.spielmobil-konz.de\/index.php?rest_route=\/wp\/v2\/media\/1352"}],"wp:attachment":[{"href":"https:\/\/www.spielmobil-konz.de\/index.php?rest_route=%2Fwp%2Fv2%2Fmedia&parent=1756"}],"wp:term":[{"taxonomy":"product_cat","embeddable":true,"href":"https:\/\/www.spielmobil-konz.de\/index.php?rest_route=%2Fwp%2Fv2%2Fproduct_cat&post=1756"},{"taxonomy":"product_tag","embeddable":true,"href":"https:\/\/www.spielmobil-konz.de\/index.php?rest_route=%2Fwp%2Fv2%2Fproduct_tag&post=1756"}],"curies":[{"name":"wp","href":"https:\/\/api.w.org\/{rel}","templated":true}]}}