{"id":1523,"date":"2016-04-02T23:32:57","date_gmt":"2016-04-02T23:32:57","guid":{"rendered":"http:\/\/www.spielmobil-konz.de\/?post_type=product&#038;p=1523"},"modified":"2024-05-15T15:48:11","modified_gmt":"2024-05-15T13:48:11","slug":"kuehlwagen","status":"publish","type":"product","link":"https:\/\/www.spielmobil-konz.de\/?product=kuehlwagen","title":{"rendered":"K\u00fchlwagen Anh\u00e4nger"},"content":{"rendered":"<p>Kurzbeschreibung:<br \/>\n&#8211; Aufbauma\u00dfe innen 2800x1900x1900mm<br \/>\n&#8211; K\u00e4lteaggregat 220V (+2 bis +10)<br \/>\n&#8211; zul. Gesamtgewicht 2600 kg<br \/>\n&#8211; Nutzlast: 1500 kg<br \/>\n&#8211; 2-flg.Heckt\u00fcre mit Drehstangenverschluss \u2013 abschlie\u00dfbar<br \/>\n&#8211; 4x St\u00fctzf\u00fc\u00dfe mit Kurbeltrieb<br \/>\n&#8211; Innenraumbeleuchtung 220V<\/p>\n","protected":false},"excerpt":{"rendered":"<p>&nbsp;<\/p>\n<p>&nbsp;<\/p>\n<p>&nbsp;<\/p>\n<p>&nbsp;<\/p>\n<p>&nbsp;<\/p>\n<p>&nbsp;<\/p>\n<p>&nbsp;<\/p>\n<p>&nbsp;<\/p>\n<p>&nbsp;<\/p>\n<p>&nbsp;<\/p>\n<p>&nbsp;<\/p>\n<p>&nbsp;<\/p>\n","protected":false},"featured_media":2219,"template":"","meta":[],"product_cat":[130],"product_tag":[],"_links":{"self":[{"href":"https:\/\/www.spielmobil-konz.de\/index.php?rest_route=\/wp\/v2\/product\/1523"}],"collection":[{"href":"https:\/\/www.spielmobil-konz.de\/index.php?rest_route=\/wp\/v2\/product"}],"about":[{"href":"https:\/\/www.spielmobil-konz.de\/index.php?rest_route=\/wp\/v2\/types\/product"}],"wp:featuredmedia":[{"embeddable":true,"href":"https:\/\/www.spielmobil-konz.de\/index.php?rest_route=\/wp\/v2\/media\/2219"}],"wp:attachment":[{"href":"https:\/\/www.spielmobil-konz.de\/index.php?rest_route=%2Fwp%2Fv2%2Fmedia&parent=1523"}],"wp:term":[{"taxonomy":"product_cat","embeddable":true,"href":"https:\/\/www.spielmobil-konz.de\/index.php?rest_route=%2Fwp%2Fv2%2Fproduct_cat&post=1523"},{"taxonomy":"product_tag","embeddable":true,"href":"https:\/\/www.spielmobil-konz.de\/index.php?rest_route=%2Fwp%2Fv2%2Fproduct_tag&post=1523"}],"curies":[{"name":"wp","href":"https:\/\/api.w.org\/{rel}","templated":true}]}}