{"id":1467,"date":"2016-03-29T15:02:47","date_gmt":"2016-03-29T15:02:47","guid":{"rendered":"http:\/\/www.spielmobil-konz.de\/?product=huepfburgen-auswahl"},"modified":"2022-09-15T17:43:24","modified_gmt":"2022-09-15T15:43:24","slug":"huepfburgen-auswahl","status":"publish","type":"product","link":"https:\/\/www.spielmobil-konz.de\/?product=huepfburgen-auswahl","title":{"rendered":"H\u00fcpfburgen                   &#8211; verschiedene Modelle"},"content":{"rendered":"<p>Zu den verschiedensten Anl\u00e4ssen verf\u00fcgen wir \u00fcber\u00a0nachfolgende H\u00fcpfburg Modelle.<\/p>\n","protected":false},"excerpt":{"rendered":"<p><span style=\"font-family: arial, helvetica, sans-serif; font-size: 14px;\">H\u00fcpfburgen sind wohl der bekannteste und einer der beliebtesten Anziehpunkte auf Kinder-, Stadt-, Schul-, Vereins- oder Stra\u00dfenfesten. <\/span><\/p>\n<p><span style=\"font-family: arial, helvetica, sans-serif; font-size: 14px;\">Auf H\u00fcpfburgen k\u00f6nnen sich die Kinder so richtig austoben.<\/span><\/p>\n<p>&nbsp;<\/p>\n<p>&nbsp;<\/p>\n<p>&nbsp;<\/p>\n","protected":false},"featured_media":2755,"template":"","meta":[],"product_cat":[140,46,47,113,61,62],"product_tag":[71,78],"_links":{"self":[{"href":"https:\/\/www.spielmobil-konz.de\/index.php?rest_route=\/wp\/v2\/product\/1467"}],"collection":[{"href":"https:\/\/www.spielmobil-konz.de\/index.php?rest_route=\/wp\/v2\/product"}],"about":[{"href":"https:\/\/www.spielmobil-konz.de\/index.php?rest_route=\/wp\/v2\/types\/product"}],"wp:featuredmedia":[{"embeddable":true,"href":"https:\/\/www.spielmobil-konz.de\/index.php?rest_route=\/wp\/v2\/media\/2755"}],"wp:attachment":[{"href":"https:\/\/www.spielmobil-konz.de\/index.php?rest_route=%2Fwp%2Fv2%2Fmedia&parent=1467"}],"wp:term":[{"taxonomy":"product_cat","embeddable":true,"href":"https:\/\/www.spielmobil-konz.de\/index.php?rest_route=%2Fwp%2Fv2%2Fproduct_cat&post=1467"},{"taxonomy":"product_tag","embeddable":true,"href":"https:\/\/www.spielmobil-konz.de\/index.php?rest_route=%2Fwp%2Fv2%2Fproduct_tag&post=1467"}],"curies":[{"name":"wp","href":"https:\/\/api.w.org\/{rel}","templated":true}]}}