{"id":1307,"date":"2016-03-10T10:50:57","date_gmt":"2016-03-10T10:50:57","guid":{"rendered":"http:\/\/www.spielmobil-konz.de\/?post_type=product&#038;p=1307"},"modified":"2025-03-13T16:02:02","modified_gmt":"2025-03-13T15:02:02","slug":"zirkus-zelt-10-m","status":"publish","type":"product","link":"https:\/\/www.spielmobil-konz.de\/?product=zirkus-zelt-10-m","title":{"rendered":"Zirkus Zelt 10 m"},"content":{"rendered":"<table style=\"width: 747px; height: 410px;\">\n<tbody>\n<tr>\n<td style=\"width: 200px;\"><span style=\"font-size: 16px;\">Equipment Set:<\/span><\/td>\n<td style=\"width: 200px;\">Rundzelt, 2 Seitenwandplanen, Stangen und Dachplane<\/td>\n<\/tr>\n<tr>\n<td style=\"width: 200px;\"><span style=\"font-size: 16px;\">Material: <\/span><\/td>\n<td style=\"width: 200px;\"><span style=\"font-size: 16px;\">Zelt aus rei\u00dffestem und regendichtem Airtex-Gewebe<\/span><\/td>\n<\/tr>\n<tr>\n<td style=\"width: 200px;\"><span style=\"font-size: 16px;\">\u00a0<\/span><\/td>\n<td style=\"width: 200px;\"><span style=\"font-size: 16px;\">\u00a0<\/span><\/td>\n<\/tr>\n<tr>\n<td style=\"width: 200px;\"><span style=\"font-size: 16px;\">Platzbedarf:<\/span><\/td>\n<td style=\"width: 200px;\">\u00a012 x 12 m<\/td>\n<\/tr>\n<tr>\n<td style=\"width: 200px;\"><span style=\"font-size: 16px;\">Gr\u00f6\u00dfe:<\/span><\/td>\n<td style=\"width: 200px;\">\n<p>&#8211; Grundfl\u00e4che: 72 qm<br \/>\n&#8211; Durchmesser 10 m<br \/>\n&#8211; Seitenh\u00f6he 2 m<br \/>\n&#8211; Gesamth\u00f6he 4,65 m<\/p>\n<\/td>\n<\/tr>\n<tr>\n<td style=\"width: 200px;\"><span style=\"font-size: 16px;\">Gewicht:<\/span><\/td>\n<td style=\"width: 200px;\"><span style=\"font-size: 16px;\">65 kg\u00a0<\/span><\/td>\n<\/tr>\n<tr>\n<td style=\"width: 200px;\"><span style=\"font-size: 16px;\">Zielgruppe:<\/span><\/td>\n<td style=\"width: 200px;\"><span style=\"font-size: 16px;\">Jugendliche \/ Erwachsene<\/span><\/td>\n<\/tr>\n<tr>\n<td style=\"width: 200px;\"><span style=\"font-size: 16px;\">\u00a0<\/span><\/td>\n<td style=\"width: 200px;\"><span style=\"font-size: 16px;\">\u00a0<\/span><\/td>\n<\/tr>\n<tr>\n<td style=\"width: 200px;\"><span style=\"font-size: 16px;\">Selbstbetreuung m\u00f6glich:<\/span><\/td>\n<td style=\"width: 200px;\"><span style=\"font-size: 16px;\">\u00a0ja<\/span><\/td>\n<\/tr>\n<tr>\n<td style=\"width: 200px;\"><span style=\"font-size: 16px;\">weitere Serviceleistungen:<\/span><\/td>\n<td style=\"width: 200px;\"><span style=\"font-size: 16px;\">\u00a0Lieferservice m\u00f6glich<br \/>\n<\/span><\/td>\n<\/tr>\n<tr>\n<td style=\"width: 200px;\"><span style=\"font-size: 16px;\">\u00a0<\/span><\/td>\n<td style=\"width: 200px;\"><span style=\"font-size: 16px;\">\u00a0<\/span><\/td>\n<\/tr>\n<tr>\n<td style=\"width: 200px;\"><span style=\"font-size: 16px;\">Strombedarf:<\/span><\/td>\n<td style=\"width: 200px;\"><span style=\"font-size: 16px;\">\u00a0nein<\/span><\/td>\n<\/tr>\n<tr>\n<td style=\"width: 200px;\"><span style=\"font-size: 16px;\">Wasserbedarf:<\/span><\/td>\n<td style=\"width: 200px;\"><span style=\"font-size: 16px;\">\u00a0nein<\/span><\/td>\n<\/tr>\n<\/tbody>\n<\/table>\n<p>&nbsp;<\/p>\n","protected":false},"excerpt":{"rendered":"<p>Equipment Set: Rundzelt, 2 Seitenwandplanen, Stangen und Dachplane Material: Zelt aus rei\u00dffestem und regendichtem Airtex-Gewebe \u00a0 \u00a0 Platzbedarf: \u00a012 x 12 m Gr\u00f6\u00dfe: &#8211; Grundfl\u00e4che: 72 qm &#8211; Durchmesser 10 m &#8211; Seitenh\u00f6he 2 m &#8211; Gesamth\u00f6he 4,65 m Gewicht: 65 kg\u00a0 Zielgruppe: Jugendliche \/ Erwachsene \u00a0 \u00a0 Selbstbetreuung m\u00f6glich: \u00a0ja weitere Serviceleistungen: \u00a0Lieferservice m\u00f6glich [&hellip;]<\/p>\n","protected":false},"featured_media":3043,"template":"","meta":[],"product_cat":[128,38,51,113,60,62,105],"product_tag":[],"_links":{"self":[{"href":"https:\/\/www.spielmobil-konz.de\/index.php?rest_route=\/wp\/v2\/product\/1307"}],"collection":[{"href":"https:\/\/www.spielmobil-konz.de\/index.php?rest_route=\/wp\/v2\/product"}],"about":[{"href":"https:\/\/www.spielmobil-konz.de\/index.php?rest_route=\/wp\/v2\/types\/product"}],"wp:featuredmedia":[{"embeddable":true,"href":"https:\/\/www.spielmobil-konz.de\/index.php?rest_route=\/wp\/v2\/media\/3043"}],"wp:attachment":[{"href":"https:\/\/www.spielmobil-konz.de\/index.php?rest_route=%2Fwp%2Fv2%2Fmedia&parent=1307"}],"wp:term":[{"taxonomy":"product_cat","embeddable":true,"href":"https:\/\/www.spielmobil-konz.de\/index.php?rest_route=%2Fwp%2Fv2%2Fproduct_cat&post=1307"},{"taxonomy":"product_tag","embeddable":true,"href":"https:\/\/www.spielmobil-konz.de\/index.php?rest_route=%2Fwp%2Fv2%2Fproduct_tag&post=1307"}],"curies":[{"name":"wp","href":"https:\/\/api.w.org\/{rel}","templated":true}]}}