{"id":1259,"date":"2016-03-10T08:18:12","date_gmt":"2016-03-10T08:18:12","guid":{"rendered":"http:\/\/www.spielmobil-konz.de\/?post_type=product&#038;p=1259"},"modified":"2019-02-19T16:12:43","modified_gmt":"2019-02-19T15:12:43","slug":"seifenblasen-spielplatz","status":"publish","type":"product","link":"https:\/\/www.spielmobil-konz.de\/?product=seifenblasen-spielplatz","title":{"rendered":"Seifenblasen Spielplatz"},"content":{"rendered":"<table style=\"width: 743px; height: 333px;\">\n<tbody>\n<tr>\n<td style=\"width: 201.92px;\"><span style=\"font-size: 16px;\">Equipment Set:<\/span><\/td>\n<td style=\"width: 525.08px;\"><span style=\"font-size: 16px;\">\u00a03 Spieltische in verschiedenen Gr\u00f6\u00dfen, Pustefix-Multiringe in verschiedenen Gr\u00f6\u00dfe und Formen, Profi Pavillon <\/span><\/td>\n<\/tr>\n<tr>\n<td style=\"width: 201.92px;\"><span style=\"font-size: 16px;\">\u00a0<\/span><\/td>\n<td style=\"width: 525.08px;\"><span style=\"font-size: 16px;\">\u00a0<\/span><\/td>\n<\/tr>\n<tr>\n<td style=\"width: 201.92px;\"><span style=\"font-size: 16px;\">\u00a0Platzbedarf:<\/span><\/td>\n<td style=\"width: 525.08px;\"><span style=\"font-size: 16px;\">\u00a06 x 3 m<\/span><\/td>\n<\/tr>\n<tr>\n<td style=\"width: 201.92px;\"><span style=\"font-size: 16px;\">\u00a0Anzahl Nutzer:<\/span><\/td>\n<td style=\"width: 525.08px;\"><span style=\"font-size: 16px;\">\u00a0max. 10 Kinder gleichzeitig<\/span><\/td>\n<\/tr>\n<tr>\n<td style=\"width: 201.92px;\"><span style=\"font-size: 16px;\">\u00a0Zielgruppe:<\/span><\/td>\n<td style=\"width: 525.08px;\"><span style=\"font-size: 16px;\">\u00a0Kinder ab 3 Jahren<\/span><\/td>\n<\/tr>\n<tr>\n<td style=\"width: 201.92px;\"><span style=\"font-size: 16px;\">\u00a0Betreuung:<\/span><\/td>\n<td style=\"width: 525.08px;\"><span style=\"font-size: 16px;\">\u00a01 Betreuungspersonal\u00a0<\/span><\/td>\n<\/tr>\n<tr>\n<td style=\"width: 201.92px;\"><span style=\"font-size: 16px;\">\u00a0<\/span><\/td>\n<td style=\"width: 525.08px;\"><span style=\"font-size: 16px;\">\u00a0<\/span><\/td>\n<\/tr>\n<tr>\n<td style=\"width: 201.92px;\"><span style=\"font-size: 16px;\">\u00a0Selbstbetreuung m\u00f6glich:<\/span><\/td>\n<td style=\"width: 525.08px;\"><span style=\"font-size: 16px;\">\u00a0ja<\/span><\/td>\n<\/tr>\n<tr>\n<td style=\"width: 201.92px;\"><span style=\"font-size: 16px;\">\u00a0weitere Serviceleistungen:<\/span><\/td>\n<td style=\"width: 525.08px;\"><span style=\"font-size: 16px;\">\u00a0Liefer-, Teil- und Fullservice<\/span><\/td>\n<\/tr>\n<tr>\n<td style=\"width: 201.92px;\"><span style=\"font-size: 16px;\">\u00a0<\/span><\/td>\n<td style=\"width: 525.08px;\"><span style=\"font-size: 16px;\">\u00a0<\/span><\/td>\n<\/tr>\n<tr>\n<td style=\"width: 201.92px;\"><span style=\"font-size: 16px;\">Strombedarf:<\/span><\/td>\n<td style=\"width: 525.08px;\"><span style=\"font-size: 16px;\">\u00a0nein<\/span><\/td>\n<\/tr>\n<tr>\n<td style=\"width: 201.92px;\"><span style=\"font-size: 16px;\">Wasserbedarf:<\/span><\/td>\n<td style=\"width: 525.08px;\"><span style=\"font-size: 16px;\">\u00a0nein<\/span><\/td>\n<\/tr>\n<\/tbody>\n<\/table>\n<p>&nbsp;<\/p>\n","protected":false},"excerpt":{"rendered":"<p><strong><span style=\"font-size: 16px;\">Die Faszination der Seifenblasen<\/span><\/strong><\/p>\n<p><span style=\"font-size: 16px;\">Wer kennt sie nicht aus seiner Kindheit- die schillernden schwebenden Seifenblasen. Unser Seifenblasen-Spielplatz l\u00e4dt zum Mitspielen und Ausprobieren. <br \/>\nZur Herstellung steht ein\u00a0 umfangreiches Equipment zur Verf\u00fcgung.<\/span> <br \/>\nDer Seifenblasen Spielplatz stellt dabei einen unwiderstehlichen Anziehungspunkt f\u00fcr Gro\u00df und Klein da.<\/p>\n<p>&nbsp;<\/p>\n<p>&nbsp;<\/p>\n<p>&nbsp;<\/p>\n<p>&nbsp;<\/p>\n","protected":false},"featured_media":2418,"template":"","meta":[],"product_cat":[46,113,62],"product_tag":[],"_links":{"self":[{"href":"https:\/\/www.spielmobil-konz.de\/index.php?rest_route=\/wp\/v2\/product\/1259"}],"collection":[{"href":"https:\/\/www.spielmobil-konz.de\/index.php?rest_route=\/wp\/v2\/product"}],"about":[{"href":"https:\/\/www.spielmobil-konz.de\/index.php?rest_route=\/wp\/v2\/types\/product"}],"wp:featuredmedia":[{"embeddable":true,"href":"https:\/\/www.spielmobil-konz.de\/index.php?rest_route=\/wp\/v2\/media\/2418"}],"wp:attachment":[{"href":"https:\/\/www.spielmobil-konz.de\/index.php?rest_route=%2Fwp%2Fv2%2Fmedia&parent=1259"}],"wp:term":[{"taxonomy":"product_cat","embeddable":true,"href":"https:\/\/www.spielmobil-konz.de\/index.php?rest_route=%2Fwp%2Fv2%2Fproduct_cat&post=1259"},{"taxonomy":"product_tag","embeddable":true,"href":"https:\/\/www.spielmobil-konz.de\/index.php?rest_route=%2Fwp%2Fv2%2Fproduct_tag&post=1259"}],"curies":[{"name":"wp","href":"https:\/\/api.w.org\/{rel}","templated":true}]}}