{"id":1238,"date":"2016-03-09T17:14:56","date_gmt":"2016-03-09T16:14:56","guid":{"rendered":"http:\/\/www.spielmobil-konz.de\/?post_type=product&#038;p=1238"},"modified":"2026-03-30T16:48:21","modified_gmt":"2026-03-30T14:48:21","slug":"rollenbahn","status":"publish","type":"product","link":"https:\/\/www.spielmobil-konz.de\/?product=rollenbahn","title":{"rendered":"Rollenbahn"},"content":{"rendered":"<table style=\"width: 745px; height: 433px;\">\n<tbody>\n<tr>\n<td style=\"width: 200px;\"><span style=\"font-size: 16px;\">Equipment Set:<\/span><\/td>\n<td style=\"width: 529px;\"><span style=\"font-size: 16px;\">\u00a04\u00a0Rollenbahnteile, Auslaufbrett, Schraubenset und St\u00fctzen<br \/>\n<\/span><\/td>\n<\/tr>\n<tr>\n<td style=\"width: 200px;\"><span style=\"font-size: 16px;\">\u00a0<\/span><\/td>\n<td style=\"width: 529px;\"><span style=\"font-size: 16px;\">\u00a0<\/span><\/td>\n<\/tr>\n<tr>\n<td style=\"width: 200px;\"><span style=\"font-size: 16px;\">Platzbedarf:<\/span><\/td>\n<td style=\"width: 529px;\"><span style=\"font-size: 16px;\">\u00a014 x 2,0 x 2,5 m<\/span><\/td>\n<\/tr>\n<tr>\n<td style=\"width: 200px;\"><span style=\"font-size: 16px;\">Belastbarkeit<\/span><\/td>\n<td style=\"width: 529px;\"><span style=\"font-size: 16px;\">\u00a0max. 80 kg<\/span><\/td>\n<\/tr>\n<tr>\n<td style=\"width: 200px;\"><span style=\"font-size: 16px;\">Zielgruppe:<\/span><\/td>\n<td style=\"width: 529px;\"><span style=\"font-size: 16px;\">\u00a0Kinder ab 2 Jahren\u00a0bis 13 Jahre<\/span><\/td>\n<\/tr>\n<tr>\n<td style=\"width: 200px;\"><span style=\"font-size: 16px;\">Betreuung:<\/span><\/td>\n<td style=\"width: 529px;\"><span style=\"font-size: 16px;\">\u00a0min. 1 Betreuungspersonal\u00a0<\/span><\/td>\n<\/tr>\n<tr>\n<td style=\"width: 200px;\"><span style=\"font-size: 16px;\">\u00a0<\/span><\/td>\n<td style=\"width: 529px;\"><span style=\"font-size: 16px;\">\u00a0<\/span><\/td>\n<\/tr>\n<tr>\n<td style=\"width: 200px;\"><span style=\"font-size: 16px;\">Selbstbetreuung m\u00f6glich:<\/span><\/td>\n<td style=\"width: 529px;\"><span style=\"font-size: 16px;\">\u00a0ja<\/span><\/td>\n<\/tr>\n<tr>\n<td style=\"width: 200px; vertical-align: top;\"><span style=\"font-size: 16px;\">Transportumfang:<\/span><\/td>\n<td style=\"width: 529px;\"><span style=\"font-size: 16px;\">\u00a02 x Bahnl\u00e4nge 3 x 0,80 m<br \/>\n\u00a02 x Bahnl\u00e4nge 2 x 0,80 m<br \/>\n\u00a05 x St\u00fctzen\u00a0 H\u00f6he = 0,2 &#8211; 0,90 m\u00a0Breite = 1,00 m<br \/>\n\u00a02 x Stapelkisten<\/span><\/td>\n<\/tr>\n<tr>\n<td style=\"width: 200px;\"><span style=\"font-size: 16px;\">weitere Serviceleistungen:<\/span><\/td>\n<td style=\"width: 529px;\"><span style=\"font-size: 16px;\">\u00a0Liefer-, Teil- und Fullservice<\/span><\/td>\n<\/tr>\n<tr>\n<td style=\"width: 200px;\"><span style=\"font-size: 16px;\">\u00a0<\/span><\/td>\n<td style=\"width: 529px;\"><span style=\"font-size: 16px;\">\u00a0<\/span><\/td>\n<\/tr>\n<tr>\n<td style=\"width: 200px;\"><span style=\"font-size: 16px;\">Strombedarf:<\/span><\/td>\n<td style=\"width: 529px;\"><span style=\"font-size: 16px;\">\u00a0nein<\/span><\/td>\n<\/tr>\n<tr>\n<td style=\"width: 200px;\"><span style=\"font-size: 16px;\">Wasserbedarf:<\/span><\/td>\n<td style=\"width: 529px;\"><span style=\"font-size: 16px;\">\u00a0nein<\/span><\/td>\n<\/tr>\n<\/tbody>\n<\/table>\n<p>&nbsp;<\/p>\n","protected":false},"excerpt":{"rendered":"<div><span style=\"font-size: 16px;\">Urspr\u00fcnglich f\u00fcr die Industrie zur Bef\u00f6rderung von schweren Lasten entwickelt, bef\u00f6rdern <\/span><span style=\"font-size: 16px;\">wir damit Kinder und lassen sie in Kisten die Bahn hinab sausen.<\/span><\/div>\n<div>\u00a0<\/div>\n<div><span style=\"font-size: 16px;\">Die Rollenbahn stellt zu den klassischen H\u00fcpfburgen eine wahre Alternative dar.<\/span><\/div>\n<div>\u00a0<\/div>\n<div><span style=\"font-size: 16px;\">Ihr Einsatz garantiert einen riesen Spa\u00df und ist auf jedem Kinderevent ein Highlight. Die <\/span><span style=\"font-size: 16px;\">Rollenbahn ist f\u00fcr eine breite Altersgruppe von 2 &#8211; 13 Jahren geeignet.<\/span><\/div>\n<div>\u00a0<\/div>\n<div>\u00a0<\/div>\n<div>\u00a0<\/div>\n<div>\u00a0<\/div>\n<div>\u00a0<\/div>\n<div>\u00a0<\/div>\n","protected":false},"featured_media":1407,"template":"","meta":[],"product_cat":[140,39,46,47,113,61,62],"product_tag":[],"_links":{"self":[{"href":"https:\/\/www.spielmobil-konz.de\/index.php?rest_route=\/wp\/v2\/product\/1238"}],"collection":[{"href":"https:\/\/www.spielmobil-konz.de\/index.php?rest_route=\/wp\/v2\/product"}],"about":[{"href":"https:\/\/www.spielmobil-konz.de\/index.php?rest_route=\/wp\/v2\/types\/product"}],"wp:featuredmedia":[{"embeddable":true,"href":"https:\/\/www.spielmobil-konz.de\/index.php?rest_route=\/wp\/v2\/media\/1407"}],"wp:attachment":[{"href":"https:\/\/www.spielmobil-konz.de\/index.php?rest_route=%2Fwp%2Fv2%2Fmedia&parent=1238"}],"wp:term":[{"taxonomy":"product_cat","embeddable":true,"href":"https:\/\/www.spielmobil-konz.de\/index.php?rest_route=%2Fwp%2Fv2%2Fproduct_cat&post=1238"},{"taxonomy":"product_tag","embeddable":true,"href":"https:\/\/www.spielmobil-konz.de\/index.php?rest_route=%2Fwp%2Fv2%2Fproduct_tag&post=1238"}],"curies":[{"name":"wp","href":"https:\/\/api.w.org\/{rel}","templated":true}]}}