{"id":1229,"date":"2016-03-09T16:51:49","date_gmt":"2016-03-09T15:51:49","guid":{"rendered":"http:\/\/www.spielmobil-konz.de\/?post_type=product&#038;p=1229"},"modified":"2026-04-23T15:32:44","modified_gmt":"2026-04-23T13:32:44","slug":"riesenbausteine-fuer-haeuslebauer","status":"publish","type":"product","link":"https:\/\/www.spielmobil-konz.de\/?product=riesenbausteine-fuer-haeuslebauer","title":{"rendered":"Riesenbausteine f\u00fcr H\u00e4uslebauer"},"content":{"rendered":"<table style=\"width: 752px; height: 390px;\">\n<tbody>\n<tr>\n<td style=\"width: 200px;\"><span style=\"font-size: 16px;\">Equipment Set:<\/span><\/td>\n<td style=\"width: 536px;\"><span style=\"font-size: 16px;\">\u00a0ca. 300 Riesenbausteine<br \/>\n<\/span><\/td>\n<\/tr>\n<tr>\n<td style=\"width: 200px;\"><span style=\"font-size: 16px;\">\u00a0<\/span><\/td>\n<td style=\"width: 536px;\"><span style=\"font-size: 16px;\">\u00a0<\/span><\/td>\n<\/tr>\n<tr>\n<td style=\"width: 200px;\"><span style=\"font-size: 16px;\">Platzbedarf:<\/span><\/td>\n<td style=\"width: 536px;\"><span style=\"font-size: 16px;\">\u00a0gro\u00dfe Asphalt- oder Rasenfl\u00e4che <\/span><\/td>\n<\/tr>\n<tr>\n<td style=\"width: 200px;\"><span style=\"font-size: 16px;\">Belastbarkeit: <\/span><\/td>\n<td style=\"width: 536px;\"><span style=\"font-size: 16px;\">\u00a0105 kg\u00a0<\/span><\/td>\n<\/tr>\n<tr>\n<td style=\"width: 200px;\"><span style=\"font-size: 16px;\">Gr\u00f6\u00dfen:<\/span><\/td>\n<td style=\"width: 536px;\"><span style=\"font-size: 16px;\">\u00a011\u00a0x 11 cm; 11 x 22 cm; 12 cm hoch<\/span><\/td>\n<\/tr>\n<tr>\n<td style=\"width: 200px;\"><span style=\"font-size: 16px;\">Anzahl Benutzer:<\/span><\/td>\n<td style=\"width: 536px;\"><span style=\"font-size: 16px;\">\u00a01 Spieler\u00a0<\/span><\/td>\n<\/tr>\n<tr>\n<td style=\"width: 200px;\"><span style=\"font-size: 16px;\">Zielgruppe:<\/span><\/td>\n<td style=\"width: 536px;\"><span style=\"font-size: 16px;\">\u00a0Kinder ab\u00a03 Jahren<\/span><\/td>\n<\/tr>\n<tr>\n<td style=\"width: 200px;\"><span style=\"font-size: 16px;\">Betreuung:<\/span><\/td>\n<td style=\"width: 536px;\"><span style=\"font-size: 16px;\">\u00a01 Betreuungspersonal\u00a0<\/span><\/td>\n<\/tr>\n<tr>\n<td style=\"width: 200px;\"><span style=\"font-size: 16px;\">Transportverpackung:<\/span><\/td>\n<td style=\"width: 536px;\"><span style=\"font-size: 16px;\">\u00a0Transportcase 1,6 x 0,8 x 0,8 m\u00a0<\/span><\/td>\n<\/tr>\n<tr>\n<td style=\"width: 200px;\"><span style=\"font-size: 16px;\">\u00a0<\/span><\/td>\n<td style=\"width: 536px;\"><span style=\"font-size: 16px;\">\u00a0<\/span><\/td>\n<\/tr>\n<tr>\n<td style=\"width: 200px;\"><span style=\"font-size: 16px;\">Selbstbetreuung m\u00f6glich:<\/span><\/td>\n<td style=\"width: 536px;\"><span style=\"font-size: 16px;\">\u00a0ja<\/span><\/td>\n<\/tr>\n<tr>\n<td style=\"width: 200px;\"><span style=\"font-size: 16px;\">weitere Serviceleistungen:<\/span><\/td>\n<td style=\"width: 536px;\"><span style=\"font-size: 16px;\">\u00a0Liefer-, Teil- und Fullservice<\/span><\/td>\n<\/tr>\n<tr>\n<td style=\"width: 200px;\"><span style=\"font-size: 16px;\">\u00a0<\/span><\/td>\n<td style=\"width: 536px;\"><span style=\"font-size: 16px;\">\u00a0<\/span><\/td>\n<\/tr>\n<tr>\n<td style=\"width: 200px;\"><span style=\"font-size: 16px;\">Strombedarf:<\/span><\/td>\n<td style=\"width: 536px;\"><span style=\"font-size: 16px;\">\u00a0nein<\/span><\/td>\n<\/tr>\n<tr>\n<td style=\"width: 200px;\"><span style=\"font-size: 16px;\">Wasserbedarf:<\/span><\/td>\n<td style=\"width: 536px;\"><span style=\"font-size: 16px;\">\u00a0nein<\/span><\/td>\n<\/tr>\n<\/tbody>\n<\/table>\n","protected":false},"excerpt":{"rendered":"<p><strong><span style=\"font-size: 16px;\">Wer will kleine Architekten sehen?<\/span><\/strong><br \/>\n<span style=\"font-size: 16px;\">F\u00fcr die kleinsten ein Riesenspa\u00df, Die runden Steckverbindungen lassen sich dabei gut von kleinen H\u00e4nden greifen.<\/span><\/p>\n<p>&nbsp;<\/p>\n<p>&nbsp;<\/p>\n<p>&nbsp;<\/p>\n<p>&nbsp;<\/p>\n<p>&nbsp;<\/p>\n<p>&nbsp;<\/p>\n<p>&nbsp;<\/p>\n<p>&nbsp;<\/p>\n","protected":false},"featured_media":26,"template":"","meta":[],"product_cat":[44,47,48,113,61,62],"product_tag":[],"_links":{"self":[{"href":"https:\/\/www.spielmobil-konz.de\/index.php?rest_route=\/wp\/v2\/product\/1229"}],"collection":[{"href":"https:\/\/www.spielmobil-konz.de\/index.php?rest_route=\/wp\/v2\/product"}],"about":[{"href":"https:\/\/www.spielmobil-konz.de\/index.php?rest_route=\/wp\/v2\/types\/product"}],"wp:featuredmedia":[{"embeddable":true,"href":"https:\/\/www.spielmobil-konz.de\/index.php?rest_route=\/wp\/v2\/media\/26"}],"wp:attachment":[{"href":"https:\/\/www.spielmobil-konz.de\/index.php?rest_route=%2Fwp%2Fv2%2Fmedia&parent=1229"}],"wp:term":[{"taxonomy":"product_cat","embeddable":true,"href":"https:\/\/www.spielmobil-konz.de\/index.php?rest_route=%2Fwp%2Fv2%2Fproduct_cat&post=1229"},{"taxonomy":"product_tag","embeddable":true,"href":"https:\/\/www.spielmobil-konz.de\/index.php?rest_route=%2Fwp%2Fv2%2Fproduct_tag&post=1229"}],"curies":[{"name":"wp","href":"https:\/\/api.w.org\/{rel}","templated":true}]}}