{"id":1211,"date":"2016-03-09T14:36:05","date_gmt":"2016-03-09T14:36:05","guid":{"rendered":"http:\/\/www.spielmobil-konz.de\/?post_type=product&#038;p=1211"},"modified":"2019-02-18T19:16:34","modified_gmt":"2019-02-18T18:16:34","slug":"miniatur-minigolfanlage","status":"publish","type":"product","link":"https:\/\/www.spielmobil-konz.de\/?product=miniatur-minigolfanlage","title":{"rendered":"Minigolf Parcours"},"content":{"rendered":"<table style=\"width: 743px; height: 328px;\">\n<tbody>\n<tr>\n<td style=\"width: 199.69px; vertical-align: top;\"><span style=\"font-size: 16px;\">Equipment Set:<\/span><\/td>\n<td style=\"width: 527.31px;\"><span style=\"font-size: 16px;\">Minigolfparcours mit sechs unterschiedlichen Bahnen \u00e1 2,5 m L\u00e4nge, Schl\u00e4ger, B\u00e4lle und Spielkarten.<br \/>\n<\/span><\/td>\n<\/tr>\n<tr>\n<td style=\"width: 199.69px;\"><span style=\"font-size: 16px;\">Platzbedarf:<\/span><\/td>\n<td style=\"width: 527.31px;\"><span style=\"font-size: 16px;\">6 Bahnen \u00e1 2,5 x 0,8 m <\/span><\/td>\n<\/tr>\n<tr>\n<td style=\"width: 199.69px;\"><span style=\"font-size: 16px;\">Zielgruppe:<\/span><\/td>\n<td style=\"width: 527.31px;\"><span style=\"font-size: 16px;\">Kinder ab\u00a06 Jahren<\/span><\/td>\n<\/tr>\n<tr>\n<td style=\"width: 199.69px;\"><span style=\"font-size: 16px;\">Betreuung:<\/span><\/td>\n<td style=\"width: 527.31px;\"><span style=\"font-size: 16px;\">1 Betreuungspersonal\u00a0<\/span><\/td>\n<\/tr>\n<tr>\n<td style=\"width: 199.69px;\"><span style=\"font-size: 16px;\">\u00a0<\/span><\/td>\n<td style=\"width: 527.31px;\"><span style=\"font-size: 16px;\">\u00a0<\/span><\/td>\n<\/tr>\n<tr>\n<td style=\"width: 199.69px;\"><span style=\"font-size: 16px;\">Selbstbetreuung m\u00f6glich:<\/span><\/td>\n<td style=\"width: 527.31px;\"><span style=\"font-size: 16px;\">ja<\/span><\/td>\n<\/tr>\n<tr>\n<td style=\"width: 199.69px;\"><span style=\"font-size: 16px;\">weitere Serviceleistungen:<\/span><\/td>\n<td style=\"width: 527.31px;\"><span style=\"font-size: 16px;\">Liefer- und Fullservice<\/span><\/td>\n<\/tr>\n<tr>\n<td style=\"width: 199.69px;\"><span style=\"font-size: 16px;\">\u00a0<\/span><\/td>\n<td style=\"width: 527.31px;\"><span style=\"font-size: 16px;\">\u00a0<\/span><\/td>\n<\/tr>\n<tr>\n<td style=\"width: 199.69px;\"><span style=\"font-size: 16px;\">Strombedarf:<\/span><\/td>\n<td style=\"width: 527.31px;\"><span style=\"font-size: 16px;\">nein<\/span><\/td>\n<\/tr>\n<tr>\n<td style=\"width: 199.69px;\"><span style=\"font-size: 16px;\">Wasserbedarf:<\/span><\/td>\n<td style=\"width: 527.31px;\"><span style=\"font-size: 16px;\">nein<\/span><\/td>\n<\/tr>\n<\/tbody>\n<\/table>\n","protected":false},"excerpt":{"rendered":"<p><span style=\"font-size: 16px;\"><strong>Spannung und Spa\u00df beim Spiel.<\/strong> <br \/>\n<\/span><br \/>\n<span style=\"font-size: 16px;\">Das allseits beliebte Minigolf f\u00fcr drinnen und drau\u00dfen.<\/span><\/p>\n<p>&nbsp;<\/p>\n<p>&nbsp;<\/p>\n<p>&nbsp;<\/p>\n<p>&nbsp;<\/p>\n<p>&nbsp;<\/p>\n<p>&nbsp;<\/p>\n<p>&nbsp;<\/p>\n<p>&nbsp;<\/p>\n","protected":false},"featured_media":1651,"template":"","meta":[],"product_cat":[39,46,43,113,62],"product_tag":[],"_links":{"self":[{"href":"https:\/\/www.spielmobil-konz.de\/index.php?rest_route=\/wp\/v2\/product\/1211"}],"collection":[{"href":"https:\/\/www.spielmobil-konz.de\/index.php?rest_route=\/wp\/v2\/product"}],"about":[{"href":"https:\/\/www.spielmobil-konz.de\/index.php?rest_route=\/wp\/v2\/types\/product"}],"wp:featuredmedia":[{"embeddable":true,"href":"https:\/\/www.spielmobil-konz.de\/index.php?rest_route=\/wp\/v2\/media\/1651"}],"wp:attachment":[{"href":"https:\/\/www.spielmobil-konz.de\/index.php?rest_route=%2Fwp%2Fv2%2Fmedia&parent=1211"}],"wp:term":[{"taxonomy":"product_cat","embeddable":true,"href":"https:\/\/www.spielmobil-konz.de\/index.php?rest_route=%2Fwp%2Fv2%2Fproduct_cat&post=1211"},{"taxonomy":"product_tag","embeddable":true,"href":"https:\/\/www.spielmobil-konz.de\/index.php?rest_route=%2Fwp%2Fv2%2Fproduct_tag&post=1211"}],"curies":[{"name":"wp","href":"https:\/\/api.w.org\/{rel}","templated":true}]}}