{"id":1163,"date":"2016-03-09T09:46:51","date_gmt":"2016-03-09T09:46:51","guid":{"rendered":"http:\/\/www.spielmobil-konz.de\/?post_type=product&#038;p=1163"},"modified":"2024-01-15T16:54:50","modified_gmt":"2024-01-15T15:54:50","slug":"kettcars","status":"publish","type":"product","link":"https:\/\/www.spielmobil-konz.de\/?product=kettcars","title":{"rendered":"Kettcar"},"content":{"rendered":"<table style=\"width: 744px; height: 410px;\">\n<tbody>\n<tr style=\"height: 22px;\">\n<td style=\"width: 199.84px; height: 22px;\"><span style=\"font-size: 16px;\">Equipment Set:<\/span><\/td>\n<td style=\"width: 528.16px; height: 22px;\"><span style=\"font-size: 16px;\">Pedal &#8211; Kettcar<br \/>\n<\/span><\/td>\n<\/tr>\n<tr style=\"height: 24px;\">\n<td style=\"width: 199.84px; height: 24px;\"><span style=\"font-size: 16px;\">Gr\u00f6\u00dfe: <\/span><\/td>\n<td style=\"width: 528.16px; height: 24px;\"><span style=\"font-size: 16px;\">&nbsp;158 x 82 x 92 cm <\/span><\/td>\n<\/tr>\n<tr style=\"height: 24px;\">\n<td style=\"width: 199.84px; height: 24px;\"><span style=\"font-size: 16px;\">Gewicht:<\/span><\/td>\n<td style=\"width: 528.16px; height: 24px;\"><span style=\"font-size: 16px;\">&nbsp;40 kg<\/span><\/td>\n<\/tr>\n<tr style=\"height: 24px;\">\n<td style=\"width: 199.84px; height: 24px;\"><span style=\"font-size: 16px;\">Belastbarkeit: <\/span><\/td>\n<td style=\"width: 528.16px; height: 24px;\"><span style=\"font-size: 16px;\">&nbsp;bis 100 kg<\/span><\/td>\n<\/tr>\n<tr style=\"height: 24px;\">\n<td style=\"width: 199.84px; height: 24px;\"><span style=\"font-size: 16px;\">K\u00f6rpergr\u00f6\u00dfe:<\/span><\/td>\n<td style=\"width: 528.16px; height: 24px;\"><span style=\"font-size: 16px;\">&nbsp;1,20 bis 2,00 m<\/span><\/td>\n<\/tr>\n<tr style=\"height: 24px;\">\n<td style=\"width: 199.84px; height: 24px;\"><span style=\"font-size: 16px;\">Zielgruppe:<\/span><\/td>\n<td style=\"width: 528.16px; height: 24px;\"><span style=\"font-size: 16px;\">&nbsp;Kinder und Jugendliche<\/span><\/td>\n<\/tr>\n<tr style=\"height: 24px;\">\n<td style=\"width: 199.84px; height: 24px;\"><span style=\"font-size: 16px;\">Altersgruppe:<\/span><\/td>\n<td style=\"width: 528.16px; height: 24px;\"><span style=\"font-size: 16px;\">&nbsp;5 bis 99 Jahre<\/span><\/td>\n<\/tr>\n<tr style=\"height: 24px;\">\n<td style=\"width: 199.84px; height: 24px;\"><span style=\"font-size: 16px;\">Aufsicht:<\/span><\/td>\n<td style=\"width: 528.16px; height: 24px;\"><span style=\"font-size: 16px;\">&nbsp;1 Betreuungspersonal&nbsp;<\/span><\/td>\n<\/tr>\n<tr style=\"height: 24px;\">\n<td style=\"width: 199.84px; height: 24px;\"><span style=\"font-size: 16px;\">&nbsp;<\/span><\/td>\n<td style=\"width: 528.16px; height: 24px;\"><span style=\"font-size: 16px;\">&nbsp;<\/span><\/td>\n<\/tr>\n<tr style=\"height: 24px;\">\n<td style=\"width: 199.84px; height: 24px;\"><span style=\"font-size: 16px;\">Selbstbetreuung m\u00f6glich:<\/span><\/td>\n<td style=\"width: 528.16px; height: 24px;\"><span style=\"font-size: 16px;\">&nbsp;ja<\/span><\/td>\n<\/tr>\n<tr style=\"height: 24px;\">\n<td style=\"width: 199.84px; height: 24px;\"><span style=\"font-size: 16px;\">weitere Serviceleistungen:<\/span><\/td>\n<td style=\"width: 528.16px; height: 24px;\"><span style=\"font-size: 16px;\">&nbsp;Liefer-, Teil- und Fullservice<\/span><\/td>\n<\/tr>\n<tr style=\"height: 24px;\">\n<td style=\"width: 199.84px; height: 24px;\"><span style=\"font-size: 16px;\">&nbsp;<\/span><\/td>\n<td style=\"width: 528.16px; height: 24px;\"><span style=\"font-size: 16px;\">&nbsp;<\/span><\/td>\n<\/tr>\n<tr style=\"height: 24px;\">\n<td style=\"width: 199.84px; height: 24px;\"><span style=\"font-size: 16px;\">Strombedarf:<\/span><\/td>\n<td style=\"width: 528.16px; height: 24px;\"><span style=\"font-size: 16px;\">&nbsp;nein<\/span><\/td>\n<\/tr>\n<tr style=\"height: 24px;\">\n<td style=\"width: 199.84px; height: 24px;\"><span style=\"font-size: 16px;\">Wasserbedarf:<\/span><\/td>\n<td style=\"width: 528.16px; height: 24px;\"><span style=\"font-size: 16px;\">&nbsp;nein<\/span><\/td>\n<\/tr>\n<\/tbody>\n<\/table>\n","protected":false},"excerpt":{"rendered":"<p><span style=\"font-size: 16px;\"><strong>Wer kennt sie nicht, die Go-Karts der Spitzenklasse?<\/strong><\/span><\/p>\n<p><span style=\"font-size: 16px;\">Fast wie in der Formel 1<br \/>\n<\/span><br \/>\n<span style=\"font-size: 16px;\">Auch heute noch sind diese Klassiker beliebt und ein Renner auf jeder Spielaktion und jedem Spielfest.<\/span><\/p>\n<p>&nbsp;<\/p>\n<p>&nbsp;<\/p>\n<p>&nbsp;<\/p>\n<p>&nbsp;<\/p>\n<p>&nbsp;<\/p>\n","protected":false},"featured_media":2158,"template":"","meta":[],"product_cat":[115],"product_tag":[],"_links":{"self":[{"href":"https:\/\/www.spielmobil-konz.de\/index.php?rest_route=\/wp\/v2\/product\/1163"}],"collection":[{"href":"https:\/\/www.spielmobil-konz.de\/index.php?rest_route=\/wp\/v2\/product"}],"about":[{"href":"https:\/\/www.spielmobil-konz.de\/index.php?rest_route=\/wp\/v2\/types\/product"}],"wp:featuredmedia":[{"embeddable":true,"href":"https:\/\/www.spielmobil-konz.de\/index.php?rest_route=\/wp\/v2\/media\/2158"}],"wp:attachment":[{"href":"https:\/\/www.spielmobil-konz.de\/index.php?rest_route=%2Fwp%2Fv2%2Fmedia&parent=1163"}],"wp:term":[{"taxonomy":"product_cat","embeddable":true,"href":"https:\/\/www.spielmobil-konz.de\/index.php?rest_route=%2Fwp%2Fv2%2Fproduct_cat&post=1163"},{"taxonomy":"product_tag","embeddable":true,"href":"https:\/\/www.spielmobil-konz.de\/index.php?rest_route=%2Fwp%2Fv2%2Fproduct_tag&post=1163"}],"curies":[{"name":"wp","href":"https:\/\/api.w.org\/{rel}","templated":true}]}}