{"id":1158,"date":"2016-03-09T09:06:31","date_gmt":"2016-03-09T09:06:31","guid":{"rendered":"http:\/\/www.spielmobil-konz.de\/?post_type=product&#038;p=1158"},"modified":"2022-09-15T17:05:30","modified_gmt":"2022-09-15T15:05:30","slug":"jakkolo","status":"publish","type":"product","link":"https:\/\/www.spielmobil-konz.de\/?product=jakkolo","title":{"rendered":"Jakkolo"},"content":{"rendered":"<table style=\"width: 736px; height: 341px;\">\n<tbody>\n<tr>\n<td style=\"width: 199.53px;\"><span style=\"font-size: 16px;\">Equipment Set:<\/span><\/td>\n<td style=\"width: 520.47px;\"><span style=\"font-size: 16px;\">Spielbrett, 30\u00a0Holzscheiben<br \/>\n<\/span><\/td>\n<\/tr>\n<tr>\n<td style=\"width: 199.53px;\"><span style=\"font-size: 16px;\">Platzbedarf:<\/span><\/td>\n<td style=\"width: 520.47px;\"><span style=\"font-size: 16px;\">2 x 3 m <\/span><\/td>\n<\/tr>\n<tr>\n<td style=\"width: 199.53px;\"><span style=\"font-size: 16px;\">Gr\u00f6\u00dfe:<br \/>\n<\/span><\/td>\n<td style=\"width: 520.47px;\"><span style=\"font-size: 16px;\">200 x 41 x 4,5 cm<\/span><\/td>\n<\/tr>\n<tr>\n<td style=\"width: 199.53px;\"><span style=\"font-size: 16px;\">Zielgruppe:<\/span><\/td>\n<td style=\"width: 520.47px;\"><span style=\"font-size: 16px;\">4 bis 99 Jahre <br \/>\n<\/span><\/td>\n<\/tr>\n<tr>\n<td style=\"width: 199.53px;\"><span style=\"font-size: 16px;\">\u00a0<\/span><\/td>\n<td style=\"width: 520.47px;\"><span style=\"font-size: 12px;\">(nicht geeignet f\u00fcr Kinder unter 3 Jahren!)<\/span><\/td>\n<\/tr>\n<tr>\n<td style=\"width: 199.53px;\"><span style=\"font-size: 16px;\">Betreuung \/ Aufsicht:<br \/>\n<\/span><\/td>\n<td style=\"width: 520.47px;\"><span style=\"font-size: 16px;\">1 Betreuungspersonal\u00a0<\/span><\/td>\n<\/tr>\n<tr>\n<td style=\"width: 199.53px;\"><span style=\"font-size: 16px;\">\u00a0<\/span><\/td>\n<td style=\"width: 520.47px;\"><span style=\"font-size: 12px;\">(Benutzung unter unmittelbarer Aufsicht von Erwachsenen)<\/span><\/td>\n<\/tr>\n<tr>\n<td style=\"width: 199.53px;\"><span style=\"font-size: 16px;\">Selbstbetreuung m\u00f6glich:<\/span><\/td>\n<td style=\"width: 520.47px;\"><span style=\"font-size: 16px;\">ja<\/span><\/td>\n<\/tr>\n<tr>\n<td style=\"width: 199.53px;\"><span style=\"font-size: 16px;\">Transportumfang:<\/span><\/td>\n<td style=\"width: 520.47px;\"><span style=\"font-size: 16px;\">Transportcases: 2,2 x 0,8 x 0,6 m<\/span><\/td>\n<\/tr>\n<tr>\n<td style=\"width: 199.53px;\"><span style=\"font-size: 16px;\">weitere Serviceleistungen:<\/span><\/td>\n<td style=\"width: 520.47px;\"><span style=\"font-size: 16px;\">Liefer-, Teil- und Fullservice<\/span><\/td>\n<\/tr>\n<tr>\n<td style=\"width: 199.53px;\"><span style=\"font-size: 16px;\">Strombedarf:<\/span><\/td>\n<td style=\"width: 520.47px;\"><span style=\"font-size: 16px;\">nein<\/span><\/td>\n<\/tr>\n<tr>\n<td style=\"width: 199.53px;\"><span style=\"font-size: 16px;\">Wasserbedarf:<\/span><\/td>\n<td style=\"width: 520.47px;\"><span style=\"font-size: 16px;\">nein<\/span><\/td>\n<\/tr>\n<tr>\n<td style=\"width: 199.53px;\"><span style=\"font-size: 16px;\">sonstiger Bedarf:<br \/>\n<\/span><\/td>\n<td style=\"width: 520.47px;\"><span style=\"font-size: 16px;\">1 Tisch 2 x 0,6 m (z.B. Brauereitisch)<br \/>\n<\/span><\/td>\n<\/tr>\n<\/tbody>\n<\/table>\n<p>&nbsp;<\/p>\n","protected":false},"excerpt":{"rendered":"<div><strong><span style=\"font-size: 16px;\">Jakkolo \u2013 der beliebte Spielklassiker<\/span><\/strong><\/div>\n<div>und ein <span style=\"font-size: 16px;\">spanndendes Spiel f\u00fcr Jung und Alt<\/span><\/div>\n<div>\u00a0<\/div>\n<div><span style=\"font-size: 16px;\"> Das ideale Spiel nicht nur f\u00fcr die ganze Familie. <br \/>\n<\/span><\/div>\n<div>\u00a0<\/div>\n<div><span style=\"font-size: 16px;\">Gespielt wird auf einem 2 m langen, 40 cm breiten Holzbrett. Am Ende dieses Bretts befinden sich vier Tordurchl\u00e4sse mit Boxen und verschiedener Wertung. Von links beginnend z\u00e4hlt man f\u00fcr einen Treffer 2 &#8211; 3 &#8211; 4 &#8211; 1 Punkte. In diese Boxen werden mit der Hand runde, konkave Holz-Spielsteine geschoben.<\/span><\/div>\n<div>\u00a0<\/div>\n","protected":false},"featured_media":2649,"template":"","meta":[],"product_cat":[122,46,45,113,62],"product_tag":[],"_links":{"self":[{"href":"https:\/\/www.spielmobil-konz.de\/index.php?rest_route=\/wp\/v2\/product\/1158"}],"collection":[{"href":"https:\/\/www.spielmobil-konz.de\/index.php?rest_route=\/wp\/v2\/product"}],"about":[{"href":"https:\/\/www.spielmobil-konz.de\/index.php?rest_route=\/wp\/v2\/types\/product"}],"wp:featuredmedia":[{"embeddable":true,"href":"https:\/\/www.spielmobil-konz.de\/index.php?rest_route=\/wp\/v2\/media\/2649"}],"wp:attachment":[{"href":"https:\/\/www.spielmobil-konz.de\/index.php?rest_route=%2Fwp%2Fv2%2Fmedia&parent=1158"}],"wp:term":[{"taxonomy":"product_cat","embeddable":true,"href":"https:\/\/www.spielmobil-konz.de\/index.php?rest_route=%2Fwp%2Fv2%2Fproduct_cat&post=1158"},{"taxonomy":"product_tag","embeddable":true,"href":"https:\/\/www.spielmobil-konz.de\/index.php?rest_route=%2Fwp%2Fv2%2Fproduct_tag&post=1158"}],"curies":[{"name":"wp","href":"https:\/\/api.w.org\/{rel}","templated":true}]}}