{"id":1154,"date":"2016-03-09T08:51:59","date_gmt":"2016-03-09T08:51:59","guid":{"rendered":"http:\/\/www.spielmobil-konz.de\/?post_type=product&#038;p=1154"},"modified":"2019-11-04T19:35:41","modified_gmt":"2019-11-04T18:35:41","slug":"huepfsaecke","status":"publish","type":"product","link":"https:\/\/www.spielmobil-konz.de\/?product=huepfsaecke","title":{"rendered":"H\u00fcpfsack Set"},"content":{"rendered":"<table style=\"width: 734px; height: 334px;\">\n<tbody>\n<tr style=\"height: 24px;\">\n<td style=\"width: 198.9px; height: 24px;\"><span style=\"font-size: 16px;\">Equipment Set:<\/span><\/td>\n<td style=\"width: 519.1px; height: 24px;\"><span style=\"font-size: 16px;\">\u00a0H\u00fcpfs\u00e4cke Set mit 5 x H\u00fcpfs\u00e4cken Junior<br \/>\n<\/span><\/td>\n<\/tr>\n<tr style=\"height: 24px;\">\n<td style=\"width: 198.9px; height: 24px;\"><span style=\"font-size: 16px;\">\u00a0<\/span><\/td>\n<td style=\"width: 519.1px; height: 24px;\"><span style=\"font-size: 16px;\">\u00a0<\/span><\/td>\n<\/tr>\n<tr style=\"height: 24px;\">\n<td style=\"width: 198.9px; height: 24px;\"><span style=\"font-size: 16px;\">Gr\u00f6\u00dfe:<\/span><\/td>\n<td style=\"width: 519.1px; height: 24px;\"><span style=\"font-size: 16px;\">60 cm (H) \/ \u00d8 25 cm<br \/>\n<\/span><\/td>\n<\/tr>\n<tr style=\"height: 24px;\">\n<td style=\"width: 198.9px; height: 24px;\"><span style=\"font-size: 16px;\">Platzbedarf:<\/span><\/td>\n<td style=\"width: 519.1px; height: 24px;\"><span style=\"font-size: 16px;\">\u00a0beliebig<\/span><\/td>\n<\/tr>\n<tr style=\"height: 24px;\">\n<td style=\"width: 198.9px; height: 24px;\"><span style=\"font-size: 16px;\">Zielgruppe:<\/span><\/td>\n<td style=\"width: 519.1px; height: 24px;\"><span style=\"font-size: 16px;\">\u00a0Kinder \/ Jugendliche<\/span><\/td>\n<\/tr>\n<tr style=\"height: 24px;\">\n<td style=\"width: 198.9px; height: 24px;\"><span style=\"font-size: 16px;\">Altersgruppe<\/span><\/td>\n<td style=\"width: 519.1px; height: 24px;\"><span style=\"font-size: 16px;\">\u00a03 &#8211; 12 Jahre<\/span><\/td>\n<\/tr>\n<tr style=\"height: 24px;\">\n<td style=\"width: 198.9px; height: 24px;\"><span style=\"font-size: 16px;\">Betreuung:<\/span><\/td>\n<td style=\"width: 519.1px; height: 24px;\"><span style=\"font-size: 16px;\">\u00a01 Betreuungspersonal\u00a0<\/span><\/td>\n<\/tr>\n<tr style=\"height: 24px;\">\n<td style=\"width: 198.9px; height: 24px;\"><span style=\"font-size: 16px;\">\u00a0<\/span><\/td>\n<td style=\"width: 519.1px; height: 24px;\"><span style=\"font-size: 16px;\">\u00a0<\/span><\/td>\n<\/tr>\n<tr style=\"height: 24px;\">\n<td style=\"width: 198.9px; height: 24px;\"><span style=\"font-size: 16px;\">Selbstbetreuung m\u00f6glich:<\/span><\/td>\n<td style=\"width: 519.1px; height: 24px;\"><span style=\"font-size: 16px;\">\u00a0ja<\/span><\/td>\n<\/tr>\n<tr style=\"height: 24px;\">\n<td style=\"width: 198.9px; height: 24px;\"><span style=\"font-size: 16px;\">weitere Serviceleistungen:<\/span><\/td>\n<td style=\"width: 519.1px; height: 24px;\"><span style=\"font-size: 16px;\">\u00a0Lieferservice<\/span><\/td>\n<\/tr>\n<tr style=\"height: 24px;\">\n<td style=\"width: 198.9px; height: 24px;\"><span style=\"font-size: 16px;\">\u00a0<\/span><\/td>\n<td style=\"width: 519.1px; height: 24px;\"><span style=\"font-size: 16px;\">\u00a0<\/span><\/td>\n<\/tr>\n<tr style=\"height: 24px;\">\n<td style=\"width: 198.9px; height: 24px;\"><span style=\"font-size: 16px;\">Strombedarf:<\/span><\/td>\n<td style=\"width: 519.1px; height: 24px;\"><span style=\"font-size: 16px;\">\u00a0nein<\/span><\/td>\n<\/tr>\n<tr style=\"height: 24px;\">\n<td style=\"width: 198.9px; height: 24px;\"><span style=\"font-size: 16px;\">Wasserbedarf:<\/span><\/td>\n<td style=\"width: 519.1px; height: 24px;\"><span style=\"font-size: 16px;\">\u00a0nein<\/span><\/td>\n<\/tr>\n<\/tbody>\n<\/table>\n<p>&nbsp;<\/p>\n","protected":false},"excerpt":{"rendered":"<div><strong><span style=\"font-size: 16px;\">Der Klassiker bei allen Spielanimationen und Spielfesten.<\/span><\/strong><\/div>\n<div>\u00a0<\/div>\n<div><span style=\"font-size: 16px;\">Sackh\u00fcpfen schenkt Freude am Spiel und an der Bewegung: <\/span><br \/>\n<span style=\"font-size: 16px;\">Ob beim Wetth\u00fcpfen oder Parcours-H\u00fcpfen. Ein tolle Spiel f\u00fcr <\/span><br \/>\n<span style=\"font-size: 16px;\">viele Mitspieler gleichzeitig.<\/span><\/div>\n<div>\u00a0<\/div>\n<div>\u00a0<\/div>\n<div>\u00a0<\/div>\n<div>\u00a0<\/div>\n<div>\u00a0<\/div>\n<div>\u00a0<\/div>\n<div>\u00a0<\/div>\n<div>\u00a0<\/div>\n<div>\u00a0<\/div>\n<div>\u00a0<\/div>\n","protected":false},"featured_media":3039,"template":"","meta":[],"product_cat":[46,45,113,62],"product_tag":[],"_links":{"self":[{"href":"https:\/\/www.spielmobil-konz.de\/index.php?rest_route=\/wp\/v2\/product\/1154"}],"collection":[{"href":"https:\/\/www.spielmobil-konz.de\/index.php?rest_route=\/wp\/v2\/product"}],"about":[{"href":"https:\/\/www.spielmobil-konz.de\/index.php?rest_route=\/wp\/v2\/types\/product"}],"wp:featuredmedia":[{"embeddable":true,"href":"https:\/\/www.spielmobil-konz.de\/index.php?rest_route=\/wp\/v2\/media\/3039"}],"wp:attachment":[{"href":"https:\/\/www.spielmobil-konz.de\/index.php?rest_route=%2Fwp%2Fv2%2Fmedia&parent=1154"}],"wp:term":[{"taxonomy":"product_cat","embeddable":true,"href":"https:\/\/www.spielmobil-konz.de\/index.php?rest_route=%2Fwp%2Fv2%2Fproduct_cat&post=1154"},{"taxonomy":"product_tag","embeddable":true,"href":"https:\/\/www.spielmobil-konz.de\/index.php?rest_route=%2Fwp%2Fv2%2Fproduct_tag&post=1154"}],"curies":[{"name":"wp","href":"https:\/\/api.w.org\/{rel}","templated":true}]}}