{"id":1152,"date":"2016-03-09T08:41:01","date_gmt":"2016-03-09T08:41:01","guid":{"rendered":"http:\/\/www.spielmobil-konz.de\/?post_type=product&#038;p=1152"},"modified":"2025-07-16T15:55:20","modified_gmt":"2025-07-16T13:55:20","slug":"huepfburg-zirkus","status":"publish","type":"product","link":"https:\/\/www.spielmobil-konz.de\/?product=huepfburg-zirkus","title":{"rendered":"H\u00fcpfburg &#8220;Circus&#8221; \u2013 Manege frei f\u00fcr den H\u00fcpfspa\u00df!"},"content":{"rendered":"<table style=\"width: 745px; height: 373px;\">\n<tbody>\n<tr>\n<td style=\"width: 200px;\"><span style=\"font-size: 16px;\">Equipment Set:<\/span><\/td>\n<td style=\"width: 529px;\"><span style=\"font-size: 16px;\">\u00a0H\u00fcpfburg mit Dach, Unterlegeplane, Gebl\u00e4se, Gewichte und Abspannseile<br \/>\n<\/span><\/td>\n<\/tr>\n<tr>\n<td style=\"width: 200px;\"><span style=\"font-size: 16px;\">Platzbedarf:<\/span><\/td>\n<td style=\"width: 529px;\"><span style=\"font-size: 16px;\">\u00a07 x\u00a08 x 5 m<\/span><\/td>\n<\/tr>\n<tr>\n<td style=\"width: 200px;\"><span style=\"font-size: 16px;\">Belastbarkeit<\/span><\/td>\n<td style=\"width: 529px;\"><span style=\"font-size: 16px;\">\u00a0max. 10 Kinder<\/span><\/td>\n<\/tr>\n<tr>\n<td style=\"width: 200px;\"><span style=\"font-size: 16px;\">Zielgruppe:<\/span><\/td>\n<td style=\"width: 529px;\"><span style=\"font-size: 16px;\">\u00a0Kinder bis 12 Jahre<\/span><\/td>\n<\/tr>\n<tr>\n<td style=\"width: 200px;\"><span style=\"font-size: 16px;\">Betreuung:<\/span><\/td>\n<td style=\"width: 529px;\"><span style=\"font-size: 16px;\">\u00a0min. 1 Betreuungspersonal\u00a0<\/span><\/td>\n<\/tr>\n<tr>\n<td style=\"width: 200px;\"><span style=\"font-size: 16px;\">Selbstbetreuung m\u00f6glich:<\/span><\/td>\n<td style=\"width: 529px;\"><span style=\"font-size: 16px;\">\u00a0ja<\/span><\/td>\n<\/tr>\n<tr>\n<td style=\"width: 200px;\"><span style=\"font-size: 16px;\">Gr\u00f6\u00dfe aufgeblasen:<\/span><\/td>\n<td style=\"width: 529px;\"><span style=\"font-size: 16px;\">\u00a05 x\u00a05 x 4,55 m <\/span><\/td>\n<\/tr>\n<tr>\n<td style=\"width: 200px;\"><span style=\"font-size: 16px;\">\u00a0<\/span><\/td>\n<td style=\"width: 529px;\"><span style=\"font-size: 16px;\">\u00a0mit Dachplane<br \/>\n<\/span><\/td>\n<\/tr>\n<tr>\n<td style=\"width: 200px;\"><span style=\"font-size: 16px;\">Transportumfang:<\/span><\/td>\n<td style=\"width: 529px;\"><span style=\"font-size: 16px;\">\u00a0Europalette 1,2 x 0,8 x\u00a01 m<\/span><\/td>\n<\/tr>\n<tr>\n<td style=\"width: 200px;\"><span style=\"font-size: 16px;\">weitere Serviceleistungen:<\/span><\/td>\n<td style=\"width: 529px;\"><span style=\"font-size: 16px;\">\u00a0Liefer-, Teil- und Fullservice<\/span><\/td>\n<\/tr>\n<tr>\n<td style=\"width: 200px;\"><span style=\"font-size: 16px;\">Strombedarf:<\/span><\/td>\n<td style=\"width: 529px;\"><span style=\"font-size: 16px;\">\u00a0230V \/ 16A<\/span><\/td>\n<\/tr>\n<tr>\n<td style=\"width: 200px;\"><span style=\"font-size: 16px;\">Wasserbedarf:<\/span><\/td>\n<td style=\"width: 529px;\"><span style=\"font-size: 16px;\">\u00a0nein<\/span><\/td>\n<\/tr>\n<tr>\n<td style=\"width: 200px;\" colspan=\"2\">\n<hr \/>\n<p><span style=\"font-size: 16px;\">\u00a0<\/span><\/p>\n<\/td>\n<\/tr>\n<\/tbody>\n<\/table>\n","protected":false},"excerpt":{"rendered":"<p>Bunt, fr\u00f6hlich und ein echter Hingucker: Die Circus-H\u00fcpfburg bringt Zirkus-Flair auf jedes Kinderfest. Hier k\u00f6nnen kleine Artisten springen, toben und lachen \u2013 ganz wie in der Manege!<\/p>\n<p>&nbsp;<\/p>\n<p>&nbsp;<\/p>\n<p>&nbsp;<\/p>\n<p>&nbsp;<\/p>\n<p>&nbsp;<\/p>\n<p>&nbsp;<\/p>\n","protected":false},"featured_media":1365,"template":"","meta":[],"product_cat":[42,60,65,59],"product_tag":[71,78],"_links":{"self":[{"href":"https:\/\/www.spielmobil-konz.de\/index.php?rest_route=\/wp\/v2\/product\/1152"}],"collection":[{"href":"https:\/\/www.spielmobil-konz.de\/index.php?rest_route=\/wp\/v2\/product"}],"about":[{"href":"https:\/\/www.spielmobil-konz.de\/index.php?rest_route=\/wp\/v2\/types\/product"}],"wp:featuredmedia":[{"embeddable":true,"href":"https:\/\/www.spielmobil-konz.de\/index.php?rest_route=\/wp\/v2\/media\/1365"}],"wp:attachment":[{"href":"https:\/\/www.spielmobil-konz.de\/index.php?rest_route=%2Fwp%2Fv2%2Fmedia&parent=1152"}],"wp:term":[{"taxonomy":"product_cat","embeddable":true,"href":"https:\/\/www.spielmobil-konz.de\/index.php?rest_route=%2Fwp%2Fv2%2Fproduct_cat&post=1152"},{"taxonomy":"product_tag","embeddable":true,"href":"https:\/\/www.spielmobil-konz.de\/index.php?rest_route=%2Fwp%2Fv2%2Fproduct_tag&post=1152"}],"curies":[{"name":"wp","href":"https:\/\/api.w.org\/{rel}","templated":true}]}}