{"id":1145,"date":"2016-03-09T08:27:25","date_gmt":"2016-03-09T08:27:25","guid":{"rendered":"http:\/\/www.spielmobil-konz.de\/?post_type=product&#038;p=1145"},"modified":"2025-07-16T16:00:56","modified_gmt":"2025-07-16T14:00:56","slug":"huepfburg-regenbogen","status":"publish","type":"product","link":"https:\/\/www.spielmobil-konz.de\/?product=huepfburg-regenbogen","title":{"rendered":"H\u00fcpfburg &#8220;Regenbogen&#8221; &#8211; Bunter H\u00fcpfspa\u00df f\u00fcr Kinder"},"content":{"rendered":"<table style=\"width: 747px;\">\n<tbody>\n<tr>\n<td style=\"width: 200px;\"><span style=\"font-size: 16px;\">Equipment Set:<\/span><\/td>\n<td><span style=\"font-size: 16px;\">\u00a0H\u00fcpfburg, Gebl\u00e4se, Unterlegeplane, Gewichte und Abspannseile<br \/>\n<\/span><\/td>\n<td>&nbsp;<\/td>\n<\/tr>\n<tr>\n<td><span style=\"font-size: 16px;\">Platzbedarf:<\/span><\/td>\n<td><span style=\"font-size: 16px;\">\u00a06 x 6 x 5 m<\/span><\/td>\n<td>&nbsp;<\/td>\n<\/tr>\n<tr>\n<td><span style=\"font-size: 16px;\">Belastbarkeit<\/span><\/td>\n<td><span style=\"font-size: 16px;\">\u00a0max. 10 Kinder<\/span><\/td>\n<td>&nbsp;<\/td>\n<\/tr>\n<tr>\n<td><span style=\"font-size: 16px;\">Zielgruppe:<\/span><\/td>\n<td><span style=\"font-size: 16px;\">\u00a0Kinder bis 12 Jahre<\/span><\/td>\n<td>&nbsp;<\/td>\n<\/tr>\n<tr>\n<td><span style=\"font-size: 16px;\">Betreuung:<\/span><\/td>\n<td><span style=\"font-size: 16px;\">\u00a0min. 1 Betreuungspersonal\u00a0<\/span><\/td>\n<td>&nbsp;<\/td>\n<\/tr>\n<tr>\n<td><span style=\"font-size: 16px;\">Selbstbetreuung m\u00f6glich:<\/span><\/td>\n<td><span style=\"font-size: 16px;\">\u00a0ja<\/span><\/td>\n<td>&nbsp;<\/td>\n<\/tr>\n<tr>\n<td><span style=\"font-size: 16px;\">Gr\u00f6\u00dfe aufgeblasen:<\/span><\/td>\n<td><span style=\"font-size: 16px;\">\u00a05,2 x 4 x 4 m <\/span><\/td>\n<td>&nbsp;<\/td>\n<\/tr>\n<tr>\n<td><span style=\"font-size: 16px;\">\u00a0<\/span><\/td>\n<td><span style=\"font-size: 16px;\">mit Dachplane<br \/>\n<\/span><\/td>\n<td>&nbsp;<\/td>\n<\/tr>\n<tr>\n<td><span style=\"font-size: 16px;\">Transportumfang:<\/span><\/td>\n<td><span style=\"font-size: 16px;\">\u00a0Europalette 1,2 x 0,8 x\u00a01 m<\/span><\/td>\n<td>&nbsp;<\/td>\n<\/tr>\n<tr>\n<td><span style=\"font-size: 16px;\">weitere Serviceleistungen:<\/span><\/td>\n<td><span style=\"font-size: 16px;\">\u00a0Liefer-, Teil- und Fullservice<\/span><\/td>\n<td>&nbsp;<\/td>\n<\/tr>\n<tr>\n<td><span style=\"font-size: 16px;\">Strombedarf:<\/span><\/td>\n<td><span style=\"font-size: 16px;\">\u00a0230V \/ 16A<\/span><\/td>\n<td>&nbsp;<\/td>\n<\/tr>\n<tr>\n<td><span style=\"font-size: 16px;\">Wasserbedarf:<\/span><\/td>\n<td><span style=\"font-size: 16px;\">\u00a0nein<\/span><\/td>\n<td>&nbsp;<\/td>\n<\/tr>\n<tr>\n<td colspan=\"2\">\n<hr \/>\n<p><span style=\"font-size: 16px;\">\u00a0<\/span><\/p>\n<\/td>\n<td>&nbsp;<\/td>\n<\/tr>\n<\/tbody>\n<\/table>\n","protected":false},"excerpt":{"rendered":"<p>Mit ihren leuchtenden Farben ist die Regenbogen-H\u00fcpfburg ein echter Hingucker auf jedem Kinderfest. Hier k\u00f6nnen sich die Kleinen ausgelassen austoben und fr\u00f6hlich springen.<\/p>\n<div>\u00a0<\/div>\n<div>\u00a0<\/div>\n","protected":false},"featured_media":3953,"template":"","meta":[],"product_cat":[138,42,65],"product_tag":[71,78],"_links":{"self":[{"href":"https:\/\/www.spielmobil-konz.de\/index.php?rest_route=\/wp\/v2\/product\/1145"}],"collection":[{"href":"https:\/\/www.spielmobil-konz.de\/index.php?rest_route=\/wp\/v2\/product"}],"about":[{"href":"https:\/\/www.spielmobil-konz.de\/index.php?rest_route=\/wp\/v2\/types\/product"}],"wp:featuredmedia":[{"embeddable":true,"href":"https:\/\/www.spielmobil-konz.de\/index.php?rest_route=\/wp\/v2\/media\/3953"}],"wp:attachment":[{"href":"https:\/\/www.spielmobil-konz.de\/index.php?rest_route=%2Fwp%2Fv2%2Fmedia&parent=1145"}],"wp:term":[{"taxonomy":"product_cat","embeddable":true,"href":"https:\/\/www.spielmobil-konz.de\/index.php?rest_route=%2Fwp%2Fv2%2Fproduct_cat&post=1145"},{"taxonomy":"product_tag","embeddable":true,"href":"https:\/\/www.spielmobil-konz.de\/index.php?rest_route=%2Fwp%2Fv2%2Fproduct_tag&post=1145"}],"curies":[{"name":"wp","href":"https:\/\/api.w.org\/{rel}","templated":true}]}}