{"id":1101,"date":"2016-03-08T11:04:58","date_gmt":"2016-03-08T11:04:58","guid":{"rendered":"http:\/\/www.spielmobil-konz.de\/?post_type=product&#038;p=1101"},"modified":"2019-02-04T23:43:35","modified_gmt":"2019-02-04T22:43:35","slug":"der-heisse-draht","status":"publish","type":"product","link":"https:\/\/www.spielmobil-konz.de\/?product=der-heisse-draht","title":{"rendered":"Der hei\u00dfe Draht"},"content":{"rendered":"<table style=\"width: 744px; height: 319px;\">\n<tbody>\n<tr>\n<td style=\"width: 199.71px;\"><span style=\"font-size: 16px;\">Equipment Set:<\/span><\/td>\n<td style=\"width: 528.29px;\"><span style=\"font-size: 16px;\">\u00a0Der hei\u00dfe Draht <\/span><\/td>\n<\/tr>\n<tr>\n<td style=\"width: 199.71px;\"><span style=\"font-size: 16px;\">\u00a0<\/span><\/td>\n<td style=\"width: 528.29px;\"><span style=\"font-size: 16px;\">\u00a0im professionellen Transportcase<\/span><\/td>\n<\/tr>\n<tr>\n<td style=\"width: 199.71px;\"><span style=\"font-size: 16px;\">Gr\u00f6\u00dfe:<\/span><\/td>\n<td style=\"width: 528.29px;\"><span style=\"font-size: 16px;\">\u00a01,20 x 0,6 x 0,8 m<\/span><\/td>\n<\/tr>\n<tr>\n<td style=\"width: 199.71px;\"><span style=\"font-size: 16px;\">Platzbedarf:<\/span><\/td>\n<td style=\"width: 528.29px;\"><span style=\"font-size: 16px;\">\u00a02,00 x 2,00 m<\/span><\/td>\n<\/tr>\n<tr>\n<td style=\"width: 199.71px;\"><span style=\"font-size: 16px;\">Zielgruppe:<\/span><\/td>\n<td style=\"width: 528.29px;\"><span style=\"font-size: 16px;\">\u00a0Kinder \/ Jugendliche<\/span><\/td>\n<\/tr>\n<tr>\n<td style=\"width: 199.71px;\"><span style=\"font-size: 16px;\">Anzahl Nutzer:<\/span><\/td>\n<td style=\"width: 528.29px;\"><span style=\"font-size: 16px;\">\u00a01 Spieler pro Durchgang<\/span><\/td>\n<\/tr>\n<tr>\n<td style=\"width: 199.71px;\"><span style=\"font-size: 16px;\">Selbstbetreuung m\u00f6glich:<\/span><\/td>\n<td style=\"width: 528.29px;\"><span style=\"font-size: 16px;\">\u00a0ja<\/span><\/td>\n<\/tr>\n<tr>\n<td style=\"width: 199.71px;\"><span style=\"font-size: 16px;\">weitere Serviceleistungen:<\/span><\/td>\n<td style=\"width: 528.29px;\"><span style=\"font-size: 16px;\">\u00a0Lieferservice<\/span><\/td>\n<\/tr>\n<tr>\n<td style=\"width: 199.71px;\"><span style=\"font-size: 16px;\">Strombedarf:<\/span><\/td>\n<td style=\"width: 528.29px;\"><span style=\"font-size: 16px;\">\u00a0230V \/ 16A<\/span><\/td>\n<\/tr>\n<tr>\n<td style=\"width: 199.71px;\"><span style=\"font-size: 16px;\">Wasserbedarf:<\/span><\/td>\n<td style=\"width: 528.29px;\"><span style=\"font-size: 16px;\">\u00a0nein<\/span><\/td>\n<\/tr>\n<tr>\n<td style=\"width: 199.71px;\"><span style=\"font-size: 16px;\">Transport:<\/span><\/td>\n<td style=\"width: 528.29px;\"><span style=\"font-size: 16px;\">\u00a0Cases 1,20 x 0,6 x 0,8 m<\/span><\/td>\n<\/tr>\n<\/tbody>\n<\/table>\n","protected":false},"excerpt":{"rendered":"<p><span style=\"font-size: 16px;\">Beim \u201ehei\u00dfen Draht\u201c\u00a0 kommt es darauf an, eine kleine Drahtschlaufe durch einen, in viele B\u00f6gen und Hindernisse gebogenen Draht zu f\u00e4deln. Wer mit der Drahtschlaufe den F\u00e4deldraht ber\u00fchrt, l\u00f6st ein akustisches und optisches Signal aus. <\/span><\/p>\n<p><span style=\"font-size: 16px;\">Ein interessantes Spiel f\u00fcr Partys und lange Abende.<\/span><\/p>\n<p>&nbsp;<\/p>\n","protected":false},"featured_media":2398,"template":"","meta":[],"product_cat":[46,43,113,61,62],"product_tag":[],"_links":{"self":[{"href":"https:\/\/www.spielmobil-konz.de\/index.php?rest_route=\/wp\/v2\/product\/1101"}],"collection":[{"href":"https:\/\/www.spielmobil-konz.de\/index.php?rest_route=\/wp\/v2\/product"}],"about":[{"href":"https:\/\/www.spielmobil-konz.de\/index.php?rest_route=\/wp\/v2\/types\/product"}],"wp:featuredmedia":[{"embeddable":true,"href":"https:\/\/www.spielmobil-konz.de\/index.php?rest_route=\/wp\/v2\/media\/2398"}],"wp:attachment":[{"href":"https:\/\/www.spielmobil-konz.de\/index.php?rest_route=%2Fwp%2Fv2%2Fmedia&parent=1101"}],"wp:term":[{"taxonomy":"product_cat","embeddable":true,"href":"https:\/\/www.spielmobil-konz.de\/index.php?rest_route=%2Fwp%2Fv2%2Fproduct_cat&post=1101"},{"taxonomy":"product_tag","embeddable":true,"href":"https:\/\/www.spielmobil-konz.de\/index.php?rest_route=%2Fwp%2Fv2%2Fproduct_tag&post=1101"}],"curies":[{"name":"wp","href":"https:\/\/api.w.org\/{rel}","templated":true}]}}