{"id":1095,"date":"2016-03-08T10:42:49","date_gmt":"2016-03-08T10:42:49","guid":{"rendered":"http:\/\/www.spielmobil-konz.de\/?post_type=product&#038;p=1095"},"modified":"2018-02-07T21:36:08","modified_gmt":"2018-02-07T20:36:08","slug":"buttonmaschine-55mm","status":"publish","type":"product","link":"https:\/\/www.spielmobil-konz.de\/?product=buttonmaschine-55mm","title":{"rendered":"Buttonmaschinen"},"content":{"rendered":"<table style=\"width: 746px; height: 406px;\">\n<tbody>\n<tr>\n<td style=\"width: 200px;\"><span style=\"font-size: 16px;\">Equipment Set:<\/span><\/td>\n<td style=\"width: 530px;\"><span style=\"font-size: 16px;\">\u00a0Buttonmaschinen + Stanze <\/span><\/td>\n<\/tr>\n<tr>\n<td style=\"width: 200px;\"><span style=\"font-size: 16px;\">vorr\u00e4tige Gr\u00f6\u00dfen:<\/span><\/td>\n<td style=\"width: 530px;\"><span style=\"font-size: 16px;\">\u00a025 mm (Buttons mit Anstecknadel\u00a0oder Magnete) <\/span><\/td>\n<\/tr>\n<tr>\n<td style=\"width: 200px;\"><span style=\"font-size: 16px;\">\u00a0<\/span><\/td>\n<td style=\"width: 530px;\"><span style=\"font-size: 16px;\">\u00a055 mm (Buttons mit Anstecknadel)<\/span><\/td>\n<\/tr>\n<tr>\n<td style=\"width: 200px;\"><span style=\"font-size: 16px;\">Zielgruppe:<\/span><\/td>\n<td style=\"width: 530px;\"><span style=\"font-size: 16px;\">\u00a0Kinder ab 5 Jahren<\/span><\/td>\n<\/tr>\n<tr>\n<td style=\"width: 200px;\"><span style=\"font-size: 16px;\">Anzahl Nutzer:<\/span><\/td>\n<td style=\"width: 530px;\"><span style=\"font-size: 16px;\">\u00a0eine Person die Buttons presst, Kinder die Buttonvorlagen bemalen<\/span><\/td>\n<\/tr>\n<tr>\n<td style=\"width: 200px;\"><span style=\"font-size: 16px;\">Selbstbetreuung m\u00f6glich:<\/span><\/td>\n<td style=\"width: 530px;\"><span style=\"font-size: 16px;\">\u00a0ja<\/span><\/td>\n<\/tr>\n<tr>\n<td style=\"width: 200px;\"><span style=\"font-size: 16px;\">weitere Serviceleistungen:<\/span><\/td>\n<td style=\"width: 530px;\"><span style=\"font-size: 16px;\">\u00a0Liefer-, Teil- und Fullservice<\/span><\/td>\n<\/tr>\n<tr>\n<td style=\"width: 200px;\"><span style=\"font-size: 16px;\">Betreuung \/ Anleitung:<\/span><\/td>\n<td style=\"width: 530px;\"><span style=\"font-size: 16px;\">\u00a01 Betreuungsperson\u00a0<\/span><\/td>\n<\/tr>\n<tr>\n<td style=\"width: 200px;\"><span style=\"font-size: 16px;\">Strombedarf:<\/span><\/td>\n<td style=\"width: 530px;\"><span style=\"font-size: 16px;\">\u00a0nein<\/span><\/td>\n<\/tr>\n<tr>\n<td style=\"width: 200px;\"><span style=\"font-size: 16px;\">Wasserbedarf:<\/span><\/td>\n<td style=\"width: 530px;\"><span style=\"font-size: 16px;\">\u00a0nein<\/span><\/td>\n<\/tr>\n<tr>\n<td style=\"width: 200px;\">\u00a0<\/td>\n<td style=\"width: 530px;\">\u00a0<\/td>\n<\/tr>\n<tr>\n<td style=\"width: 200px;\"><span style=\"font-family: verdana,geneva,sans-serif; font-size: 14px;\">notwendiges Zubeh\u00f6r:<\/span><\/td>\n<td style=\"width: 530px;\"><span style=\"font-family: verdana,geneva,sans-serif; font-size: 14px;\">Papier, Stifte, Scheren (muss selbst organisiert werden)<\/span><\/td>\n<\/tr>\n<tr>\n<td style=\"width: 200px;\"><span style=\"font-family: verdana,geneva,sans-serif; font-size: 14px;\">\u00a0<\/span><\/td>\n<td style=\"width: 530px;\"><span style=\"font-family: verdana,geneva,sans-serif; font-size: 14px;\">Button Rohlinge (bei uns als Zubeh\u00f6r erh\u00e4ltlich)<\/span><\/td>\n<\/tr>\n<\/tbody>\n<\/table>\n<p>&nbsp;<\/p>\n","protected":false},"excerpt":{"rendered":"<p><span style=\"font-size: 16px;\">Zum Herstellen von Buttons, Logobuttons, Stickers, Vereins- oder Verbandslogos, Namensschildern, Teamzugeh\u00f6rigkeit, und und und &#8230;<\/span><\/p>\n<p>&nbsp;<\/p>\n<p>&nbsp;<\/p>\n<p>&nbsp;<\/p>\n<p>&nbsp;<\/p>\n","protected":false},"featured_media":1244,"template":"","meta":[],"product_cat":[44,113,62],"product_tag":[],"_links":{"self":[{"href":"https:\/\/www.spielmobil-konz.de\/index.php?rest_route=\/wp\/v2\/product\/1095"}],"collection":[{"href":"https:\/\/www.spielmobil-konz.de\/index.php?rest_route=\/wp\/v2\/product"}],"about":[{"href":"https:\/\/www.spielmobil-konz.de\/index.php?rest_route=\/wp\/v2\/types\/product"}],"wp:featuredmedia":[{"embeddable":true,"href":"https:\/\/www.spielmobil-konz.de\/index.php?rest_route=\/wp\/v2\/media\/1244"}],"wp:attachment":[{"href":"https:\/\/www.spielmobil-konz.de\/index.php?rest_route=%2Fwp%2Fv2%2Fmedia&parent=1095"}],"wp:term":[{"taxonomy":"product_cat","embeddable":true,"href":"https:\/\/www.spielmobil-konz.de\/index.php?rest_route=%2Fwp%2Fv2%2Fproduct_cat&post=1095"},{"taxonomy":"product_tag","embeddable":true,"href":"https:\/\/www.spielmobil-konz.de\/index.php?rest_route=%2Fwp%2Fv2%2Fproduct_tag&post=1095"}],"curies":[{"name":"wp","href":"https:\/\/api.w.org\/{rel}","templated":true}]}}