{"id":1085,"date":"2016-03-08T09:42:36","date_gmt":"2016-03-08T09:42:36","guid":{"rendered":"http:\/\/www.spielmobil-konz.de\/?post_type=product&#038;p=1085"},"modified":"2019-02-06T18:34:00","modified_gmt":"2019-02-06T17:34:00","slug":"ballongas","status":"publish","type":"product","link":"https:\/\/www.spielmobil-konz.de\/?product=ballongas","title":{"rendered":"Ballongas"},"content":{"rendered":"<hr \/>\n<table style=\"height: 192px;\">\n<tbody>\n<tr style=\"height: 24px;\">\n<td style=\"width: 200px; height: 24px;\"><span style=\"font-family: arial, helvetica, sans-serif;\">Ballongas:<\/span><\/td>\n<td style=\"height: 24px; width: 439.483px;\"><span style=\"font-family: arial, helvetica, sans-serif;\">\u00a0Heliumgas<\/span><\/td>\n<\/tr>\n<tr style=\"height: 24px;\">\n<td style=\"height: 24px; width: 200px;\">\u00a0<\/td>\n<td style=\"height: 24px; width: 439.483px;\"><span style=\"font-family: arial, helvetica, sans-serif;\">\u00a0Gefahrgut UN 1956 verdichtetesGas<\/span><\/td>\n<\/tr>\n<tr style=\"height: 24px;\">\n<td style=\"height: 24px; width: 200px;\"><span style=\"font-family: arial, helvetica, sans-serif;\">Flaschengr\u00f6\u00dfen:<\/span><\/td>\n<td style=\"height: 24px; width: 439.483px;\"><span style=\"font-family: arial, helvetica, sans-serif;\">\u00a010 l (ca. 100 Luftballons)<\/span><\/td>\n<\/tr>\n<tr style=\"height: 24px;\">\n<td style=\"height: 24px; width: 200px;\">\u00a0<\/td>\n<td style=\"height: 24px; width: 439.483px;\"><span style=\"font-family: arial, helvetica, sans-serif;\">\u00a020 l (ca. 100 Luftballons)<\/span><\/td>\n<\/tr>\n<tr style=\"height: 24px;\">\n<td style=\"height: 24px; width: 200px;\">\u00a0<\/td>\n<td style=\"height: 24px; width: 439.483px;\"><span style=\"font-family: arial, helvetica, sans-serif;\">\u00a0(Mengenverbrauch abh\u00e4ngig von der Gr\u00f6\u00dfe der Luftballons)<\/span><\/td>\n<\/tr>\n<tr style=\"height: 24px;\">\n<td style=\"height: 24px; width: 200px;\"><span style=\"font-family: arial, helvetica, sans-serif;\">Anwendung:<\/span><\/td>\n<td style=\"height: 24px; width: 439.483px;\"><span style=\"font-family: arial, helvetica, sans-serif;\">\u00a0zur ausschlie\u00dflichen Bef\u00fcllung von Luftballons\u00a0<\/span><\/td>\n<\/tr>\n<tr style=\"height: 24px;\">\n<td style=\"height: 24px; width: 200px;\"><span style=\"font-family: arial, helvetica, sans-serif;\">Zubeh\u00f6r:<\/span><\/td>\n<td style=\"height: 24px; width: 439.483px;\"><span style=\"font-family: arial, helvetica, sans-serif;\">\u00a0Ballongasf\u00fcllstutzen (kann gegen Pfand ausgeliehen werden)<\/span><\/td>\n<\/tr>\n<tr style=\"height: 24px;\">\n<td style=\"height: 24px; width: 200px;\"><span style=\"font-family: arial, helvetica, sans-serif;\">Selbstbetreuung m\u00f6glich:<\/span><\/td>\n<td style=\"height: 24px; width: 439.483px;\"><span style=\"font-family: arial, helvetica, sans-serif;\">\u00a0ja<\/span><\/td>\n<\/tr>\n<\/tbody>\n<\/table>\n<hr \/>\n<p>&nbsp;<\/p>\n","protected":false},"excerpt":{"rendered":"<p><strong><span style=\"font-family: arial, helvetica, sans-serif;\">Ballongas als &#8220;Give aways&#8221; oder &#8220;Weitflugwettbewerb&#8221; auf Ihrem Event.<\/p>\n<p>\n<\/span><\/strong><\/p>\n<p>&nbsp;<\/p>\n","protected":false},"featured_media":2319,"template":"","meta":[],"product_cat":[113,60],"product_tag":[],"_links":{"self":[{"href":"https:\/\/www.spielmobil-konz.de\/index.php?rest_route=\/wp\/v2\/product\/1085"}],"collection":[{"href":"https:\/\/www.spielmobil-konz.de\/index.php?rest_route=\/wp\/v2\/product"}],"about":[{"href":"https:\/\/www.spielmobil-konz.de\/index.php?rest_route=\/wp\/v2\/types\/product"}],"wp:featuredmedia":[{"embeddable":true,"href":"https:\/\/www.spielmobil-konz.de\/index.php?rest_route=\/wp\/v2\/media\/2319"}],"wp:attachment":[{"href":"https:\/\/www.spielmobil-konz.de\/index.php?rest_route=%2Fwp%2Fv2%2Fmedia&parent=1085"}],"wp:term":[{"taxonomy":"product_cat","embeddable":true,"href":"https:\/\/www.spielmobil-konz.de\/index.php?rest_route=%2Fwp%2Fv2%2Fproduct_cat&post=1085"},{"taxonomy":"product_tag","embeddable":true,"href":"https:\/\/www.spielmobil-konz.de\/index.php?rest_route=%2Fwp%2Fv2%2Fproduct_tag&post=1085"}],"curies":[{"name":"wp","href":"https:\/\/api.w.org\/{rel}","templated":true}]}}