{"id":75,"date":"2015-12-01T13:01:08","date_gmt":"2015-12-01T13:01:08","guid":{"rendered":"http:\/\/entwicklung.spielmobil-konz.de\/wordpress\/?page_id=75"},"modified":"2016-06-19T01:52:53","modified_gmt":"2016-06-18T23:52:53","slug":"leistungen","status":"publish","type":"page","link":"https:\/\/www.spielmobil-konz.de\/?page_id=75","title":{"rendered":"Leistungen"},"content":{"rendered":"<h1>Unsere Leistungen<\/h1>\n<p>Au\u00dfergew\u00f6hnliche Spielideen und Eventmaterialien f\u00fcr Kinder und Jugendliche, ideenreiche und professionelle Umsetzung sind die St\u00e4rken des Spielmobil Konz. Dabei sind wir Ihr Partner zur Umsetzung von Spiel(t)r\u00e4umen f\u00fcr Kinder, Jugendliche und Familien. Unsere Leistungen umfassen:<\/p>\n<ul>\n<li>Verleih und Vereinsservice von Equipment<\/li>\n<li>Events f\u00fcr Firmen und Agenturen<\/li>\n<li>mobile Spielaktionen zur Unterst\u00fctzung der Kinder- und Jugendarbeit vor Ort und im Rahmen der kommunalen Jugendpflege<\/li>\n<li>Spielprogramme f\u00fcr Familienfreundliche Kommunen<\/li>\n<li>Beteiligungsprojekte f\u00fcr Kinder wie Spielraumplanung, Kinderstadtpl\u00e4ne, u.\u00e4.<\/li>\n<li>Verkauf<\/li>\n<\/ul>\n<h2>Buchungsarten<\/h2>\n<p>Das Spielmobil Konz oder einzelne Spielmaterialien k\u00f6nnen Sie wie folgt buchen:<\/p>\n<ul>\n<li><span style=\"color: #e61400;\"><strong>Full-Service<\/strong><\/span>\n<p>Sie m\u00f6chten sich w\u00e4hrend Ihrer Veranstaltung um Ihre G\u00e4ste, Kunden und Besucher\/innen k\u00fcmmern? Ihre Mitarbeiter\/innen haben w\u00e4hrend Ihrer Veranstaltung bereits alle H\u00e4nde voll zu tun? Kein Problem.<\/p>\n<p>Wir k\u00fcmmern uns gerne um die Spielmaterialien und Spielmodule, sorgen f\u00fcr den Transport, den Auf- und Abbau und \u00fcbernehmen w\u00e4hrend Ihrer Veranstaltung die komplette Betreuung der Spielstationen.<\/p>\n<p>Wir beraten Sie gerne in der Auswahl der Spielprogramme unter Ber\u00fccksichtigung des Anlasses und der verschiedenen Altersgruppen.<\/p>\n<\/li>\n<\/ul>\n<ul>\n<li><span style=\"color: #e61400;\"><strong>Teil-Service<\/strong><\/span>\n<p>Sie verf\u00fcgen \u00fcber ausreichende Helfer\/innen und ben\u00f6tigen Unterst\u00fctzung beim Auf- und Aufbau.<\/p>\n<p>Hier stellen wir Ihnen gerne ein Spielmobil &#8211; Koordinatoren Team zur Verf\u00fcgung. Unser Koordinatorenteam unterst\u00fctzt Sie im Auf- und Abbau, liefert die Spielmaterialien in einem mit und betreut w\u00e4hrend Ihrer Veranstaltung einen Teil der Spielstationen \/ -module.<\/p>\n<\/li>\n<\/ul>\n<ul>\n<li><span style=\"color: #e61400;\"><strong>Verleih- &amp; Mietservice<\/strong><\/span>\n<p>Wir bieten Ihnen f\u00fcr die unterschiedlichsten Anl\u00e4sse au\u00dfergew\u00f6hnliche Spielideen und Spielmaterialien f\u00fcr Ihr Fest, Ihren Kindergeburtstag, Ihr Kinder- oder Familienfest, Ihr Sportfest, Vereinsfest oder Ihre Spielaktion an.<\/p>\n<p>Eine Vielzahl der aufgef\u00fchrten Spielmaterialien k\u00f6nnen Sie bei uns einzeln am Standort Konz ausleihen. Den Transport, den Auf- und Abbau sowie die Betreuung der Spielmaterialien \/ Spielmodule \u00fcbernehmen Sie selbst.<\/p>\n<\/li>\n<\/ul>\n<ul>\n<li><span style=\"color: #e61400;\"><strong>Lieferservice<\/strong><\/span>\n<p>Falls Sie \u00fcber kein geeignetes Fahrzeug verf\u00fcgen, \u00fcbernehmen wir auch gerne gegen Kostenerstattung den Transport.<\/p>\n<\/li>\n<\/ul>\n","protected":false},"excerpt":{"rendered":"<p>Unsere Leistungen Au\u00dfergew\u00f6hnliche Spielideen und Eventmaterialien f\u00fcr Kinder und Jugendliche, ideenreiche und professionelle Umsetzung sind die St\u00e4rken des Spielmobil Konz. Dabei sind wir Ihr Partner zur Umsetzung von Spiel(t)r\u00e4umen f\u00fcr Kinder, Jugendliche und Familien. Unsere Leistungen umfassen: Verleih und Vereinsservice von Equipment Events f\u00fcr Firmen und Agenturen mobile Spielaktionen zur Unterst\u00fctzung der Kinder- und Jugendarbeit [&hellip;]<\/p>\n","protected":false},"author":1,"featured_media":0,"parent":0,"menu_order":0,"comment_status":"closed","ping_status":"closed","template":"","meta":{"footnotes":""},"_links":{"self":[{"href":"https:\/\/www.spielmobil-konz.de\/index.php?rest_route=\/wp\/v2\/pages\/75"}],"collection":[{"href":"https:\/\/www.spielmobil-konz.de\/index.php?rest_route=\/wp\/v2\/pages"}],"about":[{"href":"https:\/\/www.spielmobil-konz.de\/index.php?rest_route=\/wp\/v2\/types\/page"}],"author":[{"embeddable":true,"href":"https:\/\/www.spielmobil-konz.de\/index.php?rest_route=\/wp\/v2\/users\/1"}],"replies":[{"embeddable":true,"href":"https:\/\/www.spielmobil-konz.de\/index.php?rest_route=%2Fwp%2Fv2%2Fcomments&post=75"}],"version-history":[{"count":0,"href":"https:\/\/www.spielmobil-konz.de\/index.php?rest_route=\/wp\/v2\/pages\/75\/revisions"}],"wp:attachment":[{"href":"https:\/\/www.spielmobil-konz.de\/index.php?rest_route=%2Fwp%2Fv2%2Fmedia&parent=75"}],"curies":[{"name":"wp","href":"https:\/\/api.w.org\/{rel}","templated":true}]}}