{"id":353,"date":"2015-12-14T13:22:02","date_gmt":"2015-12-14T13:22:02","guid":{"rendered":"http:\/\/www.spielmobil-konz.de\/?page_id=353"},"modified":"2022-09-18T01:58:24","modified_gmt":"2022-09-17T23:58:24","slug":"home-3","status":"publish","type":"page","link":"https:\/\/www.spielmobil-konz.de\/?page_id=353","title":{"rendered":"Home"},"content":{"rendered":"<h1>Das Spielmobil Konz<\/h1>\n<p>Wir bewegen Menschen und vermitteln spielerische Erlebnisse. Mit au\u00dfergew\u00f6hnlichen Spielideen und Spielmaterialien bereichern wir Ihre Veranstaltung. Sei dies bei Gro\u00dfveranstaltungen, Ihrer Betriebsfeier oder Ihrem Familyday, ob beim Spiel-, Stra\u00dfen-, Vereinsfest oder an sonstigen Anl\u00e4ssen.<\/p>\n<p><strong>Unsere Spielideen und -materialien kommen an.<\/strong><\/p>\n<p>Als anerkannter Tr\u00e4ger der Jugendhilfe besitzen wir seit \u00fcber 45 Jahren die Kompetenz und Erfahrung in der Arbeit mit Kindern und jungen Leuten. Unsere St\u00e4rke ist die Kreativit\u00e4t und die fachliche Kompetenz unserer p\u00e4dagogischen Mitarbeiter\/innen und Spielteamer\/innen. Im Auftrag von\u00a0 Kommunen, Unternehmen, Eventagenturen, Vereinen und Verb\u00e4nden bereichern wir Events f\u00fcr Kinder, Jugendliche und Familien. Mit unseren feuerroten Spielmobilen und unseren au\u00dfergew\u00f6hnlichen Spielideen und Eventmaterialien unterst\u00fctzen wir Sie mit unserer Erfahrung und Kompetenz. In unserem p\u00e4dagogischen Alltag sind unsere Spielmobile auf Stra\u00dfen, Pl\u00e4tzen, in Stadtteilen und Gemeinden unserer Region unterwegs.<\/p>\n<p>Ob im Full Service oder im Selbstbetrieb bzw. im Mietservice. Wir beraten Sie gerne in der Gestaltung und Auswahl Ihrer Spielmodule und Konzepten f\u00fcr Ihre Veranstaltung.<\/p><\/p>\n","protected":false},"excerpt":{"rendered":"<p>Das Spielmobil Konz Wir bewegen Menschen und vermitteln spielerische Erlebnisse. Mit au\u00dfergew\u00f6hnlichen Spielideen und Spielmaterialien bereichern wir Ihre Veranstaltung. Sei dies bei Gro\u00dfveranstaltungen, Ihrer Betriebsfeier oder Ihrem Familyday, ob beim Spiel-, Stra\u00dfen-, Vereinsfest oder an sonstigen Anl\u00e4ssen. Unsere Spielideen und -materialien kommen an. Als anerkannter Tr\u00e4ger der Jugendhilfe besitzen wir seit \u00fcber 45 Jahren die [&hellip;]<\/p>\n","protected":false},"author":1,"featured_media":0,"parent":0,"menu_order":1,"comment_status":"closed","ping_status":"closed","template":"","meta":{"footnotes":""},"_links":{"self":[{"href":"https:\/\/www.spielmobil-konz.de\/index.php?rest_route=\/wp\/v2\/pages\/353"}],"collection":[{"href":"https:\/\/www.spielmobil-konz.de\/index.php?rest_route=\/wp\/v2\/pages"}],"about":[{"href":"https:\/\/www.spielmobil-konz.de\/index.php?rest_route=\/wp\/v2\/types\/page"}],"author":[{"embeddable":true,"href":"https:\/\/www.spielmobil-konz.de\/index.php?rest_route=\/wp\/v2\/users\/1"}],"replies":[{"embeddable":true,"href":"https:\/\/www.spielmobil-konz.de\/index.php?rest_route=%2Fwp%2Fv2%2Fcomments&post=353"}],"version-history":[{"count":3,"href":"https:\/\/www.spielmobil-konz.de\/index.php?rest_route=\/wp\/v2\/pages\/353\/revisions"}],"predecessor-version":[{"id":3454,"href":"https:\/\/www.spielmobil-konz.de\/index.php?rest_route=\/wp\/v2\/pages\/353\/revisions\/3454"}],"wp:attachment":[{"href":"https:\/\/www.spielmobil-konz.de\/index.php?rest_route=%2Fwp%2Fv2%2Fmedia&parent=353"}],"curies":[{"name":"wp","href":"https:\/\/api.w.org\/{rel}","templated":true}]}}