{"id":2552,"date":"2018-05-24T09:49:21","date_gmt":"2018-05-24T07:49:21","guid":{"rendered":"http:\/\/www.spielmobil-konz.de\/?page_id=2552"},"modified":"2018-05-27T23:47:23","modified_gmt":"2018-05-27T21:47:23","slug":"datenschutzerklaerung","status":"publish","type":"page","link":"https:\/\/www.spielmobil-konz.de\/?page_id=2552","title":{"rendered":"Datenschutzerkl\u00e4rung"},"content":{"rendered":"<p><strong>Datenschutzerkl\u00e4rung <\/strong><\/p>\n<p><span style=\"font-size: 14px;\">Nachfolgend informieren wir Sie dar\u00fcber, wann wir welche Daten speichern und wie wir diese verwenden. Dabei haben wir technische und organisatorische Ma\u00dfnahmen getroffen, die sicherstellen, dass die Vorschriften \u00fcber den Datenschutz beachtet werden.<\/span><\/p>\n<p><span style=\"font-size: 14px;\">So m\u00f6chten wir Sie an dieser Stelle dar\u00fcber informieren, wie wir Ihre Privatsph\u00e4re sch\u00fctzen, wenn Sie unsere Website besuchen und wenn Sie uns Ihre personenbezogenen Daten zur Verf\u00fcgung stellen.<\/span><\/p>\n<p><span style=\"font-size: 14px;\">Neben der selbstverst\u00e4ndlichen Einhaltung der gesetzlichen Bestimmungen zum Datenschutz m\u00f6chten wir uns mit diesen Hinweisen zum verantwortungsvollen Umgang mit Ihren Daten verpflichten, sodass Ihre Privatsph\u00e4re zu jeder Zeit gesch\u00fctzt wird. Auf entsprechende Anfrage werden \u00fcberlassene Informationen unverz\u00fcglich gel\u00f6scht.<\/span><\/p>\n<p><span style=\"font-size: 14px;\">Uns ist es wichtig, dass Sie sich beim Besuch unserer Internet-Seiten sicher und wohl f\u00fchlen.<\/span><\/p>\n<p><span style=\"font-size: 14px;\"><strong>Allgemeine Informationen<\/strong><\/span><\/p>\n<p><span style=\"font-size: 14px;\"><u>Datenerfassung auf unserer Website<\/u><\/span><\/p>\n<p><span style=\"font-size: 14px;\">Die Datenverarbeitung auf dieser Website erfolgt durch das Jugendnetzwerk Konz e.V., Olkstra\u00dfe 45 in 54329 Konz.<\/span><\/p>\n<p><span style=\"font-size: 14px;\">Personenbezogene Daten werden zum einen dadurch erhoben, dass Sie uns diese mitteilen. Hierbei kann es sich z.B. um Daten handeln, die Sie in ein Kontaktformular eingeben oder uns zurf\u00fcr Buchungen \u00fcber ein Online-Anmelde- oder auftragsformular \u00fcbermitteln. Die von Ihnen in diesem Zusammenhang an uns \u00fcbermittelten pers\u00f6nlichen Daten verwenden wir nur zur Erf\u00fcllung einer Dienstleistung gem\u00e4\u00df unseren Allgemeinen Gesch\u00e4ftsbedingungen sowie dieser Datenschutzerkl\u00e4rung.<\/span><\/p>\n<p><span style=\"font-size: 14px;\">Andere Daten werden automatisch beim Besuch der Website durch unsere IT-Systeme erfasst. Das sind vor allem technische Daten (z.B. Internetbrowser, Betriebssystem oder Uhrzeit des Seitenaufrufs). Die Erfassung dieser Daten erfolgt automatisch, sobald Sie unsere Website betreten. Ein Teil der Daten wird erhoben, um eine fehlerfreie Bereitstellung der Website zu gew\u00e4hrleisten. Andere Daten k\u00f6nnen zur Analyse Ihres Nutzerverhaltens verwendet werden.<\/span><\/p>\n<p><span style=\"font-size: 14px;\">Sie haben jederzeit das Recht unentgeltlich Auskunft \u00fcber Herkunft, Empf\u00e4nger und Zweck Ihrer gespeicherten personenbezogenen Daten zu erhalten. Sie haben au\u00dferdem ein Recht, die Berichtigung, Sperrung oder L\u00f6schung dieser Daten zu verlangen. Hierzu sowie zu weiteren Fragen zum Thema Datenschutz k\u00f6nnen Sie sich jederzeit an uns wenden.<\/span><\/p>\n<p><span style=\"font-size: 14px;\"><u>Analyse-Tools und Tools von Drittanbietern<\/u><\/span><\/p>\n<p><span style=\"font-size: 14px;\">Beim Besuch unserer Website kann Ihr Surf-Verhalten statistisch ausgewertet werden. Das geschieht vor allem mit Cookies und mit sogenannten Analyseprogrammen. Die Analyse Ihres Surf-Verhaltens erfolgt in der Regel anonym; das Surf-Verhalten kann nicht zu Ihnen zur\u00fcckverfolgt werden. Sie k\u00f6nnen eine Analyse durch die Nichtbenutzung bestimmter Tools verhindern.<\/span><\/p>\n<p><span style=\"font-size: 14px;\"><u>Datenschutz<\/u><\/span><\/p>\n<p><span style=\"font-size: 14px;\">Wir nehmen den Schutz Ihrer pers\u00f6nlichen Daten sehr ernst und behandeln Ihre personenbezogenen Daten vertraulich und entsprechend der gesetzlichen Datenschutzvorschriften sowie dieser Datenschutzerkl\u00e4rung. Personenbezogene Daten (z.B. Namen, E-Mail-Adressen o. \u00c4.) sind Daten, mit denen Sie pers\u00f6nlich identifiziert werden k\u00f6nnen. Nachfolgend erl\u00e4utern wir, welche Daten wir erheben, wof\u00fcr wir sie nutzen und wie bzw. zu welchem Zweck dies geschieht.<\/span><\/p>\n<p><span style=\"font-size: 14px;\">Wir weisen darauf hin, dass die Daten\u00fcbertragung im Internet (z.B. bei der Kommunikation per E-Mail) Sicherheitsl\u00fccken aufweisen kann. Ein l\u00fcckenloser Schutz der Daten vor dem Zugriff durch Dritte ist nicht m\u00f6glich.<\/span><\/p>\n<p><span style=\"font-size: 14px;\">Hinweis zur verantwortlichen Stelle:<\/span><\/p>\n<p><span style=\"font-size: 14px;\">Verantwortliche Stelle ist die nat\u00fcrliche oder juristische Person, die allein oder gemeinsam mit anderen \u00fcber die Zwecke und Mittel der Verarbeitung von personenbezogenen Daten entscheidet.<\/span><\/p>\n<p><span style=\"font-size: 14px;\">Die verantwortliche Stelle f\u00fcr die Datenverarbeitung auf dieser Website ist das Jugendnetzwerk Konz e.V., Olkstra\u00dfe 45 in 54329 Konz. Das Jugendnetzwerk Konz ist ein gemeinn\u00fctziger Verein und wird vertreten durch den Vorsitzenden: Telefon: +49 6501 94050, E-Mail: info@junetko.de<\/span><\/p>\n<p><span style=\"font-size: 14px;\"><u>Widerruf Ihrer Einwilligung zur Datenverarbeitung<\/u><\/span><\/p>\n<p><span style=\"font-size: 14px;\">Viele Datenverarbeitungsvorg\u00e4nge sind nur mit Ihrer ausdr\u00fccklichen Einwilligung m\u00f6glich. Sie k\u00f6nnen eine bereits erteilte Einwilligung jederzeit widerrufen. Dazu reicht eine formlose Mitteilung per E-Mail an uns. Die Rechtm\u00e4\u00dfigkeit der bis zum Widerruf erfolgten Datenverarbeitung bleibt vom Widerruf unber\u00fchrt.<\/span><\/p>\n<p><span style=\"font-size: 14px;\"><u>Beschwerderecht bei der zust\u00e4ndigen Aufsichtsbeh\u00f6rde<\/u><\/span><\/p>\n<p><span style=\"font-size: 14px;\">Im Falle datenschutzrechtlicher Verst\u00f6\u00dfe steht dem Betroffenen ein Beschwerderecht bei der zust\u00e4ndigen Aufsichtsbeh\u00f6rde zu. Zust\u00e4ndige Aufsichtsbeh\u00f6rde in datenschutzrechtlichen Fragen ist der Landesdatenschutzbeauftragte des Bundeslandes Rheinland-Pfalz. Eine Liste der Datenschutzbeauftragten aller Bundesl\u00e4nder sowie deren Kontaktdaten k\u00f6nnen folgendem Link entnommen werden:\u00a0<a href=\"https:\/\/www.bfdi.bund.de\/DE\/Infothek\/Anschriften_Links\/anschriften_links-node.html\" target=\"_blank\" rel=\"noopener\">https:\/\/www.bfdi.bund.de\/DE\/Infothek\/Anschriften_Links\/anschriften_links-node.html<\/a>.<\/span><\/p>\n<p><span style=\"font-size: 14px;\"><u>SSL- bzw. TLS-Verschl\u00fcsselung<\/u><\/span><\/p>\n<p><span style=\"font-size: 14px;\">Diese Seite nutzt aus Sicherheitsgr\u00fcnden und zum Schutz der \u00dcbertragung vertraulicher Inhalte, wie zum Beispiel Anfragen, die Sie an uns als Seitenbetreiber senden, eine SSL-bzw. TLS-Verschl\u00fcsselung. Eine verschl\u00fcsselte Verbindung erkennen Sie daran, dass die Adresszeile des Browsers von \u201chttp:\/\/\u201d auf \u201chttps:\/\/\u201d wechselt und an dem Schloss-Symbol in Ihrer Browserzeile.<\/span><\/p>\n<p><span style=\"font-size: 14px;\">Wenn die SSL- bzw. TLS-Verschl\u00fcsselung aktiviert ist, k\u00f6nnen die Daten, die Sie an uns \u00fcbermitteln, nicht von Dritten mitgelesen werden.<\/span><\/p>\n<p><span style=\"font-size: 14px;\"><u>Auskunft, Sperrung, L\u00f6schung<\/u><\/span><\/p>\n<p><span style=\"font-size: 14px;\">Sie haben im Rahmen der geltenden gesetzlichen Bestimmungen jederzeit das Recht auf unentgeltliche Auskunft \u00fcber Ihre gespeicherten personenbezogenen Daten, deren Herkunft und Empf\u00e4nger und den Zweck der Datenverarbeitung und ggf. ein Recht auf Berichtigung, Sperrung oder L\u00f6schung dieser Daten. Hierzu sowie zu weiteren Fragen zum Thema personenbezogene Daten k\u00f6nnen Sie sich jederzeit unter der im Impressum angegebenen Adresse an uns wenden.<\/span><\/p>\n<p><span style=\"font-size: 14px;\"><u>Widerspruch gegen Werbe-Mails<\/u><\/span><\/p>\n<p><span style=\"font-size: 14px;\">Der Nutzung von im Rahmen der Impressumspflicht ver\u00f6ffentlichten Kontaktdaten zur \u00dcbersendung von nicht ausdr\u00fccklich angeforderter Werbung und Informationsmaterialien wird hiermit widersprochen. Die Betreiber der Seiten behalten sich ausdr\u00fccklich rechtliche Schritte im Falle der unverlangten Zusendung von Werbeinformationen, etwa durch Spam-E-Mails, vor.<br \/>\n<\/span><\/p>\n<p><span style=\"font-size: 14px;\"><strong>Datenschutzbeauftragter<\/strong><\/span><\/p>\n<p><span style=\"font-size: 14px;\"><u>Gesetzlich vorgeschriebener Datenschutzbeauftragter<\/u><\/span><\/p>\n<p><span style=\"font-size: 14px;\">Wir haben f\u00fcr das Jugendnetzwerk Konz einen Datenschutzbeauftragten bestellt.\u00a0Jede betroffene Person kann sich jederzeit bei allen Fragen und Anregungen zum Datenschutz direkt an unseren Datenschutzbeauftragten wenden.<\/span><\/p>\n<p><span style=\"font-size: 14px;\">Jugendnetzwerk Konz e.V.<\/span><br \/>\n<span style=\"font-size: 14px;\">z. Hd. Datenschutzbeauftragter<\/span><br \/>\n<span style=\"font-size: 14px;\">Olkstra\u00dfe 45<\/span><br \/>\n<span style=\"font-size: 14px;\">54329 Konz<\/span><\/p>\n<p><span style=\"font-size: 14px;\">Telefon: +49 6501 94050<\/span><br \/>\n<span style=\"font-size: 14px;\">E-Mail: <a href=\"mailto:datenschutz@junetko.de\">datenschutz@junetko.de<\/a><\/span><\/p>\n<p><span style=\"font-size: 14px;\"><strong>Datenerfassung auf unseren Webseiten<\/strong><\/span><\/p>\n<p><span style=\"font-size: 14px;\"><u>Cookies<\/u><\/span><\/p>\n<p><span style=\"font-size: 14px;\">Die Internetseiten verwenden teilweise so genannte Cookies. Cookies richten auf Ihrem Rechner keinen Schaden an und enthalten keine Viren. Cookies dienen dazu, unser Angebot nutzerfreundlicher, effektiver und sicherer zu machen. Cookies sind kleine Textdateien, die auf Ihrem Rechner abgelegt werden und die Ihr Browser speichert.<\/span><\/p>\n<p><span style=\"font-size: 14px;\">Die meisten der von uns verwendeten Cookies sind so genannte \u201cSession-Cookies\u201d. Sie werden nach Ende Ihres Besuchs automatisch gel\u00f6scht. Andere Cookies bleiben auf Ihrem Endger\u00e4t gespeichert bis Sie diese l\u00f6schen. Diese Cookies erm\u00f6glichen es uns, Ihren Browser beim n\u00e4chsten Besuch wiederzuerkennen.<\/span><\/p>\n<p><span style=\"font-size: 14px;\">Sie k\u00f6nnen Ihren Browser so einstellen, dass Sie \u00fcber das Setzen von Cookies informiert werden und Cookies nur im Einzelfall erlauben, die Annahme von Cookies f\u00fcr bestimmte F\u00e4lle oder generell ausschlie\u00dfen sowie das automatische L\u00f6schen der Cookies beim Schlie\u00dfen des Browsers aktivieren. Bei der Deaktivierung von Cookies kann die Funktionalit\u00e4t dieser Website eingeschr\u00e4nkt sein.<\/span><\/p>\n<p><span style=\"font-size: 14px;\">Cookies, die zur Durchf\u00fchrung des elektronischen Kommunikationsvorgangs oder zur Bereitstellung bestimmter, von Ihnen erw\u00fcnschter Funktionen (z.B. Warenkorbfunktion) erforderlich sind, werden auf Grundlage von Art. 6 Abs. 1 lit. f DSGVO gespeichert. Der Websitebetreiber hat ein berechtigtes Interesse an der Speicherung von Cookies zur technisch fehlerfreien und optimierten Bereitstellung seiner Dienste. Soweit andere Cookies (z.B. Cookies zur Analyse Ihres Surfverhaltens) gespeichert werden, werden diese in dieser Datenschutzerkl\u00e4rung gesondert behandelt.<\/span><\/p>\n<p><span style=\"font-size: 14px;\"><u>Server-Log-Dateien<\/u><\/span><\/p>\n<p><span style=\"font-size: 14px;\">Der Provider der Seiten erhebt und speichert automatisch Informationen in so genannten Server-Log-Dateien, die Ihr Browser automatisch an uns \u00fcbermittelt. Dies sind:<\/span><\/p>\n<ul>\n<li><span style=\"font-size: 14px;\">Browsertyp und Browserversion<\/span><\/li>\n<li><span style=\"font-size: 14px;\">verwendetes Betriebssystem<\/span><\/li>\n<li><span style=\"font-size: 14px;\">Referier URL<\/span><\/li>\n<li><span style=\"font-size: 14px;\">Hostname des zugreifenden Rechners<\/span><\/li>\n<li><span style=\"font-size: 14px;\">Uhrzeit der Serveranfrage<\/span><\/li>\n<li><span style=\"font-size: 14px;\">IP-Adresse<\/span><\/li>\n<\/ul>\n<p><span style=\"font-size: 14px;\">Eine Zusammenf\u00fchrung dieser Daten mit anderen Datenquellen wird nicht vorgenommen.<\/span><\/p>\n<p><span style=\"font-size: 14px;\">Grundlage f\u00fcr die Datenverarbeitung ist Art. 6 Abs. 1 lit. b DSGVO, der die Verarbeitung von Daten zur Erf\u00fcllung eines Vertrags oder vorvertraglicher Ma\u00dfnahmen gestattet.<\/span><\/p>\n<p><span style=\"font-size: 14px;\"><u>Kontaktformular &amp; Merkliste (Warenkorb)<br \/>\n<\/u><\/span><\/p>\n<p><span style=\"font-size: 14px;\">Wenn Sie uns per Kontaktformular oder per Merksliste Anfragen zukommen lassen, werden Ihre Angaben aus dem Anfrageformular inklusive der von Ihnen dort angegebenen Kontaktdaten zwecks Bearbeitung der Anfrage und f\u00fcr den Fall von Anschlussfragen bei uns gespeichert. Diese Daten geben wir nicht ohne Ihre Einwilligung weiter.<\/span><\/p>\n<p><span style=\"font-size: 14px;\">Die Verarbeitung der im Kontaktformular &amp; Merkliste(Warenkorb) eingegebenen Daten erfolgt somit ausschlie\u00dflich auf Grundlage Ihrer Einwilligung (Art. 6 Abs. 1 lit. a DSGVO). Sie k\u00f6nnen diese Einwilligung jederzeit widerrufen. Dazu reicht eine formlose Mitteilung per E-Mail an uns. Die Rechtm\u00e4\u00dfigkeit der bis zum Widerruf erfolgten Datenverarbeitungsvorg\u00e4nge bleibt vom Widerruf unber\u00fchrt.<\/span><\/p>\n<p><span style=\"font-size: 14px;\">Die von Ihnen im Kontaktformular oder in der Merkliste (Warenkorb) eingegebenen Daten verbleiben bei uns, bis Sie uns zur L\u00f6schung auffordern, Ihre Einwilligung zur Speicherung widerrufen oder der Zweck f\u00fcr die Datenspeicherung entf\u00e4llt. <\/span><\/p>\n<p><span style=\"font-size: 14px;\">Zwingende gesetzliche Bestimmungen \u2013 insbesondere Aufbewahrungsfristen \u2013 bleiben unber\u00fchrt.<\/span><\/p>\n<p><span style=\"font-size: 14px;\"><u>Elektronischer Informationsversand<\/u><\/span><\/p>\n<p><span style=\"font-size: 14px;\">Wir versenden Online-Ver\u00f6ffentlichungen ausschlie\u00dflich an diejenigen, die die Informationen auch angefragt haben. Ob der angegebene Adressat seine Anfrage pers\u00f6nlich gestellt hat oder ob die Anfrage von Dritten gestellt wurde, k\u00f6nnen wir nicht \u00fcberpr\u00fcfen.<\/span><\/p>\n<p><span style=\"font-size: 14px;\"><u>Weitergabe personenbezogener, Informationen an Dritte<\/u><\/span><\/p>\n<p><span style=\"font-size: 14px;\">Wir geben Ihre Daten generell nicht an Dritte weiter. Alle Personen beim Jugendnetzwerk Konz e.V. sind an das Bundesdatenschutzgesetz (BDSG) und nachfolgende gesetzliche Vorschriften gebunden. Nur wenn wir gesetzlich oder per Gerichtsbeschluss dazu verpflichtet werden, werden wir Ihre Daten an auskunftsberechtigte Stellen weitergeben.<\/span><\/p>\n<p><span style=\"font-size: 14px;\"><strong>Analyse Tools und Werbung<\/strong><\/span><\/p>\n<p><span style=\"font-size: 14px;\"><u>Google Analytics<\/u><\/span><\/p>\n<p><span style=\"font-size: 14px;\">Diese Website nutzt Funktionen des Webanalysedienstes Google Analytics. Anbieter ist die Google Inc., 1600 Amphitheatre Parkway, Mountain View, CA 94043, USA.<\/span><\/p>\n<p><span style=\"font-size: 14px;\">Google Analytics verwendet so genannte &#8220;Cookies&#8221;. Das sind Textdateien, die auf Ihrem Computer gespeichert werden und die eine Analyse der Benutzung der Website durch Sie erm\u00f6glichen. Die durch den Cookie erzeugten Informationen \u00fcber Ihre Benutzung dieser Website werden in der Regel an einen Server von Google in den USA \u00fcbertragen und dort gespeichert.<\/span><\/p>\n<p><span style=\"font-size: 14px;\">Die Speicherung von Google-Analytics-Cookies erfolgt auf Grundlage von Art. 6 Abs. 1 lit. f DSGVO. Der Websitebetreiber hat ein berechtigtes Interesse an der Analyse des Nutzerverhaltens, um sowohl sein Webangebot als auch seine Werbung zu optimieren.<\/span><\/p>\n<p><span style=\"font-size: 14px;\"><u>IP Anonymisierung<\/u><\/span><\/p>\n<p><span style=\"font-size: 14px;\">Wir haben auf dieser Website die Funktion IP-Anonymisierung aktiviert. Dadurch wird Ihre IP-Adresse von Google innerhalb von Mitgliedstaaten der Europ\u00e4ischen Union oder in anderen Vertragsstaaten des Abkommens \u00fcber den Europ\u00e4ischen Wirtschaftsraum vor der \u00dcbermittlung in die USA gek\u00fcrzt. Nur in Ausnahmef\u00e4llen wird die volle IP-Adresse an einen Server von Google in den USA \u00fcbertragen und dort gek\u00fcrzt. Im Auftrag des Betreibers dieser Website wird Google diese Informationen benutzen, um Ihre Nutzung der Website auszuwerten, um Reports \u00fcber die Websiteaktivit\u00e4ten zusammenzustellen und um weitere mit der Websitenutzung und der Internetnutzung verbundene Dienstleistungen gegen\u00fcber dem Websitebetreiber zu erbringen. Die im Rahmen von Google Analytics von Ihrem Browser \u00fcbermittelte IP-Adresse wird nicht mit anderen Daten von Google zusammengef\u00fchrt.<\/span><\/p>\n<p><span style=\"font-size: 14px;\"><u>Browser Plugin<\/u><\/span><\/p>\n<p><span style=\"font-size: 14px;\">Sie k\u00f6nnen die Speicherung der Cookies durch eine entsprechende Einstellung Ihrer Browser-Software verhindern; wir weisen Sie jedoch darauf hin, dass Sie in diesem Fall gegebenenfalls nicht s\u00e4mtliche Funktionen dieser Website vollumf\u00e4nglich werden nutzen k\u00f6nnen. Sie k\u00f6nnen dar\u00fcber hinaus die Erfassung der durch den Cookie erzeugten und auf Ihre Nutzung der Website bezogenen Daten (inkl. Ihrer IP-Adresse) an Google sowie die Verarbeitung dieser Daten durch Google verhindern, indem Sie das unter dem folgenden Link verf\u00fcgbare Browser-Plugin herunterladen und installieren:\u00a0<a href=\"https:\/\/tools.google.com\/dlpage\/gaoptout?hl=de\" target=\"_blank\" rel=\"noopener\">https:\/\/tools.google.com\/dlpage\/gaoptout?hl=de<\/a>.<\/span><\/p>\n<p><span style=\"font-size: 14px;\"><u>Widerspruch gegen Datenerfassung<\/u><\/span><\/p>\n<p><span style=\"font-size: 14px;\">Sie k\u00f6nnen die Erfassung Ihrer Daten durch Google Analytics verhindern, indem Sie auf folgenden Link klicken.\u00a0<\/span><\/p>\n<p><span style=\"font-size: 14px;\">Google Analytics deaktivieren<\/span><\/p>\n<p><span style=\"font-size: 14px;\">Dadurch wird ein Opt-Out-Cookie gesetzt, der die Erfassung Ihrer Daten bei zuk\u00fcnftigen Besuchen dieser Website verhindert. Mehr Informationen zum Umgang mit Nutzerdaten bei Google Analytics finden Sie in der Datenschutzerkl\u00e4rung von Google:\u00a0<a href=\"https:\/\/support.google.com\/analytics\/answer\/6004245?hl=de\" target=\"_blank\" rel=\"noopener\">https:\/\/support.google.com\/analytics\/answer\/6004245?hl=de<\/a>.<\/span><\/p>\n<p><span style=\"font-size: 14px;\"><u>Auftragsdatenverarbeitung<\/u><\/span><\/p>\n<p><span style=\"font-size: 14px;\">Wir haben mit Google einen Vertrag zur Auftragsdatenverarbeitung abgeschlossen und setzen die strengen Vorgaben der deutschen Datenschutzbeh\u00f6rden bei der Nutzung von Google Analytics vollst\u00e4ndig um.<\/span><\/p>\n<p><span style=\"font-size: 14px;\"><u>Demografische Merkmale bei Google Analytics<\/u><\/span><\/p>\n<p><span style=\"font-size: 14px;\">Diese Website nutzt die Funktion \u201cdemografische Merkmale\u201d von Google Analytics. Dadurch k\u00f6nnen Berichte erstellt werden, die Aussagen zu Alter, Geschlecht und Interessen der Seitenbesucher enthalten. Diese Daten stammen aus interessenbezogener Werbung von Google sowie aus Besucherdaten von Drittanbietern. Diese Daten k\u00f6nnen keiner bestimmten Person zugeordnet werden. Sie k\u00f6nnen diese Funktion jederzeit \u00fcber die Anzeigeneinstellungen in Ihrem Google-Konto deaktivieren oder die Erfassung Ihrer Daten durch Google Analytics wie im Punkt \u201cWiderspruch gegen Datenerfassung\u201d dargestellt generell untersagen.<\/span><\/p>\n<p><span style=\"font-size: 14px;\"><strong>Plugins und Tools<\/strong><\/span><\/p>\n<p><span style=\"font-size: 14px;\"><u>Der Like-Button von Facebook und unsere Zwei-Klick-L\u00f6sung<\/u><\/span><\/p>\n<p><span style=\"font-size: 14px;\">Damit Sie Inhalte mit Freund(inn)en auf Facebook teilen k\u00f6nnen, verwenden wir den Like-Button von Facebook. Dieser Button erhebt personenbezogene Daten auch dann, wenn Sie weder bei Facebook registriert noch angemeldet sind. Wir wissen nicht, ob, wie und durch wen diese Daten weiterverarbeitet werden und sind daf\u00fcr auch nicht verantwortlich. Daher ist der Button grunds\u00e4tzlich beim Aufruf auf unseren Internetseiten und aller Einzelseiten deaktiviert. Beim \u00dcberfahren mit der Maus erhalten Sie eine Information zur Funktionsweise des Buttons, beim ersten Klick aktivieren Sie ihn, beim zweiten Klick k\u00f6nnen Sie einen Inhalt mit Freund(inn)en bei Facebook teilen. Sie entscheiden selbst, ob Sie den Button aktivieren und damit Facebook personenbezogene Daten \u00fcbermitteln m\u00f6chten oder nicht.<\/span><\/p>\n<p><span style=\"font-size: 14px;\"><u>YouTube<\/u><\/span><\/p>\n<p><span style=\"font-size: 14px;\">Unsere Website nutzt Plugins der von Google betriebenen Seite YouTube. Betreiber der Seiten ist die YouTube, LLC, 901 Cherry Ave., San Bruno, CA 94066, USA. Wenn Sie eine unserer mit einem YouTube-Plugin ausgestatteten Seiten besuchen, wird eine Verbindung zu den Servern von YouTube hergestellt. Dabei wird dem Youtube-Server mitgeteilt, welche unserer Seiten Sie besucht haben.<\/span><\/p>\n<p><span style=\"font-size: 14px;\">Wenn Sie in Ihrem YouTube-Account eingeloggt sind erm\u00f6glichen Sie YouTube, Ihr Surfverhalten direkt Ihrem pers\u00f6nlichen Profil zuzuordnen. Dies k\u00f6nnen Sie verhindern, indem Sie sich aus Ihrem YouTube-Account ausloggen.<\/span><\/p>\n<p><span style=\"font-size: 14px;\">Weitere Informationen zum Umgang von Nutzerdaten finden Sie in der Datenschutzerkl\u00e4rung von YouTube unter: <a href=\"https:\/\/www.google.de\/intl\/de\/policies\/privacy\" target=\"_blank\" rel=\"noopener\">https:\/\/www.google.de\/intl\/de\/policies\/privacy<\/a><\/span><\/p>\n<p><span style=\"font-size: 14px;\"><u>Google Maps<\/u><\/span><\/p>\n<p><span style=\"font-size: 14px;\">Diese Seite nutzt \u00fcber eine API den Kartendienst Google Maps. Anbieter ist die Google Inc., 1600 Amphitheatre Parkway, Mountain View, CA 94043, USA.<\/span><\/p>\n<p><span style=\"font-size: 14px;\">Zur Nutzung der Funktionen von Google Maps ist es notwendig, Ihre IP Adresse zu speichern. Diese Informationen werden in der Regel an einen Server von Google in den USA \u00fcbertragen und dort gespeichert. Der Anbieter dieser Seite hat keinen Einfluss auf diese Daten\u00fcbertragung.<\/span><\/p>\n<p><span style=\"font-size: 14px;\">Die Nutzung von Google Maps erfolgt im Interesse einer ansprechenden Darstellung unserer Online-Angebote und an einer leichten Auffindbarkeit der von uns auf der Website angegebenen Orte. Dies stellt ein berechtigtes Interesse im Sinne von Art. 6 Abs. 1 lit. f DSGVO dar.<\/span><\/p>\n<p><span style=\"font-size: 14px;\">Mehr Informationen zum Umgang mit Nutzerdaten finden Sie in der Datenschutzerkl\u00e4rung von Google:\u00a0<a href=\"https:\/\/www.google.de\/intl\/de\/policies\/privacy\/\" target=\"_blank\" rel=\"noopener\">https:\/\/www.google.de\/intl\/de\/policies\/privacy\/<\/a>.<\/span><\/p>\n<p>&nbsp;<\/p>\n","protected":false},"excerpt":{"rendered":"<p>Datenschutzerkl\u00e4rung Nachfolgend informieren wir Sie dar\u00fcber, wann wir welche Daten speichern und wie wir diese verwenden. Dabei haben wir technische und organisatorische Ma\u00dfnahmen getroffen, die sicherstellen, dass die Vorschriften \u00fcber den Datenschutz beachtet werden. So m\u00f6chten wir Sie an dieser Stelle dar\u00fcber informieren, wie wir Ihre Privatsph\u00e4re sch\u00fctzen, wenn Sie unsere Website besuchen und wenn [&hellip;]<\/p>\n","protected":false},"author":1,"featured_media":0,"parent":0,"menu_order":0,"comment_status":"closed","ping_status":"closed","template":"","meta":{"footnotes":""},"_links":{"self":[{"href":"https:\/\/www.spielmobil-konz.de\/index.php?rest_route=\/wp\/v2\/pages\/2552"}],"collection":[{"href":"https:\/\/www.spielmobil-konz.de\/index.php?rest_route=\/wp\/v2\/pages"}],"about":[{"href":"https:\/\/www.spielmobil-konz.de\/index.php?rest_route=\/wp\/v2\/types\/page"}],"author":[{"embeddable":true,"href":"https:\/\/www.spielmobil-konz.de\/index.php?rest_route=\/wp\/v2\/users\/1"}],"replies":[{"embeddable":true,"href":"https:\/\/www.spielmobil-konz.de\/index.php?rest_route=%2Fwp%2Fv2%2Fcomments&post=2552"}],"version-history":[{"count":6,"href":"https:\/\/www.spielmobil-konz.de\/index.php?rest_route=\/wp\/v2\/pages\/2552\/revisions"}],"predecessor-version":[{"id":2564,"href":"https:\/\/www.spielmobil-konz.de\/index.php?rest_route=\/wp\/v2\/pages\/2552\/revisions\/2564"}],"wp:attachment":[{"href":"https:\/\/www.spielmobil-konz.de\/index.php?rest_route=%2Fwp%2Fv2%2Fmedia&parent=2552"}],"curies":[{"name":"wp","href":"https:\/\/api.w.org\/{rel}","templated":true}]}}