{"id":2519,"date":"2018-03-17T01:30:28","date_gmt":"2018-03-17T00:30:28","guid":{"rendered":"http:\/\/www.spielmobil-konz.de\/?page_id=2519"},"modified":"2018-03-17T01:30:28","modified_gmt":"2018-03-17T00:30:28","slug":"familienfest-in-wadern","status":"publish","type":"page","link":"https:\/\/www.spielmobil-konz.de\/?page_id=2519","title":{"rendered":"Familienfest in Wadern"},"content":{"rendered":"<hr \/>\n<p><img loading=\"lazy\" decoding=\"async\" class=\"alignnone size-full wp-image-2520\" src=\"http:\/\/www.spielmobil-konz.de\/wp-content\/uploads\/2018\/03\/2016_Familienfest-Wadern.jpg\" alt=\"\" width=\"717\" height=\"900\" srcset=\"https:\/\/www.spielmobil-konz.de\/wp-content\/uploads\/2018\/03\/2016_Familienfest-Wadern.jpg 717w, https:\/\/www.spielmobil-konz.de\/wp-content\/uploads\/2018\/03\/2016_Familienfest-Wadern-250x314.jpg 250w, https:\/\/www.spielmobil-konz.de\/wp-content\/uploads\/2018\/03\/2016_Familienfest-Wadern-239x300.jpg 239w, https:\/\/www.spielmobil-konz.de\/wp-content\/uploads\/2018\/03\/2016_Familienfest-Wadern-500x628.jpg 500w\" sizes=\"(max-width: 717px) 100vw, 717px\" \/><\/p>\n<hr \/>\n<div class=\"first intro\"><span class=\"meta\"> Wadern. <\/span> <strong>In ein riesengro\u00dfes Spielparadies soll sich der Waderner Stadtpark am Sonntag, 26. Juni, verwandeln, wenn um 14 Uhr der Startschuss f\u00fcr das Familienfest f\u00e4llt. Die Besucher erwartet ein kostenloses, bunt gemischtes Mitmachprogramm mit allerlei Spiel-, Bastel-, Mal- und Bewegungsangeboten.<\/strong> <span class=\"author\">tth<\/span><\/div>\n<div class=\"main-text\">\n<div id=\"webtrekk_fpw\">\n<p><span style=\"color: #ff0000;\"><strong>Die beliebte &#8220;Rollenbahn&#8221;, eine &#8220;H\u00fcpfburg&#8221;, eine &#8220;Wasserbaustelle&#8221; und noch vieles mehr bringt das Spielmobil Konz mit.<\/strong><\/span> Beim Schr\u00e4gseil der H\u00f6henrettungsgruppe des Landkreises Merzig-Wadern stellen Kletterbegeisterte ihr Geschick unter Beweis. Au\u00dferdem k\u00f6nnen die Kinder ein altes Auto der Central-Garage Wilhelm bemalen und kreativ in der Schminkecke und am Mal- und Basteltisch unterwegs sein. Die Stadtbibliothek hat ebenfalls einen Basteltisch und bietet au\u00dferdem ein &#8220;Lese-Buch-Caf\u00e9&#8221; an. Ehrenamtliche des Magazins &#8220;Wege-Tarek &#8211; Ein deutsch-arabisches Magazin f\u00fcr ein lebendiges Miteinander&#8221; werden das Familienfest gemeinsam mit dem B\u00fcndnis f\u00fcr Fl\u00fcchtlinge Wadern mit einem kultur\u00fcbergreifenden Angebot mit gestalten. Es wird gebastelt, es gibt eine Station mit Geschicklichkeitsspielen und wer m\u00f6chte, kann sich zu syrischen T\u00e4nzen mit bewegen. Die Kindertanzgruppen &#8220;Tanzzwerge&#8221; und &#8220;Kids let&#8217;s dance&#8221; des Zwergenlandes Saar pr\u00e4sentieren gegen 15 Uhr auf der kleinen B\u00fchne ihr K\u00f6nnen. Gegen 16 und 17 Uhr zeigt die Hip Hop-Gruppe &#8220;The Fusion&#8221; was sie t\u00e4nzerisch zu bieten hat.<\/p>\n<p>Trierischer Volksfreund vom 20.06.2016<\/p>\n<p><ins class=\"adsbygoogle\" data-ad-layout=\"in-article\" data-ad-format=\"fluid\" data-ad-client=\"ca-pub-1166270328199025\" data-ad-slot=\"9277086316\"><\/ins><\/div>\n<\/div>\n","protected":false},"excerpt":{"rendered":"<p>Wadern. In ein riesengro\u00dfes Spielparadies soll sich der Waderner Stadtpark am Sonntag, 26. Juni, verwandeln, wenn um 14 Uhr der Startschuss f\u00fcr das Familienfest f\u00e4llt. Die Besucher erwartet ein kostenloses, bunt gemischtes Mitmachprogramm mit allerlei Spiel-, Bastel-, Mal- und Bewegungsangeboten. tth Die beliebte &#8220;Rollenbahn&#8221;, eine &#8220;H\u00fcpfburg&#8221;, eine &#8220;Wasserbaustelle&#8221; und noch vieles mehr bringt das Spielmobil [&hellip;]<\/p>\n","protected":false},"author":4,"featured_media":0,"parent":238,"menu_order":0,"comment_status":"closed","ping_status":"closed","template":"","meta":{"footnotes":""},"_links":{"self":[{"href":"https:\/\/www.spielmobil-konz.de\/index.php?rest_route=\/wp\/v2\/pages\/2519"}],"collection":[{"href":"https:\/\/www.spielmobil-konz.de\/index.php?rest_route=\/wp\/v2\/pages"}],"about":[{"href":"https:\/\/www.spielmobil-konz.de\/index.php?rest_route=\/wp\/v2\/types\/page"}],"author":[{"embeddable":true,"href":"https:\/\/www.spielmobil-konz.de\/index.php?rest_route=\/wp\/v2\/users\/4"}],"replies":[{"embeddable":true,"href":"https:\/\/www.spielmobil-konz.de\/index.php?rest_route=%2Fwp%2Fv2%2Fcomments&post=2519"}],"version-history":[{"count":1,"href":"https:\/\/www.spielmobil-konz.de\/index.php?rest_route=\/wp\/v2\/pages\/2519\/revisions"}],"predecessor-version":[{"id":2521,"href":"https:\/\/www.spielmobil-konz.de\/index.php?rest_route=\/wp\/v2\/pages\/2519\/revisions\/2521"}],"up":[{"embeddable":true,"href":"https:\/\/www.spielmobil-konz.de\/index.php?rest_route=\/wp\/v2\/pages\/238"}],"wp:attachment":[{"href":"https:\/\/www.spielmobil-konz.de\/index.php?rest_route=%2Fwp%2Fv2%2Fmedia&parent=2519"}],"curies":[{"name":"wp","href":"https:\/\/api.w.org\/{rel}","templated":true}]}}