{"id":2510,"date":"2018-03-17T01:02:20","date_gmt":"2018-03-17T00:02:20","guid":{"rendered":"http:\/\/www.spielmobil-konz.de\/?page_id=2510"},"modified":"2018-03-18T00:19:56","modified_gmt":"2018-03-17T23:19:56","slug":"maus-und-elefant-lassen-sich-feiern-2","status":"publish","type":"page","link":"https:\/\/www.spielmobil-konz.de\/?page_id=2510","title":{"rendered":"Maus und Elefant lassen sich feiern"},"content":{"rendered":"<p><strong>(Konz) Das Angebot war riesig, das Wetter spielte mit, und so geriet das Festival zum Weltkindertag am Sonntag in Konz zur Rekordveranstaltung f\u00fcr Gro\u00df und Klein. Attraktionen und Besuchermagnete waren die Maus aus dem Fernsehen und ihre Freunde.<\/strong><\/p>\n<hr \/>\n<p><img loading=\"lazy\" decoding=\"async\" class=\"aligncenter wp-image-1715 size-full\" src=\"http:\/\/www.spielmobil-konz.de\/wp-content\/uploads\/2016\/05\/K_festival2015_01.jpg\" alt=\"\" width=\"628\" height=\"419\" srcset=\"https:\/\/www.spielmobil-konz.de\/wp-content\/uploads\/2016\/05\/K_festival2015_01.jpg 628w, https:\/\/www.spielmobil-konz.de\/wp-content\/uploads\/2016\/05\/K_festival2015_01-250x167.jpg 250w, https:\/\/www.spielmobil-konz.de\/wp-content\/uploads\/2016\/05\/K_festival2015_01-300x200.jpg 300w\" sizes=\"(max-width: 628px) 100vw, 628px\" \/><\/p>\n<hr \/>\n<p>Shawn das Schaf kann das Naschen einfach nicht lassen. Mit riesiger Keksdose \u00fcber dem Kopf kommt die bekannte Figur aus dem Kinderfernsehen auf die B\u00fchne des Konzer Kinderfestivals. Die Maus, der blaue Elefant und auch K\u00e4pt&#8217;n Blaub\u00e4r waren als riesige Figuren die Starg\u00e4ste, die Kinder in ihren Bann zogen. Die staunenden jungen G\u00e4ste standen dicht an dicht vor der B\u00fchne.<\/p>\n<p>&#8220;Wir knacken heute die 10 000-Besucher-Marke&#8221;, ist der Organisator, Dietmar Grundheber vom Jugendnetzwerk Konz (Junetko), sicher. Auf 70 Stationen gab es eine Menge Unterhaltung und noch mehr Information. &#8220;Gerade den Bereich gesunde Ern\u00e4hrung wollen wir in den n\u00e4chsten Jahren noch ausbauen&#8221;, sagt Grundheber. Das sei f\u00fcr die Kinder besonders wichtig.<\/p>\n<p>B\u00fcrgermeister Karl-Heinz Frieden stellte fest: &#8220;Konz tut was f\u00fcr Kinder.&#8221; Wenn alle zusammenarbeiteten, komme solch eine attraktive Veranstaltung mit verkaufsoffenem Sonntag zustande. &#8220;Ganz bewusst haben wir Fl\u00fcchtlingskinder eingeladen. Die geh\u00f6ren in Konz dazu&#8221;, f\u00fcgt das Stadtoberhaupt hinzu.<\/p>\n<p>Jerry Muno war mit seiner Familie aus Nittel zum Kinderfestival gekommen. Eigentlich sollte der Ausflug an einen anderen Ort gehen, doch nun res\u00fcmiert der Familienvater: &#8220;Gut, dass wir hierher gefahren sind, gerade am Weltkindertag.&#8221; Der Vorsitzende der Konzer Doktor-B\u00fcrgerstiftung, Hartmut Schwiering, sagt: &#8220;Hier zeigt Konz sein wahres Gesicht als kinder- und familienfreundliche Stadt.&#8221;<\/p>\n<p>Noch begeisterter ist der Vorsitzende des Konzer Stadtmarketingvereins, Ernst Holbach: &#8220;Das ist bislang der gr\u00f6\u00dfte Erfolg des Kinderfestivals und ein Riesenspa\u00df f\u00fcr Gro\u00df und Klein.&#8221; Das Kinderfestival sei ein Gewinn f\u00fcr Kinder, Familien und Gesch\u00e4fte.<\/p>\n<p>Trierischer Volksfreund vom 21.09.2015<\/p>\n<p>&nbsp;<\/p>\n","protected":false},"excerpt":{"rendered":"<p>(Konz) Das Angebot war riesig, das Wetter spielte mit, und so geriet das Festival zum Weltkindertag am Sonntag in Konz zur Rekordveranstaltung f\u00fcr Gro\u00df und Klein. Attraktionen und Besuchermagnete waren die Maus aus dem Fernsehen und ihre Freunde. Shawn das Schaf kann das Naschen einfach nicht lassen. Mit riesiger Keksdose \u00fcber dem Kopf kommt die [&hellip;]<\/p>\n","protected":false},"author":4,"featured_media":0,"parent":238,"menu_order":0,"comment_status":"closed","ping_status":"closed","template":"","meta":{"footnotes":""},"_links":{"self":[{"href":"https:\/\/www.spielmobil-konz.de\/index.php?rest_route=\/wp\/v2\/pages\/2510"}],"collection":[{"href":"https:\/\/www.spielmobil-konz.de\/index.php?rest_route=\/wp\/v2\/pages"}],"about":[{"href":"https:\/\/www.spielmobil-konz.de\/index.php?rest_route=\/wp\/v2\/types\/page"}],"author":[{"embeddable":true,"href":"https:\/\/www.spielmobil-konz.de\/index.php?rest_route=\/wp\/v2\/users\/4"}],"replies":[{"embeddable":true,"href":"https:\/\/www.spielmobil-konz.de\/index.php?rest_route=%2Fwp%2Fv2%2Fcomments&post=2510"}],"version-history":[{"count":1,"href":"https:\/\/www.spielmobil-konz.de\/index.php?rest_route=\/wp\/v2\/pages\/2510\/revisions"}],"predecessor-version":[{"id":2512,"href":"https:\/\/www.spielmobil-konz.de\/index.php?rest_route=\/wp\/v2\/pages\/2510\/revisions\/2512"}],"up":[{"embeddable":true,"href":"https:\/\/www.spielmobil-konz.de\/index.php?rest_route=\/wp\/v2\/pages\/238"}],"wp:attachment":[{"href":"https:\/\/www.spielmobil-konz.de\/index.php?rest_route=%2Fwp%2Fv2%2Fmedia&parent=2510"}],"curies":[{"name":"wp","href":"https:\/\/api.w.org\/{rel}","templated":true}]}}